{"id":477,"date":"2023-03-01T14:54:40","date_gmt":"2023-03-01T19:54:40","guid":{"rendered":"https:\/\/ceiep-program.com\/fr\/?page_id=477"},"modified":"2026-02-24T08:21:49","modified_gmt":"2026-02-24T13:21:49","slug":"lunion-internationale-des-constructeurs-dascenseurs-uica","status":"publish","type":"page","link":"https:\/\/ceiep-program.com\/fr\/lunion-internationale-des-constructeurs-dascenseurs-uica\/","title":{"rendered":"l\u2019Union Internationale des Constructeurs d\u2019Ascenseurs (UICA) Locales"},"content":{"rendered":"\n<div class=\"wp-block-zp4-masthead alignfull\"><div class=\"masthead\"><div class=\"image-container\"><img loading=\"lazy\" decoding=\"async\" width=\"300\" height=\"200\" src=\"https:\/\/ceiep-program.com\/fr\/wp-content\/uploads\/sites\/2\/2023\/02\/test-image-300x200-1.jpg\" alt=\"\" class=\"wp-image-412\" srcset=\"https:\/\/ceiep-program.com\/fr\/wp-content\/uploads\/sites\/2\/2023\/02\/test-image-300x200-1.jpg 300w, https:\/\/ceiep-program.com\/fr\/wp-content\/uploads\/sites\/2\/2023\/02\/test-image-300x200-1-68x45.jpg 68w\" sizes=\"auto, (max-width: 300px) 100vw, 300px\" \/><\/div><div class=\"content-container\"><h1>l\u2019Union Internationale des Constructeurs d\u2019Ascenseurs (UICA) Locales<\/h1><p class=\"has-large-font-size\"><\/p>\n<div class=\"wp-block-buttons is-content-justification-center is-layout-flex wp-container-core-buttons-is-layout-a89b3969 wp-block-buttons-is-layout-flex\">\n\n\n\n<\/div>\n<\/div><\/div><\/div>\n\n\n\n<p><\/p>\n\n\n\n<p>Veuillez-vous r\u00e9f\u00e9rer \u00e0 votre r\u00e9gion d\u2019int\u00e9r\u00eat ci-dessous et contacter la section locale de l\u2019UICA pour plus d\u2019informations.<\/p>\n\n\n\n<div class=\"wp-block-zp4-accordions\">\n<div class=\"wp-block-zp4-accordion\"><button class=\"accordion-toggle has-large-font-size\" id=\"accordion-header\" aria-expanded=\"false\" data-accordion-header=\"true\"><span class=\"accordion-icon\"><\/span><h2 class=\"accordion-intro\">Alberta<\/h2><\/button><p id=\"accordion-panel\" hidden class=\"accordion-content\"><a href=\"https:\/\/www.iuec122.ca\/\" target=\"_blank\" rel=\"noreferrer noopener\">Edmonton IUEC Local 122<\/a><strong><br><\/strong><br><a href=\"https:\/\/www.iueclocal130.com\/\" target=\"_blank\" rel=\"noreferrer noopener\">Calgary IUEC Local 130<\/a><\/p><\/div>\n\n\n\n<div class=\"wp-block-zp4-accordion\"><button class=\"accordion-toggle has-large-font-size\" id=\"accordion-header\" aria-expanded=\"false\" data-accordion-header=\"true\"><span class=\"accordion-icon\"><\/span><h2 class=\"accordion-intro\">Colombie Britannique<\/h2><\/button><p id=\"accordion-panel\" hidden class=\"accordion-content\"><a href=\"https:\/\/www.iueclocal82.com\/\" target=\"_blank\" rel=\"noreferrer noopener\">Vancouver IUEC Local 82<\/a><\/p><\/div>\n\n\n\n<div class=\"wp-block-zp4-accordion\"><button class=\"accordion-toggle has-large-font-size\" id=\"accordion-header\" aria-expanded=\"false\" data-accordion-header=\"true\"><span class=\"accordion-icon\"><\/span><h2 class=\"accordion-intro\">Manitoba, Saskatchewan<\/h2><\/button><p id=\"accordion-panel\" hidden class=\"accordion-content\"><a href=\"https:\/\/ceiep-program.com\/fr\/winnipeg-uica-locale-102\/\" data-type=\"page\" data-id=\"247\">Winnipeg IUEC Locale 102<\/a><\/p><\/div>\n\n\n\n<div class=\"wp-block-zp4-accordion\"><button class=\"accordion-toggle has-large-font-size\" id=\"accordion-header\" aria-expanded=\"false\" data-accordion-header=\"true\"><span class=\"accordion-icon\"><\/span><h2 class=\"accordion-intro\">Nouveau-Brunswick, Terre-Neuve-et-Labrador et la Nouvelle-\u00c9cosse, \u00cele-du-Prince-\u00c9douard<\/h2><\/button><p id=\"accordion-panel\" hidden class=\"accordion-content\"><a data-type=\"page\" data-id=\"255\" href=\"https:\/\/ceiep-program.com\/fr\/halifax-uica-locale-125-newfoundland-uica-locale-125a\/\">Halifax IUEC Local 125\/Terre-Neuve IUEC Local 125A<\/a><\/p><\/div>\n\n\n\n<div class=\"wp-block-zp4-accordion\"><button class=\"accordion-toggle has-large-font-size\" id=\"accordion-header\" aria-expanded=\"false\" data-accordion-header=\"true\"><span class=\"accordion-icon\"><\/span><h2 class=\"accordion-intro\">Ontario<\/h2><\/button><p id=\"accordion-panel\" hidden class=\"accordion-content\"><strong><a href=\"https:\/\/iuec50.org\/\" target=\"_blank\" rel=\"noreferrer noopener\">Toronto IUEC Local 50<\/a><br><br><a href=\"https:\/\/iuec90.com\/\" target=\"_blank\" rel=\"noreferrer noopener\">Hamilton IUEC Local 90<\/a><br><br><\/strong><a href=\"https:\/\/iuec96.com\/\" target=\"_blank\" rel=\"noreferrer noopener\">Ottawa IUEC Local 96<\/a><\/p><\/div>\n\n\n\n<div class=\"wp-block-zp4-accordion\"><button class=\"accordion-toggle has-large-font-size\" id=\"accordion-header\" aria-expanded=\"false\" data-accordion-header=\"true\"><span class=\"accordion-icon\"><\/span><h2 class=\"accordion-intro\">Qu\u00e9bec<\/h2><\/button><p id=\"accordion-panel\" hidden class=\"accordion-content\"><a href=\"http:\/\/iueclocal89.org\/\" target=\"_blank\" rel=\"noreferrer noopener\">Montreal Union Internationale Des Constructeurs D&rsquo;Ascenseurs Locale 89<\/a><br><br><a data-type=\"page\" data-id=\"261\" href=\"https:\/\/ceiep-program.com\/fr\/quebec-uica-locale-101\/\">Qu\u00e9bec Union Internationale Des Constructeurs D&rsquo;Ascenseurs Locale 101<\/a><\/p><\/div>\n<\/div>\n","protected":false},"excerpt":{"rendered":"<p>Veuillez-vous r\u00e9f\u00e9rer \u00e0 votre r\u00e9gion d\u2019int\u00e9r\u00eat ci-dessous et contacter la section locale de l\u2019UICA pour plus d\u2019informations.<\/p>\n","protected":false},"author":3,"featured_media":0,"parent":0,"menu_order":0,"comment_status":"closed","ping_status":"closed","template":"","meta":{"_acf_changed":false,"footnotes":""},"class_list":["post-477","page","type-page","status-publish","hentry"],"acf":[],"yoast_head":"<!-- This site is optimized with the Yoast SEO plugin v27.4 - https:\/\/yoast.com\/product\/yoast-seo-wordpress\/ -->\n<title>l\u2019Union Internationale des Constructeurs d\u2019Ascenseurs (UICA) Locales - CEIEP - Programme \u00c9ducationnel Canadienne de l\u2019industrie des Ascenseurs<\/title>\n<meta name=\"robots\" content=\"index, follow, max-snippet:-1, max-image-preview:large, max-video-preview:-1\" \/>\n<link rel=\"canonical\" href=\"https:\/\/ceiep-program.com\/fr\/lunion-internationale-des-constructeurs-dascenseurs-uica\/\" \/>\n<meta property=\"og:locale\" content=\"fr_CA\" \/>\n<meta property=\"og:type\" content=\"article\" \/>\n<meta property=\"og:title\" content=\"l\u2019Union Internationale des Constructeurs d\u2019Ascenseurs (UICA) Locales - CEIEP - Programme \u00c9ducationnel Canadienne de l\u2019industrie des Ascenseurs\" \/>\n<meta property=\"og:description\" content=\"Veuillez-vous r\u00e9f\u00e9rer \u00e0 votre r\u00e9gion d\u2019int\u00e9r\u00eat ci-dessous et contacter la section locale de l\u2019UICA pour plus d\u2019informations.\" \/>\n<meta property=\"og:url\" content=\"https:\/\/ceiep-program.com\/fr\/lunion-internationale-des-constructeurs-dascenseurs-uica\/\" \/>\n<meta property=\"og:site_name\" content=\"CEIEP - Programme \u00c9ducationnel Canadienne de l\u2019industrie des Ascenseurs\" \/>\n<meta property=\"article:publisher\" content=\"https:\/\/www.facebook.com\/Ceiepprogram\/\" \/>\n<meta property=\"article:modified_time\" content=\"2026-02-24T13:21:49+00:00\" \/>\n<meta property=\"og:image\" content=\"https:\/\/ceiep-program.com\/fr\/wp-content\/uploads\/sites\/2\/2023\/02\/test-image-300x200-1.jpg\" \/>\n\t<meta property=\"og:image:width\" content=\"300\" \/>\n\t<meta property=\"og:image:height\" content=\"200\" \/>\n\t<meta property=\"og:image:type\" content=\"image\/jpeg\" \/>\n<meta name=\"twitter:card\" content=\"summary_large_image\" \/>\n<meta name=\"twitter:site\" content=\"@CEIEPprogram\" \/>\n<meta name=\"twitter:label1\" content=\"Estimation du temps de lecture\" \/>\n\t<meta name=\"twitter:data1\" content=\"1 minute\" \/>\n<script type=\"application\/ld+json\" class=\"yoast-schema-graph\">{\"@context\":\"https:\\\/\\\/schema.org\",\"@graph\":[{\"@type\":\"WebPage\",\"@id\":\"https:\\\/\\\/ceiep-program.com\\\/fr\\\/lunion-internationale-des-constructeurs-dascenseurs-uica\\\/\",\"url\":\"https:\\\/\\\/ceiep-program.com\\\/fr\\\/lunion-internationale-des-constructeurs-dascenseurs-uica\\\/\",\"name\":\"l\u2019Union Internationale des Constructeurs d\u2019Ascenseurs (UICA) Locales - CEIEP - Programme \u00c9ducationnel Canadienne de l\u2019industrie des Ascenseurs\",\"isPartOf\":{\"@id\":\"https:\\\/\\\/ceiep-program.com\\\/fr\\\/#website\"},\"primaryImageOfPage\":{\"@id\":\"https:\\\/\\\/ceiep-program.com\\\/fr\\\/lunion-internationale-des-constructeurs-dascenseurs-uica\\\/#primaryimage\"},\"image\":{\"@id\":\"https:\\\/\\\/ceiep-program.com\\\/fr\\\/lunion-internationale-des-constructeurs-dascenseurs-uica\\\/#primaryimage\"},\"thumbnailUrl\":\"https:\\\/\\\/ceiep-program.com\\\/fr\\\/wp-content\\\/uploads\\\/sites\\\/2\\\/2023\\\/02\\\/test-image-300x200-1.jpg\",\"datePublished\":\"2023-03-01T19:54:40+00:00\",\"dateModified\":\"2026-02-24T13:21:49+00:00\",\"breadcrumb\":{\"@id\":\"https:\\\/\\\/ceiep-program.com\\\/fr\\\/lunion-internationale-des-constructeurs-dascenseurs-uica\\\/#breadcrumb\"},\"inLanguage\":\"fr-CA\",\"potentialAction\":[{\"@type\":\"ReadAction\",\"target\":[\"https:\\\/\\\/ceiep-program.com\\\/fr\\\/lunion-internationale-des-constructeurs-dascenseurs-uica\\\/\"]}]},{\"@type\":\"ImageObject\",\"inLanguage\":\"fr-CA\",\"@id\":\"https:\\\/\\\/ceiep-program.com\\\/fr\\\/lunion-internationale-des-constructeurs-dascenseurs-uica\\\/#primaryimage\",\"url\":\"https:\\\/\\\/ceiep-program.com\\\/fr\\\/wp-content\\\/uploads\\\/sites\\\/2\\\/2023\\\/02\\\/test-image-300x200-1.jpg\",\"contentUrl\":\"https:\\\/\\\/ceiep-program.com\\\/fr\\\/wp-content\\\/uploads\\\/sites\\\/2\\\/2023\\\/02\\\/test-image-300x200-1.jpg\",\"width\":300,\"height\":200},{\"@type\":\"BreadcrumbList\",\"@id\":\"https:\\\/\\\/ceiep-program.com\\\/fr\\\/lunion-internationale-des-constructeurs-dascenseurs-uica\\\/#breadcrumb\",\"itemListElement\":[{\"@type\":\"ListItem\",\"position\":1,\"name\":\"Home\",\"item\":\"https:\\\/\\\/ceiep-program.com\\\/fr\\\/\"},{\"@type\":\"ListItem\",\"position\":2,\"name\":\"l\u2019Union Internationale des Constructeurs d\u2019Ascenseurs (UICA) Locales\"}]},{\"@type\":\"WebSite\",\"@id\":\"https:\\\/\\\/ceiep-program.com\\\/fr\\\/#website\",\"url\":\"https:\\\/\\\/ceiep-program.com\\\/fr\\\/\",\"name\":\"CEIEP - Programme \u00c9ducationnel Canadienne de l\u2019industrie des Ascenseurs\",\"description\":\"Just another CEIEP Sites site\",\"publisher\":{\"@id\":\"https:\\\/\\\/ceiep-program.com\\\/fr\\\/#organization\"},\"potentialAction\":[{\"@type\":\"SearchAction\",\"target\":{\"@type\":\"EntryPoint\",\"urlTemplate\":\"https:\\\/\\\/ceiep-program.com\\\/fr\\\/?s={search_term_string}\"},\"query-input\":{\"@type\":\"PropertyValueSpecification\",\"valueRequired\":true,\"valueName\":\"search_term_string\"}}],\"inLanguage\":\"fr-CA\"},{\"@type\":\"Organization\",\"@id\":\"https:\\\/\\\/ceiep-program.com\\\/fr\\\/#organization\",\"name\":\"CEIEP - Programme \u00c9ducationnel Canadienne de l\u2019industrie des Ascenseurs\",\"url\":\"https:\\\/\\\/ceiep-program.com\\\/fr\\\/\",\"logo\":{\"@type\":\"ImageObject\",\"inLanguage\":\"fr-CA\",\"@id\":\"https:\\\/\\\/ceiep-program.com\\\/fr\\\/#\\\/schema\\\/logo\\\/image\\\/\",\"url\":\"https:\\\/\\\/ceiep-program.com\\\/fr\\\/wp-content\\\/uploads\\\/sites\\\/2\\\/2023\\\/02\\\/Allegra-Cover-Logo.png\",\"contentUrl\":\"https:\\\/\\\/ceiep-program.com\\\/fr\\\/wp-content\\\/uploads\\\/sites\\\/2\\\/2023\\\/02\\\/Allegra-Cover-Logo.png\",\"width\":267,\"height\":266,\"caption\":\"CEIEP - Programme \u00c9ducationnel Canadienne de l\u2019industrie des Ascenseurs\"},\"image\":{\"@id\":\"https:\\\/\\\/ceiep-program.com\\\/fr\\\/#\\\/schema\\\/logo\\\/image\\\/\"},\"sameAs\":[\"https:\\\/\\\/www.facebook.com\\\/Ceiepprogram\\\/\",\"https:\\\/\\\/x.com\\\/CEIEPprogram\",\"https:\\\/\\\/www.instagram.com\\\/ceiepprogram\\\/\"]}]}<\/script>\n<!-- \/ Yoast SEO plugin. -->","yoast_head_json":{"title":"l\u2019Union Internationale des Constructeurs d\u2019Ascenseurs (UICA) Locales - CEIEP - Programme \u00c9ducationnel Canadienne de l\u2019industrie des Ascenseurs","robots":{"index":"index","follow":"follow","max-snippet":"max-snippet:-1","max-image-preview":"max-image-preview:large","max-video-preview":"max-video-preview:-1"},"canonical":"https:\/\/ceiep-program.com\/fr\/lunion-internationale-des-constructeurs-dascenseurs-uica\/","og_locale":"fr_CA","og_type":"article","og_title":"l\u2019Union Internationale des Constructeurs d\u2019Ascenseurs (UICA) Locales - CEIEP - Programme \u00c9ducationnel Canadienne de l\u2019industrie des Ascenseurs","og_description":"Veuillez-vous r\u00e9f\u00e9rer \u00e0 votre r\u00e9gion d\u2019int\u00e9r\u00eat ci-dessous et contacter la section locale de l\u2019UICA pour plus d\u2019informations.","og_url":"https:\/\/ceiep-program.com\/fr\/lunion-internationale-des-constructeurs-dascenseurs-uica\/","og_site_name":"CEIEP - Programme \u00c9ducationnel Canadienne de l\u2019industrie des Ascenseurs","article_publisher":"https:\/\/www.facebook.com\/Ceiepprogram\/","article_modified_time":"2026-02-24T13:21:49+00:00","og_image":[{"width":300,"height":200,"url":"https:\/\/ceiep-program.com\/fr\/wp-content\/uploads\/sites\/2\/2023\/02\/test-image-300x200-1.jpg","type":"image\/jpeg"}],"twitter_card":"summary_large_image","twitter_site":"@CEIEPprogram","twitter_misc":{"Estimation du temps de lecture":"1 minute"},"schema":{"@context":"https:\/\/schema.org","@graph":[{"@type":"WebPage","@id":"https:\/\/ceiep-program.com\/fr\/lunion-internationale-des-constructeurs-dascenseurs-uica\/","url":"https:\/\/ceiep-program.com\/fr\/lunion-internationale-des-constructeurs-dascenseurs-uica\/","name":"l\u2019Union Internationale des Constructeurs d\u2019Ascenseurs (UICA) Locales - CEIEP - Programme \u00c9ducationnel Canadienne de l\u2019industrie des Ascenseurs","isPartOf":{"@id":"https:\/\/ceiep-program.com\/fr\/#website"},"primaryImageOfPage":{"@id":"https:\/\/ceiep-program.com\/fr\/lunion-internationale-des-constructeurs-dascenseurs-uica\/#primaryimage"},"image":{"@id":"https:\/\/ceiep-program.com\/fr\/lunion-internationale-des-constructeurs-dascenseurs-uica\/#primaryimage"},"thumbnailUrl":"https:\/\/ceiep-program.com\/fr\/wp-content\/uploads\/sites\/2\/2023\/02\/test-image-300x200-1.jpg","datePublished":"2023-03-01T19:54:40+00:00","dateModified":"2026-02-24T13:21:49+00:00","breadcrumb":{"@id":"https:\/\/ceiep-program.com\/fr\/lunion-internationale-des-constructeurs-dascenseurs-uica\/#breadcrumb"},"inLanguage":"fr-CA","potentialAction":[{"@type":"ReadAction","target":["https:\/\/ceiep-program.com\/fr\/lunion-internationale-des-constructeurs-dascenseurs-uica\/"]}]},{"@type":"ImageObject","inLanguage":"fr-CA","@id":"https:\/\/ceiep-program.com\/fr\/lunion-internationale-des-constructeurs-dascenseurs-uica\/#primaryimage","url":"https:\/\/ceiep-program.com\/fr\/wp-content\/uploads\/sites\/2\/2023\/02\/test-image-300x200-1.jpg","contentUrl":"https:\/\/ceiep-program.com\/fr\/wp-content\/uploads\/sites\/2\/2023\/02\/test-image-300x200-1.jpg","width":300,"height":200},{"@type":"BreadcrumbList","@id":"https:\/\/ceiep-program.com\/fr\/lunion-internationale-des-constructeurs-dascenseurs-uica\/#breadcrumb","itemListElement":[{"@type":"ListItem","position":1,"name":"Home","item":"https:\/\/ceiep-program.com\/fr\/"},{"@type":"ListItem","position":2,"name":"l\u2019Union Internationale des Constructeurs d\u2019Ascenseurs (UICA) Locales"}]},{"@type":"WebSite","@id":"https:\/\/ceiep-program.com\/fr\/#website","url":"https:\/\/ceiep-program.com\/fr\/","name":"CEIEP - Programme \u00c9ducationnel Canadienne de l\u2019industrie des Ascenseurs","description":"Just another CEIEP Sites site","publisher":{"@id":"https:\/\/ceiep-program.com\/fr\/#organization"},"potentialAction":[{"@type":"SearchAction","target":{"@type":"EntryPoint","urlTemplate":"https:\/\/ceiep-program.com\/fr\/?s={search_term_string}"},"query-input":{"@type":"PropertyValueSpecification","valueRequired":true,"valueName":"search_term_string"}}],"inLanguage":"fr-CA"},{"@type":"Organization","@id":"https:\/\/ceiep-program.com\/fr\/#organization","name":"CEIEP - Programme \u00c9ducationnel Canadienne de l\u2019industrie des Ascenseurs","url":"https:\/\/ceiep-program.com\/fr\/","logo":{"@type":"ImageObject","inLanguage":"fr-CA","@id":"https:\/\/ceiep-program.com\/fr\/#\/schema\/logo\/image\/","url":"https:\/\/ceiep-program.com\/fr\/wp-content\/uploads\/sites\/2\/2023\/02\/Allegra-Cover-Logo.png","contentUrl":"https:\/\/ceiep-program.com\/fr\/wp-content\/uploads\/sites\/2\/2023\/02\/Allegra-Cover-Logo.png","width":267,"height":266,"caption":"CEIEP - Programme \u00c9ducationnel Canadienne de l\u2019industrie des Ascenseurs"},"image":{"@id":"https:\/\/ceiep-program.com\/fr\/#\/schema\/logo\/image\/"},"sameAs":["https:\/\/www.facebook.com\/Ceiepprogram\/","https:\/\/x.com\/CEIEPprogram","https:\/\/www.instagram.com\/ceiepprogram\/"]}]}},"_links":{"self":[{"href":"https:\/\/ceiep-program.com\/fr\/wp-json\/wp\/v2\/pages\/477","targetHints":{"allow":["GET"]}}],"collection":[{"href":"https:\/\/ceiep-program.com\/fr\/wp-json\/wp\/v2\/pages"}],"about":[{"href":"https:\/\/ceiep-program.com\/fr\/wp-json\/wp\/v2\/types\/page"}],"author":[{"embeddable":true,"href":"https:\/\/ceiep-program.com\/fr\/wp-json\/wp\/v2\/users\/3"}],"replies":[{"embeddable":true,"href":"https:\/\/ceiep-program.com\/fr\/wp-json\/wp\/v2\/comments?post=477"}],"version-history":[{"count":8,"href":"https:\/\/ceiep-program.com\/fr\/wp-json\/wp\/v2\/pages\/477\/revisions"}],"predecessor-version":[{"id":587,"href":"https:\/\/ceiep-program.com\/fr\/wp-json\/wp\/v2\/pages\/477\/revisions\/587"}],"wp:attachment":[{"href":"https:\/\/ceiep-program.com\/fr\/wp-json\/wp\/v2\/media?parent=477"}],"curies":[{"name":"wp","href":"https:\/\/api.w.org\/{rel}","templated":true}]}}