{"id":300,"date":"2023-02-08T14:46:59","date_gmt":"2023-02-08T19:46:59","guid":{"rendered":"https:\/\/ceiep-program.com\/fr\/?page_id=300"},"modified":"2023-03-01T15:49:22","modified_gmt":"2023-03-01T20:49:22","slug":"employeurs","status":"publish","type":"page","link":"https:\/\/ceiep-program.com\/fr\/employeurs\/","title":{"rendered":"Employeurs"},"content":{"rendered":"\n<div class=\"wp-block-zp4-masthead alignfull\"><div class=\"masthead\"><div class=\"image-container\"><img loading=\"lazy\" decoding=\"async\" width=\"1200\" height=\"800\" src=\"https:\/\/ceiep-program.com\/fr\/wp-content\/uploads\/sites\/2\/2022\/09\/home-masthead-1200x800.jpeg\" alt=\"\" class=\"wp-image-12\" srcset=\"https:\/\/ceiep-program.com\/fr\/wp-content\/uploads\/sites\/2\/2022\/09\/home-masthead-1200x800.jpeg 1200w, https:\/\/ceiep-program.com\/fr\/wp-content\/uploads\/sites\/2\/2022\/09\/home-masthead-300x200.jpeg 300w, https:\/\/ceiep-program.com\/fr\/wp-content\/uploads\/sites\/2\/2022\/09\/home-masthead-1024x683.jpeg 1024w, https:\/\/ceiep-program.com\/fr\/wp-content\/uploads\/sites\/2\/2022\/09\/home-masthead-768x512.jpeg 768w, https:\/\/ceiep-program.com\/fr\/wp-content\/uploads\/sites\/2\/2022\/09\/home-masthead-1536x1024.jpeg 1536w, https:\/\/ceiep-program.com\/fr\/wp-content\/uploads\/sites\/2\/2022\/09\/home-masthead-68x45.jpeg 68w, https:\/\/ceiep-program.com\/fr\/wp-content\/uploads\/sites\/2\/2022\/09\/home-masthead.jpeg 1920w\" sizes=\"auto, (max-width: 1200px) 100vw, 1200px\" \/><\/div><div class=\"content-container\"><h1>Employeurs<\/h1><p class=\"has-large-font-size\"><\/p>\n<div class=\"wp-block-buttons is-content-justification-center is-layout-flex wp-container-core-buttons-is-layout-a89b3969 wp-block-buttons-is-layout-flex\">\n\n\n\n<\/div>\n<\/div><\/div><\/div>\n\n\n\n<p><\/p>\n\n\n\n<p>En tant qu\u2019employeur, vous pouvez \u00eatre assur\u00e9 que vos employ\u00e9s, qui sont membres de l\u2019UICA, sont form\u00e9s et certifi\u00e9s par le programme d\u2019apprentissage de base du CEIEP et ont acc\u00e8s \u00e0 des programmes de formation continue obligatoires et facultatifs, qui cr\u00e9ent de la valeur pour votre organisation et vos employ\u00e9s. Chez CEIEP, nous comprenons ce que peuvent \u00eatre les co\u00fbts de formation, et nous prenons notre responsabilit\u00e9 au s\u00e9rieux envers l\u2019\u00e9ducation de la prochaine g\u00e9n\u00e9ration de constructeurs d\u2019ascenseurs, qui aideront avec les co\u00fbts et la productivit\u00e9 en ce qui concerne la formation des employ\u00e9s, afin que vous puissiez diriger vos efforts vers d\u2019autres aspects de votre entreprise. Vous pouvez \u00eatre s\u00fbr que votre main-d\u2019\u0153uvre est form\u00e9e et certifi\u00e9e par un programme \u00e9ducatif de construction d\u2019ascenseurs du qualit\u00e9, tel que reconnu par les provinces qui exigent une formation pour les apprentis ainsi que celles qui exige permis de travail.<\/p>\n\n\n\n<p>Veuillez consulter la liste des employeurs signataires qui b\u00e9n\u00e9ficient du programme CEIEP ci-dessous.<\/p>\n\n\n\n<p>Si vous \u00eates un employeur qui souhaite avoir acc\u00e8s aux programmes d\u2019apprentissage et de formation continue du CEIEP pour vos employ\u00e9s, veuillez communiquer avec la section locale de votre r\u00e9gion <a href=\"https:\/\/ceiep-program.com\/fr\/lunion-internationale-des-constructeurs-dascenseurs-uica\/\">ici<\/a> ou l&rsquo;un organisateurs de l\u2019UICA de votre r\u00e9gion <strong><a data-type=\"page\" data-id=\"448\" href=\"https:\/\/ceiep-program.com\/fr\/?page_id=448\">ici<\/a>.<\/strong><\/p>\n\n\n\n<div class=\"wp-block-zp4-accordions\">\n<div class=\"wp-block-zp4-accordion\"><button class=\"accordion-toggle has-large-font-size\" id=\"accordion-header\" aria-expanded=\"false\" data-accordion-header=\"true\"><span class=\"accordion-icon\"><\/span><h2 class=\"accordion-intro\">Alberta<\/h2><\/button><p id=\"accordion-panel-<strong&gt;<u&gt;Edmonton IUEC Local 122<\/u&gt;<br&gt;<\/strong&gt;<br&gt;ALBERTA ELEVATING DEVICES<br&gt;EDMONTON ELEVATOR SERVICES CORPORATION<br&gt;ICON ELEVATOR INC KONE INC<br&gt;KONE INC.<br&gt;OTIS ELEVATOR CO - N A OPERATIONS<br&gt;RYZURE ELEVATOR INC.<br&gt;SCHINDLER ELEVATOR CORPORATION<br&gt;TK ELEVATOR (CANADA) LIMITED<br&gt;<br&gt;<strong&gt;<u&gt;Calgary IUEC Local 130<\/u&gt;<\/strong&gt;<br&gt;<br&gt;ALBERTA ELEVATING DEVICES<br&gt;CHINOOK ELEVATOR LTD.<br&gt;ELPRO ELEVATORS &amp; LIFTS INC.<br&gt;FUJITEC CANADA INC<br&gt;HAYES ELEVATOR (CALGARY) INC.<br&gt;iRISE ELEVATORS LTD.<br&gt;KONE INC<br&gt;LETHBRIDGE ELEVATOR LTD.<br&gt;MEDICINE HAT ELEVATOR<br&gt;OTIS ELEVATOR CO - N A OPERATIONS<br&gt;R &amp; E ELEVATOR LTD.<br&gt;RYZURE ELEVATOR INC.<br&gt;SCHINDLER ELEVATOR CORPORATION<br&gt;STAMPEDE ELEVATOR INC.<br&gt;TK ELEVATOR (CANADA) LIMITED<br&gt;VINSPEC LTD.\" hidden class=\"accordion-content\"><strong><u>Edmonton IUEC Local 122<\/u><br><\/strong><br>ALBERTA ELEVATING DEVICES<br>EDMONTON ELEVATOR SERVICES CORPORATION<br>ICON ELEVATOR INC KONE INC<br>KONE INC.<br>OTIS ELEVATOR CO &#8211; N A OPERATIONS<br>RYZURE ELEVATOR INC.<br>SCHINDLER ELEVATOR CORPORATION<br>TK ELEVATOR (CANADA) LIMITED<br><br><strong><u>Calgary IUEC Local 130<\/u><\/strong><br><br>ALBERTA ELEVATING DEVICES<br>CHINOOK ELEVATOR LTD.<br>ELPRO ELEVATORS &amp; LIFTS INC.<br>FUJITEC CANADA INC<br>HAYES ELEVATOR (CALGARY) INC.<br>iRISE ELEVATORS LTD.<br>KONE INC<br>LETHBRIDGE ELEVATOR LTD.<br>MEDICINE HAT ELEVATOR<br>OTIS ELEVATOR CO &#8211; N A OPERATIONS<br>R &amp; E ELEVATOR LTD.<br>RYZURE ELEVATOR INC.<br>SCHINDLER ELEVATOR CORPORATION<br>STAMPEDE ELEVATOR INC.<br>TK ELEVATOR (CANADA) LIMITED<br>VINSPEC LTD.<\/p><\/div>\n\n\n\n<div class=\"wp-block-zp4-accordion\"><button class=\"accordion-toggle has-large-font-size\" id=\"accordion-header\" aria-expanded=\"false\" data-accordion-header=\"true\"><span class=\"accordion-icon\"><\/span><h2 class=\"accordion-intro\">Colombie-Britannique<\/h2><\/button><p id=\"accordion-panel-<strong&gt;<u&gt;Vancouver IUEC Local 82<\/u&gt;<\/strong&gt;<br&gt;<br&gt;FUJITEC CANADA INC<br&gt;K ELEVATOR CABS WEST INC.<br&gt;KONE INC.<br&gt;METRO ATTA ELEVATOR LTD.<br&gt;N C WOODWORKING LIMITED<br&gt;NORTH BLUFF DESIGN LTD.<br&gt;OTIS ELEVATOR CO - N A OPERATIONS<br&gt;SCHINDLER ELEVATOR CORPORATION<br&gt;TCI LIFT ELEVATOR AND ESCALATOR LTD.<br&gt;TK ELEVATOR (CANADA) LIMITED<br&gt;UNITED ELEVATOR COMPANY LTD.<br&gt;VISION INTERIOR CONSTRUCTION INC.<br&gt;WEST COAST ELEVATOR SERVICES\" hidden class=\"accordion-content\"><strong><u>Vancouver IUEC Local 82<\/u><\/strong><br><br>FUJITEC CANADA INC<br>K ELEVATOR CABS WEST INC.<br>KONE INC.<br>METRO ATTA ELEVATOR LTD.<br>N C WOODWORKING LIMITED<br>NORTH BLUFF DESIGN LTD.<br>OTIS ELEVATOR CO &#8211; N A OPERATIONS<br>SCHINDLER ELEVATOR CORPORATION<br>TCI LIFT ELEVATOR AND ESCALATOR LTD.<br>TK ELEVATOR (CANADA) LIMITED<br>UNITED ELEVATOR COMPANY LTD.<br>VISION INTERIOR CONSTRUCTION INC.<br>WEST COAST ELEVATOR SERVICES<\/p><\/div>\n\n\n\n<div class=\"wp-block-zp4-accordion\"><button class=\"accordion-toggle has-large-font-size\" id=\"accordion-header\" aria-expanded=\"false\" data-accordion-header=\"true\"><span class=\"accordion-icon\"><\/span><h2 class=\"accordion-intro\">Manitoba, Saskatchewan<\/h2><\/button><p id=\"accordion-panel-<strong&gt;<u&gt;Winnipeg IUEC Local 102<\/u&gt;<\/strong&gt;<br&gt;<br&gt;KONE INC.<br&gt;OTIS ELEVATOR CO - N A OPERATIONS<br&gt;REGINA ELEVATOR CO<br&gt;TK ELEVATOR (CANADA) LIMITED<br&gt;<br&gt;<strong&gt;<u&gt;Saskatchewan IUEC Local 102<\/u&gt;<\/strong&gt;<br&gt;<br&gt;KONE INC.<br&gt;OTIS ELEVATOR CO - N A OPERATIONS<br&gt;TK ELEVATOR (CANADA) LIMITED\" hidden class=\"accordion-content\"><strong><u>Winnipeg IUEC Local 102<\/u><\/strong><br><br>KONE INC.<br>OTIS ELEVATOR CO &#8211; N A OPERATIONS<br>REGINA ELEVATOR CO<br>TK ELEVATOR (CANADA) LIMITED<br><br><strong><u>Saskatchewan IUEC Local 102<\/u><\/strong><br><br>KONE INC.<br>OTIS ELEVATOR CO &#8211; N A OPERATIONS<br>TK ELEVATOR (CANADA) LIMITED<\/p><\/div>\n\n\n\n<div class=\"wp-block-zp4-accordion\"><button class=\"accordion-toggle has-large-font-size\" id=\"accordion-header\" aria-expanded=\"false\" data-accordion-header=\"true\"><span class=\"accordion-icon\"><\/span><h2 class=\"accordion-intro\">Nouveau-Brunswick, Terre-Neuve-et-Labrador et la Nouvelle-\u00c9cosse, \u00cele-du-Prince-\u00c9douard<\/h2><\/button><p id=\"accordion-panel-<strong&gt;<u&gt;Halifax IUEC Local 125<\/u&gt;<\/strong&gt;<br&gt;<br&gt;ATLANTIC ALLIANCE ELEVATORS<br&gt;ELEVATOR INDUSTRY WORK PRESERVATION FUND<br&gt;KONE INC<br&gt;OTIS ELEVATOR CO - N A OPERATIONS<br&gt;SCHINDLER ELEVATOR CORPORATION<br&gt;TK ELEVATOR (CANADA) LIMITED<br&gt;<br&gt;<strong&gt;<u&gt;<strong&gt;Nouveau-Brunswick IUEC Local 125<\/strong&gt;<br&gt;<\/u&gt;<\/strong&gt;<br&gt;KONE INC<br&gt;OTIS ELEVATOR CO - N A OPERATIONS<br&gt;TK ELEVATOR (CANADA) LIMITED<br&gt;<br&gt;<strong&gt;<u&gt;\u00cele-du-Prince-\u00c9douard<strong&gt; IUEC Local 125<\/strong&gt;<\/u&gt;<\/strong&gt;<br&gt;<br&gt;OTIS ELEVATOR CO - N A OPERATIONS<br&gt;TK ELEVATOR (CANADA) LIMITED<br&gt;<br&gt;<strong&gt;<u&gt;Terre-Neuve-et-Labrador IUEC Local 125A<\/u&gt;<\/strong&gt;<br&gt;<br&gt;OTIS ELEVATOR CO - N A OPERATIONS<br&gt;TK ELEVATOR (CANADA) LIMITED\u00a0\" hidden class=\"accordion-content\"><strong><u>Halifax IUEC Local 125<\/u><\/strong><br><br>ATLANTIC ALLIANCE ELEVATORS<br>ELEVATOR INDUSTRY WORK PRESERVATION FUND<br>KONE INC<br>OTIS ELEVATOR CO &#8211; N A OPERATIONS<br>SCHINDLER ELEVATOR CORPORATION<br>TK ELEVATOR (CANADA) LIMITED<br><br><strong><u><strong>Nouveau-Brunswick IUEC Local 125<\/strong><br><\/u><\/strong><br>KONE INC<br>OTIS ELEVATOR CO &#8211; N A OPERATIONS<br>TK ELEVATOR (CANADA) LIMITED<br><br><strong><u>\u00cele-du-Prince-\u00c9douard<strong> IUEC Local 125<\/strong><\/u><\/strong><br><br>OTIS ELEVATOR CO &#8211; N A OPERATIONS<br>TK ELEVATOR (CANADA) LIMITED<br><br><strong><u>Terre-Neuve-et-Labrador IUEC Local 125A<\/u><\/strong><br><br>OTIS ELEVATOR CO &#8211; N A OPERATIONS<br>TK ELEVATOR (CANADA) LIMITED\u00a0<\/p><\/div>\n\n\n\n<div class=\"wp-block-zp4-accordion\"><button class=\"accordion-toggle has-large-font-size\" id=\"accordion-header\" aria-expanded=\"false\" data-accordion-header=\"true\"><span class=\"accordion-icon\"><\/span><h2 class=\"accordion-intro\">Ontario<\/h2><\/button><p id=\"accordion-panel-<strong&gt;<u&gt;Toronto IUEC Local 50<\/u&gt;<\/strong&gt;<br&gt;<br&gt;ATTA ELEVATORS CORP<br&gt;CEE ELEVATOR SERVICE LTD.<br&gt;EHC CANADA INC.<br&gt;FUJITEC CANADA INC.<br&gt;KONE INC.<br&gt;LAKEVIEW ELEVATOR INC<br&gt;LEADING EDGE ESCALATORS INC<br&gt;MONARCH ELEVATOR COMPANY LIMITED<br&gt;NORTEC ELEVATOR CORP<br&gt;OTIS ELEVATOR CO - N A OPERATIONS<br&gt;PACE ELEVATOR INC.<br&gt;PEAK ELEVATOR o\/a 1952859 ONTARIO LIMITED<br&gt;PRECISION ELEVATOR<br&gt;SCHINDLER ELEVATOR CORPORATION<br&gt;SELCO ELEVATOR LIMITED<br&gt;TK ELEVATOR (CANADA) LIMITED<br&gt;<br&gt;<strong&gt;<u&gt;Hamilton IUEC Local 90<\/u&gt;<\/strong&gt;<br&gt;<br&gt;ALCOR ELEVATOR LTD.<br&gt;ATTA ELEVATORS CORP<br&gt;KONE INC.<br&gt;LEADING EDGE ESCALATORS INC.<br&gt;MODERN ELEVATOR INSTALLATIONS INC.<br&gt;OTIS ELEVATOR CO - N A OPERATIONS<br&gt;SCHINDLER ELEVATOR CORPORATION<br&gt;TK ELEVATOR (CANADA) LIMITED<br&gt;<br&gt;<strong&gt;<u&gt;Ottawa IUEC Local 96<\/u&gt;<\/strong&gt;<br&gt;<br&gt;A &amp; A ELEVATOR INC.<br&gt;ATTA ELEVATORS OTTAWA INC.<br&gt;CAPITAL ELEVATOR LTD.<br&gt;ELEVATION ELEVATOR<br&gt;JEMCOR ELEVATING INC.<br&gt;KONE INC. <br&gt;OTIS ELEVATOR CO - N A OPERATIONS<br&gt;REGIONAL ELEVATORS<br&gt;SCHINDLER ELEVATOR CORPORATION<br&gt;SGS ELEVATORS INCORPORATED<br&gt;TK ELEVATOR (CANADA) LIMITED\" hidden class=\"accordion-content\"><strong><u>Toronto IUEC Local 50<\/u><\/strong><br><br>ATTA ELEVATORS CORP<br>CEE ELEVATOR SERVICE LTD.<br>EHC CANADA INC.<br>FUJITEC CANADA INC.<br>KONE INC.<br>LAKEVIEW ELEVATOR INC<br>LEADING EDGE ESCALATORS INC<br>MONARCH ELEVATOR COMPANY LIMITED<br>NORTEC ELEVATOR CORP<br>OTIS ELEVATOR CO &#8211; N A OPERATIONS<br>PACE ELEVATOR INC.<br>PEAK ELEVATOR o\/a 1952859 ONTARIO LIMITED<br>PRECISION ELEVATOR<br>SCHINDLER ELEVATOR CORPORATION<br>SELCO ELEVATOR LIMITED<br>TK ELEVATOR (CANADA) LIMITED<br><br><strong><u>Hamilton IUEC Local 90<\/u><\/strong><br><br>ALCOR ELEVATOR LTD.<br>ATTA ELEVATORS CORP<br>KONE INC.<br>LEADING EDGE ESCALATORS INC.<br>MODERN ELEVATOR INSTALLATIONS INC.<br>OTIS ELEVATOR CO &#8211; N A OPERATIONS<br>SCHINDLER ELEVATOR CORPORATION<br>TK ELEVATOR (CANADA) LIMITED<br><br><strong><u>Ottawa IUEC Local 96<\/u><\/strong><br><br>A &amp; A ELEVATOR INC.<br>ATTA ELEVATORS OTTAWA INC.<br>CAPITAL ELEVATOR LTD.<br>ELEVATION ELEVATOR<br>JEMCOR ELEVATING INC.<br>KONE INC. <br>OTIS ELEVATOR CO &#8211; N A OPERATIONS<br>REGIONAL ELEVATORS<br>SCHINDLER ELEVATOR CORPORATION<br>SGS ELEVATORS INCORPORATED<br>TK ELEVATOR (CANADA) LIMITED<\/p><\/div>\n\n\n\n<div class=\"wp-block-zp4-accordion\"><button class=\"accordion-toggle has-large-font-size\" id=\"accordion-header\" aria-expanded=\"false\" data-accordion-header=\"true\"><span class=\"accordion-icon\"><\/span><h2 class=\"accordion-intro\">Qu\u00e9bec<\/h2><\/button><p id=\"accordion-panel-<strong&gt;Montreal Union Internationale Des Constructeurs D'Ascenseurs Local 89<\/strong&gt;<br&gt;<br&gt;KONE INC.<br&gt;OTIS ELEVATOR CO - N A OPERATIONS<br&gt;SCHINDLER ELEVATOR CORPORATION<br&gt;TK ELEVATOR (CANADA) LIMITED<br&gt;<br&gt;<strong&gt;Qu\u00e9bec Union Internationale Des Constructeurs D'Ascenseurs Local 101<\/strong&gt;<br&gt;<br&gt;ADAPTATION 04 INC.<br&gt;ASCENSEUR QUEBEC INC.<br&gt;ASCENSEUR VERTEC<br&gt;KONE INC.<br&gt;OTIS ELEVATOR CO - N A OPERATIONS<br&gt;SCHINDLER ELEVATOR CORPORATION<br&gt;TK ELEVATOR (CANADA) LIMITED\" hidden class=\"accordion-content\"><strong>Montreal Union Internationale Des Constructeurs D&rsquo;Ascenseurs Local 89<\/strong><br><br>KONE INC.<br>OTIS ELEVATOR CO &#8211; N A OPERATIONS<br>SCHINDLER ELEVATOR CORPORATION<br>TK ELEVATOR (CANADA) LIMITED<br><br><strong>Qu\u00e9bec Union Internationale Des Constructeurs D&rsquo;Ascenseurs Local 101<\/strong><br><br>ADAPTATION 04 INC.<br>ASCENSEUR QUEBEC INC.<br>ASCENSEUR VERTEC<br>KONE INC.<br>OTIS ELEVATOR CO &#8211; N A OPERATIONS<br>SCHINDLER ELEVATOR CORPORATION<br>TK ELEVATOR (CANADA) LIMITED<\/p><\/div>\n<\/div>\n","protected":false},"excerpt":{"rendered":"<p>En tant qu\u2019employeur, vous pouvez \u00eatre assur\u00e9 que vos employ\u00e9s, qui sont membres de l\u2019UICA, sont form\u00e9s et certifi\u00e9s par le programme d\u2019apprentissage de base du CEIEP et ont acc\u00e8s \u00e0 des programmes de formation continue obligatoires et facultatifs, qui cr\u00e9ent de la valeur pour votre organisation et vos employ\u00e9s. Chez CEIEP, nous comprenons ce [&hellip;]<\/p>\n","protected":false},"author":3,"featured_media":0,"parent":0,"menu_order":0,"comment_status":"closed","ping_status":"closed","template":"","meta":{"_acf_changed":false,"footnotes":""},"class_list":["post-300","page","type-page","status-publish","hentry"],"acf":[],"yoast_head":"<!-- This site is optimized with the Yoast SEO plugin v27.5 - https:\/\/yoast.com\/product\/yoast-seo-wordpress\/ -->\n<title>Employeurs - CEIEP - Programme \u00c9ducationnel Canadienne de l\u2019industrie des Ascenseurs<\/title>\n<meta name=\"robots\" content=\"index, follow, max-snippet:-1, max-image-preview:large, max-video-preview:-1\" \/>\n<link rel=\"canonical\" href=\"https:\/\/ceiep-program.com\/fr\/employeurs\/\" \/>\n<meta property=\"og:locale\" content=\"fr_CA\" \/>\n<meta property=\"og:type\" content=\"article\" \/>\n<meta property=\"og:title\" content=\"Employeurs - CEIEP - Programme \u00c9ducationnel Canadienne de l\u2019industrie des Ascenseurs\" \/>\n<meta property=\"og:description\" content=\"En tant qu\u2019employeur, vous pouvez \u00eatre assur\u00e9 que vos employ\u00e9s, qui sont membres de l\u2019UICA, sont form\u00e9s et certifi\u00e9s par le programme d\u2019apprentissage de base du CEIEP et ont acc\u00e8s \u00e0 des programmes de formation continue obligatoires et facultatifs, qui cr\u00e9ent de la valeur pour votre organisation et vos employ\u00e9s. Chez CEIEP, nous comprenons ce [&hellip;]\" \/>\n<meta property=\"og:url\" content=\"https:\/\/ceiep-program.com\/fr\/employeurs\/\" \/>\n<meta property=\"og:site_name\" content=\"CEIEP - Programme \u00c9ducationnel Canadienne de l\u2019industrie des Ascenseurs\" \/>\n<meta property=\"article:publisher\" content=\"https:\/\/www.facebook.com\/Ceiepprogram\/\" \/>\n<meta property=\"article:modified_time\" content=\"2023-03-01T20:49:22+00:00\" \/>\n<meta property=\"og:image\" content=\"https:\/\/ceiep-program.com\/fr\/wp-content\/uploads\/sites\/2\/2022\/09\/home-masthead-1200x800.jpeg\" \/>\n<meta name=\"twitter:card\" content=\"summary_large_image\" \/>\n<meta name=\"twitter:site\" content=\"@CEIEPprogram\" \/>\n<meta name=\"twitter:label1\" content=\"Estimation du temps de lecture\" \/>\n\t<meta name=\"twitter:data1\" content=\"4 minutes\" \/>\n<script type=\"application\/ld+json\" class=\"yoast-schema-graph\">{\"@context\":\"https:\\\/\\\/schema.org\",\"@graph\":[{\"@type\":\"WebPage\",\"@id\":\"https:\\\/\\\/ceiep-program.com\\\/fr\\\/employeurs\\\/\",\"url\":\"https:\\\/\\\/ceiep-program.com\\\/fr\\\/employeurs\\\/\",\"name\":\"Employeurs - CEIEP - Programme \u00c9ducationnel Canadienne de l\u2019industrie des Ascenseurs\",\"isPartOf\":{\"@id\":\"https:\\\/\\\/ceiep-program.com\\\/fr\\\/#website\"},\"primaryImageOfPage\":{\"@id\":\"https:\\\/\\\/ceiep-program.com\\\/fr\\\/employeurs\\\/#primaryimage\"},\"image\":{\"@id\":\"https:\\\/\\\/ceiep-program.com\\\/fr\\\/employeurs\\\/#primaryimage\"},\"thumbnailUrl\":\"https:\\\/\\\/ceiep-program.com\\\/fr\\\/wp-content\\\/uploads\\\/sites\\\/2\\\/2022\\\/09\\\/home-masthead-1200x800.jpeg\",\"datePublished\":\"2023-02-08T19:46:59+00:00\",\"dateModified\":\"2023-03-01T20:49:22+00:00\",\"breadcrumb\":{\"@id\":\"https:\\\/\\\/ceiep-program.com\\\/fr\\\/employeurs\\\/#breadcrumb\"},\"inLanguage\":\"fr-CA\",\"potentialAction\":[{\"@type\":\"ReadAction\",\"target\":[\"https:\\\/\\\/ceiep-program.com\\\/fr\\\/employeurs\\\/\"]}]},{\"@type\":\"ImageObject\",\"inLanguage\":\"fr-CA\",\"@id\":\"https:\\\/\\\/ceiep-program.com\\\/fr\\\/employeurs\\\/#primaryimage\",\"url\":\"https:\\\/\\\/ceiep-program.com\\\/fr\\\/wp-content\\\/uploads\\\/sites\\\/2\\\/2022\\\/09\\\/home-masthead-1200x800.jpeg\",\"contentUrl\":\"https:\\\/\\\/ceiep-program.com\\\/fr\\\/wp-content\\\/uploads\\\/sites\\\/2\\\/2022\\\/09\\\/home-masthead-1200x800.jpeg\"},{\"@type\":\"BreadcrumbList\",\"@id\":\"https:\\\/\\\/ceiep-program.com\\\/fr\\\/employeurs\\\/#breadcrumb\",\"itemListElement\":[{\"@type\":\"ListItem\",\"position\":1,\"name\":\"Home\",\"item\":\"https:\\\/\\\/ceiep-program.com\\\/fr\\\/\"},{\"@type\":\"ListItem\",\"position\":2,\"name\":\"Employeurs\"}]},{\"@type\":\"WebSite\",\"@id\":\"https:\\\/\\\/ceiep-program.com\\\/fr\\\/#website\",\"url\":\"https:\\\/\\\/ceiep-program.com\\\/fr\\\/\",\"name\":\"CEIEP - Programme \u00c9ducationnel Canadienne de l\u2019industrie des Ascenseurs\",\"description\":\"Just another CEIEP Sites site\",\"publisher\":{\"@id\":\"https:\\\/\\\/ceiep-program.com\\\/fr\\\/#organization\"},\"potentialAction\":[{\"@type\":\"SearchAction\",\"target\":{\"@type\":\"EntryPoint\",\"urlTemplate\":\"https:\\\/\\\/ceiep-program.com\\\/fr\\\/?s={search_term_string}\"},\"query-input\":{\"@type\":\"PropertyValueSpecification\",\"valueRequired\":true,\"valueName\":\"search_term_string\"}}],\"inLanguage\":\"fr-CA\"},{\"@type\":\"Organization\",\"@id\":\"https:\\\/\\\/ceiep-program.com\\\/fr\\\/#organization\",\"name\":\"CEIEP - Programme \u00c9ducationnel Canadienne de l\u2019industrie des Ascenseurs\",\"url\":\"https:\\\/\\\/ceiep-program.com\\\/fr\\\/\",\"logo\":{\"@type\":\"ImageObject\",\"inLanguage\":\"fr-CA\",\"@id\":\"https:\\\/\\\/ceiep-program.com\\\/fr\\\/#\\\/schema\\\/logo\\\/image\\\/\",\"url\":\"https:\\\/\\\/ceiep-program.com\\\/fr\\\/wp-content\\\/uploads\\\/sites\\\/2\\\/2023\\\/02\\\/Allegra-Cover-Logo.png\",\"contentUrl\":\"https:\\\/\\\/ceiep-program.com\\\/fr\\\/wp-content\\\/uploads\\\/sites\\\/2\\\/2023\\\/02\\\/Allegra-Cover-Logo.png\",\"width\":267,\"height\":266,\"caption\":\"CEIEP - Programme \u00c9ducationnel Canadienne de l\u2019industrie des Ascenseurs\"},\"image\":{\"@id\":\"https:\\\/\\\/ceiep-program.com\\\/fr\\\/#\\\/schema\\\/logo\\\/image\\\/\"},\"sameAs\":[\"https:\\\/\\\/www.facebook.com\\\/Ceiepprogram\\\/\",\"https:\\\/\\\/x.com\\\/CEIEPprogram\",\"https:\\\/\\\/www.instagram.com\\\/ceiepprogram\\\/\"]}]}<\/script>\n<!-- \/ Yoast SEO plugin. -->","yoast_head_json":{"title":"Employeurs - CEIEP - Programme \u00c9ducationnel Canadienne de l\u2019industrie des Ascenseurs","robots":{"index":"index","follow":"follow","max-snippet":"max-snippet:-1","max-image-preview":"max-image-preview:large","max-video-preview":"max-video-preview:-1"},"canonical":"https:\/\/ceiep-program.com\/fr\/employeurs\/","og_locale":"fr_CA","og_type":"article","og_title":"Employeurs - CEIEP - Programme \u00c9ducationnel Canadienne de l\u2019industrie des Ascenseurs","og_description":"En tant qu\u2019employeur, vous pouvez \u00eatre assur\u00e9 que vos employ\u00e9s, qui sont membres de l\u2019UICA, sont form\u00e9s et certifi\u00e9s par le programme d\u2019apprentissage de base du CEIEP et ont acc\u00e8s \u00e0 des programmes de formation continue obligatoires et facultatifs, qui cr\u00e9ent de la valeur pour votre organisation et vos employ\u00e9s. Chez CEIEP, nous comprenons ce [&hellip;]","og_url":"https:\/\/ceiep-program.com\/fr\/employeurs\/","og_site_name":"CEIEP - Programme \u00c9ducationnel Canadienne de l\u2019industrie des Ascenseurs","article_publisher":"https:\/\/www.facebook.com\/Ceiepprogram\/","article_modified_time":"2023-03-01T20:49:22+00:00","og_image":[{"url":"https:\/\/ceiep-program.com\/fr\/wp-content\/uploads\/sites\/2\/2022\/09\/home-masthead-1200x800.jpeg","type":"","width":"","height":""}],"twitter_card":"summary_large_image","twitter_site":"@CEIEPprogram","twitter_misc":{"Estimation du temps de lecture":"4 minutes"},"schema":{"@context":"https:\/\/schema.org","@graph":[{"@type":"WebPage","@id":"https:\/\/ceiep-program.com\/fr\/employeurs\/","url":"https:\/\/ceiep-program.com\/fr\/employeurs\/","name":"Employeurs - CEIEP - Programme \u00c9ducationnel Canadienne de l\u2019industrie des Ascenseurs","isPartOf":{"@id":"https:\/\/ceiep-program.com\/fr\/#website"},"primaryImageOfPage":{"@id":"https:\/\/ceiep-program.com\/fr\/employeurs\/#primaryimage"},"image":{"@id":"https:\/\/ceiep-program.com\/fr\/employeurs\/#primaryimage"},"thumbnailUrl":"https:\/\/ceiep-program.com\/fr\/wp-content\/uploads\/sites\/2\/2022\/09\/home-masthead-1200x800.jpeg","datePublished":"2023-02-08T19:46:59+00:00","dateModified":"2023-03-01T20:49:22+00:00","breadcrumb":{"@id":"https:\/\/ceiep-program.com\/fr\/employeurs\/#breadcrumb"},"inLanguage":"fr-CA","potentialAction":[{"@type":"ReadAction","target":["https:\/\/ceiep-program.com\/fr\/employeurs\/"]}]},{"@type":"ImageObject","inLanguage":"fr-CA","@id":"https:\/\/ceiep-program.com\/fr\/employeurs\/#primaryimage","url":"https:\/\/ceiep-program.com\/fr\/wp-content\/uploads\/sites\/2\/2022\/09\/home-masthead-1200x800.jpeg","contentUrl":"https:\/\/ceiep-program.com\/fr\/wp-content\/uploads\/sites\/2\/2022\/09\/home-masthead-1200x800.jpeg"},{"@type":"BreadcrumbList","@id":"https:\/\/ceiep-program.com\/fr\/employeurs\/#breadcrumb","itemListElement":[{"@type":"ListItem","position":1,"name":"Home","item":"https:\/\/ceiep-program.com\/fr\/"},{"@type":"ListItem","position":2,"name":"Employeurs"}]},{"@type":"WebSite","@id":"https:\/\/ceiep-program.com\/fr\/#website","url":"https:\/\/ceiep-program.com\/fr\/","name":"CEIEP - Programme \u00c9ducationnel Canadienne de l\u2019industrie des Ascenseurs","description":"Just another CEIEP Sites site","publisher":{"@id":"https:\/\/ceiep-program.com\/fr\/#organization"},"potentialAction":[{"@type":"SearchAction","target":{"@type":"EntryPoint","urlTemplate":"https:\/\/ceiep-program.com\/fr\/?s={search_term_string}"},"query-input":{"@type":"PropertyValueSpecification","valueRequired":true,"valueName":"search_term_string"}}],"inLanguage":"fr-CA"},{"@type":"Organization","@id":"https:\/\/ceiep-program.com\/fr\/#organization","name":"CEIEP - Programme \u00c9ducationnel Canadienne de l\u2019industrie des Ascenseurs","url":"https:\/\/ceiep-program.com\/fr\/","logo":{"@type":"ImageObject","inLanguage":"fr-CA","@id":"https:\/\/ceiep-program.com\/fr\/#\/schema\/logo\/image\/","url":"https:\/\/ceiep-program.com\/fr\/wp-content\/uploads\/sites\/2\/2023\/02\/Allegra-Cover-Logo.png","contentUrl":"https:\/\/ceiep-program.com\/fr\/wp-content\/uploads\/sites\/2\/2023\/02\/Allegra-Cover-Logo.png","width":267,"height":266,"caption":"CEIEP - Programme \u00c9ducationnel Canadienne de l\u2019industrie des Ascenseurs"},"image":{"@id":"https:\/\/ceiep-program.com\/fr\/#\/schema\/logo\/image\/"},"sameAs":["https:\/\/www.facebook.com\/Ceiepprogram\/","https:\/\/x.com\/CEIEPprogram","https:\/\/www.instagram.com\/ceiepprogram\/"]}]}},"_links":{"self":[{"href":"https:\/\/ceiep-program.com\/fr\/wp-json\/wp\/v2\/pages\/300","targetHints":{"allow":["GET"]}}],"collection":[{"href":"https:\/\/ceiep-program.com\/fr\/wp-json\/wp\/v2\/pages"}],"about":[{"href":"https:\/\/ceiep-program.com\/fr\/wp-json\/wp\/v2\/types\/page"}],"author":[{"embeddable":true,"href":"https:\/\/ceiep-program.com\/fr\/wp-json\/wp\/v2\/users\/3"}],"replies":[{"embeddable":true,"href":"https:\/\/ceiep-program.com\/fr\/wp-json\/wp\/v2\/comments?post=300"}],"version-history":[{"count":14,"href":"https:\/\/ceiep-program.com\/fr\/wp-json\/wp\/v2\/pages\/300\/revisions"}],"predecessor-version":[{"id":495,"href":"https:\/\/ceiep-program.com\/fr\/wp-json\/wp\/v2\/pages\/300\/revisions\/495"}],"wp:attachment":[{"href":"https:\/\/ceiep-program.com\/fr\/wp-json\/wp\/v2\/media?parent=300"}],"curies":[{"name":"wp","href":"https:\/\/api.w.org\/{rel}","templated":true}]}}