{"id":261,"date":"2023-02-08T13:38:16","date_gmt":"2023-02-08T18:38:16","guid":{"rendered":"https:\/\/ceiep-program.com\/fr\/?page_id=261"},"modified":"2023-02-08T13:39:22","modified_gmt":"2023-02-08T18:39:22","slug":"quebec-uica-locale-101","status":"publish","type":"page","link":"https:\/\/ceiep-program.com\/fr\/quebec-uica-locale-101\/","title":{"rendered":"Qu\u00e9bec UICA Locale 101"},"content":{"rendered":"\n<div class=\"wp-block-zp4-masthead alignfull\"><div class=\"masthead\"><div class=\"image-container\"><img loading=\"lazy\" decoding=\"async\" width=\"1200\" height=\"800\" src=\"https:\/\/ceiep-program.com\/fr\/wp-content\/uploads\/sites\/2\/2022\/09\/home-masthead-1200x800.jpeg\" alt=\"\" class=\"wp-image-12\" srcset=\"https:\/\/ceiep-program.com\/fr\/wp-content\/uploads\/sites\/2\/2022\/09\/home-masthead-1200x800.jpeg 1200w, https:\/\/ceiep-program.com\/fr\/wp-content\/uploads\/sites\/2\/2022\/09\/home-masthead-300x200.jpeg 300w, https:\/\/ceiep-program.com\/fr\/wp-content\/uploads\/sites\/2\/2022\/09\/home-masthead-1024x683.jpeg 1024w, https:\/\/ceiep-program.com\/fr\/wp-content\/uploads\/sites\/2\/2022\/09\/home-masthead-768x512.jpeg 768w, https:\/\/ceiep-program.com\/fr\/wp-content\/uploads\/sites\/2\/2022\/09\/home-masthead-1536x1024.jpeg 1536w, https:\/\/ceiep-program.com\/fr\/wp-content\/uploads\/sites\/2\/2022\/09\/home-masthead-68x45.jpeg 68w, https:\/\/ceiep-program.com\/fr\/wp-content\/uploads\/sites\/2\/2022\/09\/home-masthead.jpeg 1920w\" sizes=\"auto, (max-width: 1200px) 100vw, 1200px\" \/><\/div><div class=\"content-container\"><h1>Qu\u00e9bec Union Internationale Des Constructeurs D&rsquo;Ascenseurs Locale 101<\/h1><p class=\"has-large-font-size\"><\/p>\n<div class=\"wp-block-buttons is-content-justification-center is-layout-flex wp-container-core-buttons-is-layout-a89b3969 wp-block-buttons-is-layout-flex\">\n\n\n\n<\/div>\n<\/div><\/div><\/div>\n\n\n\n<p><\/p>\n\n\n\n<div class=\"wp-block-zp4-group block-spacing-1 has-gray-light-background-color has-background\"><div class=\"layout-container\">\n<p class=\"has-text-align-center\"><strong>Addresse:&nbsp;<\/strong>1173 Boul Charest Quest., Suite 200, Quebec, QC, G1N 2C9<\/p>\n\n\n\n<p class=\"has-text-align-center\"><strong>Sans Frais<\/strong>:1-866-450-5067<\/p>\n\n\n\n<p class=\"has-text-align-center\"><strong>Num\u00e9ro de T\u00e9l\u00e9phone:<\/strong>&nbsp;418-628-1011<\/p>\n<\/div><\/div>\n","protected":false},"excerpt":{"rendered":"","protected":false},"author":3,"featured_media":0,"parent":0,"menu_order":0,"comment_status":"closed","ping_status":"closed","template":"","meta":{"_acf_changed":false,"footnotes":""},"class_list":["post-261","page","type-page","status-publish","hentry"],"acf":[],"yoast_head":"<!-- This site is optimized with the Yoast SEO plugin v27.4 - https:\/\/yoast.com\/product\/yoast-seo-wordpress\/ -->\n<title>Qu\u00e9bec UICA Locale 101 - CEIEP - Programme \u00c9ducationnel Canadienne de l\u2019industrie des Ascenseurs<\/title>\n<meta name=\"robots\" content=\"index, follow, max-snippet:-1, max-image-preview:large, max-video-preview:-1\" \/>\n<link rel=\"canonical\" href=\"https:\/\/ceiep-program.com\/fr\/quebec-uica-locale-101\/\" \/>\n<meta property=\"og:locale\" content=\"fr_CA\" \/>\n<meta property=\"og:type\" content=\"article\" \/>\n<meta property=\"og:title\" content=\"Qu\u00e9bec UICA Locale 101 - CEIEP - Programme \u00c9ducationnel Canadienne de l\u2019industrie des Ascenseurs\" \/>\n<meta property=\"og:url\" content=\"https:\/\/ceiep-program.com\/fr\/quebec-uica-locale-101\/\" \/>\n<meta property=\"og:site_name\" content=\"CEIEP - Programme \u00c9ducationnel Canadienne de l\u2019industrie des Ascenseurs\" \/>\n<meta property=\"article:publisher\" content=\"https:\/\/www.facebook.com\/Ceiepprogram\/\" \/>\n<meta property=\"article:modified_time\" content=\"2023-02-08T18:39:22+00:00\" \/>\n<meta property=\"og:image\" content=\"https:\/\/ceiep-program.com\/fr\/wp-content\/uploads\/sites\/2\/2022\/09\/home-masthead-1200x800.jpeg\" \/>\n<meta name=\"twitter:card\" content=\"summary_large_image\" \/>\n<meta name=\"twitter:site\" content=\"@CEIEPprogram\" \/>\n<script type=\"application\/ld+json\" class=\"yoast-schema-graph\">{\"@context\":\"https:\\\/\\\/schema.org\",\"@graph\":[{\"@type\":\"WebPage\",\"@id\":\"https:\\\/\\\/ceiep-program.com\\\/fr\\\/quebec-uica-locale-101\\\/\",\"url\":\"https:\\\/\\\/ceiep-program.com\\\/fr\\\/quebec-uica-locale-101\\\/\",\"name\":\"Qu\u00e9bec UICA Locale 101 - CEIEP - Programme \u00c9ducationnel Canadienne de l\u2019industrie des Ascenseurs\",\"isPartOf\":{\"@id\":\"https:\\\/\\\/ceiep-program.com\\\/fr\\\/#website\"},\"primaryImageOfPage\":{\"@id\":\"https:\\\/\\\/ceiep-program.com\\\/fr\\\/quebec-uica-locale-101\\\/#primaryimage\"},\"image\":{\"@id\":\"https:\\\/\\\/ceiep-program.com\\\/fr\\\/quebec-uica-locale-101\\\/#primaryimage\"},\"thumbnailUrl\":\"https:\\\/\\\/ceiep-program.com\\\/fr\\\/wp-content\\\/uploads\\\/sites\\\/2\\\/2022\\\/09\\\/home-masthead-1200x800.jpeg\",\"datePublished\":\"2023-02-08T18:38:16+00:00\",\"dateModified\":\"2023-02-08T18:39:22+00:00\",\"breadcrumb\":{\"@id\":\"https:\\\/\\\/ceiep-program.com\\\/fr\\\/quebec-uica-locale-101\\\/#breadcrumb\"},\"inLanguage\":\"fr-CA\",\"potentialAction\":[{\"@type\":\"ReadAction\",\"target\":[\"https:\\\/\\\/ceiep-program.com\\\/fr\\\/quebec-uica-locale-101\\\/\"]}]},{\"@type\":\"ImageObject\",\"inLanguage\":\"fr-CA\",\"@id\":\"https:\\\/\\\/ceiep-program.com\\\/fr\\\/quebec-uica-locale-101\\\/#primaryimage\",\"url\":\"https:\\\/\\\/ceiep-program.com\\\/fr\\\/wp-content\\\/uploads\\\/sites\\\/2\\\/2022\\\/09\\\/home-masthead-1200x800.jpeg\",\"contentUrl\":\"https:\\\/\\\/ceiep-program.com\\\/fr\\\/wp-content\\\/uploads\\\/sites\\\/2\\\/2022\\\/09\\\/home-masthead-1200x800.jpeg\"},{\"@type\":\"BreadcrumbList\",\"@id\":\"https:\\\/\\\/ceiep-program.com\\\/fr\\\/quebec-uica-locale-101\\\/#breadcrumb\",\"itemListElement\":[{\"@type\":\"ListItem\",\"position\":1,\"name\":\"Home\",\"item\":\"https:\\\/\\\/ceiep-program.com\\\/fr\\\/\"},{\"@type\":\"ListItem\",\"position\":2,\"name\":\"Qu\u00e9bec UICA Locale 101\"}]},{\"@type\":\"WebSite\",\"@id\":\"https:\\\/\\\/ceiep-program.com\\\/fr\\\/#website\",\"url\":\"https:\\\/\\\/ceiep-program.com\\\/fr\\\/\",\"name\":\"CEIEP - Programme \u00c9ducationnel Canadienne de l\u2019industrie des Ascenseurs\",\"description\":\"Just another CEIEP Sites site\",\"publisher\":{\"@id\":\"https:\\\/\\\/ceiep-program.com\\\/fr\\\/#organization\"},\"potentialAction\":[{\"@type\":\"SearchAction\",\"target\":{\"@type\":\"EntryPoint\",\"urlTemplate\":\"https:\\\/\\\/ceiep-program.com\\\/fr\\\/?s={search_term_string}\"},\"query-input\":{\"@type\":\"PropertyValueSpecification\",\"valueRequired\":true,\"valueName\":\"search_term_string\"}}],\"inLanguage\":\"fr-CA\"},{\"@type\":\"Organization\",\"@id\":\"https:\\\/\\\/ceiep-program.com\\\/fr\\\/#organization\",\"name\":\"CEIEP - Programme \u00c9ducationnel Canadienne de l\u2019industrie des Ascenseurs\",\"url\":\"https:\\\/\\\/ceiep-program.com\\\/fr\\\/\",\"logo\":{\"@type\":\"ImageObject\",\"inLanguage\":\"fr-CA\",\"@id\":\"https:\\\/\\\/ceiep-program.com\\\/fr\\\/#\\\/schema\\\/logo\\\/image\\\/\",\"url\":\"https:\\\/\\\/ceiep-program.com\\\/fr\\\/wp-content\\\/uploads\\\/sites\\\/2\\\/2023\\\/02\\\/Allegra-Cover-Logo.png\",\"contentUrl\":\"https:\\\/\\\/ceiep-program.com\\\/fr\\\/wp-content\\\/uploads\\\/sites\\\/2\\\/2023\\\/02\\\/Allegra-Cover-Logo.png\",\"width\":267,\"height\":266,\"caption\":\"CEIEP - Programme \u00c9ducationnel Canadienne de l\u2019industrie des Ascenseurs\"},\"image\":{\"@id\":\"https:\\\/\\\/ceiep-program.com\\\/fr\\\/#\\\/schema\\\/logo\\\/image\\\/\"},\"sameAs\":[\"https:\\\/\\\/www.facebook.com\\\/Ceiepprogram\\\/\",\"https:\\\/\\\/x.com\\\/CEIEPprogram\",\"https:\\\/\\\/www.instagram.com\\\/ceiepprogram\\\/\"]}]}<\/script>\n<!-- \/ Yoast SEO plugin. -->","yoast_head_json":{"title":"Qu\u00e9bec UICA Locale 101 - CEIEP - Programme \u00c9ducationnel Canadienne de l\u2019industrie des Ascenseurs","robots":{"index":"index","follow":"follow","max-snippet":"max-snippet:-1","max-image-preview":"max-image-preview:large","max-video-preview":"max-video-preview:-1"},"canonical":"https:\/\/ceiep-program.com\/fr\/quebec-uica-locale-101\/","og_locale":"fr_CA","og_type":"article","og_title":"Qu\u00e9bec UICA Locale 101 - CEIEP - Programme \u00c9ducationnel Canadienne de l\u2019industrie des Ascenseurs","og_url":"https:\/\/ceiep-program.com\/fr\/quebec-uica-locale-101\/","og_site_name":"CEIEP - Programme \u00c9ducationnel Canadienne de l\u2019industrie des Ascenseurs","article_publisher":"https:\/\/www.facebook.com\/Ceiepprogram\/","article_modified_time":"2023-02-08T18:39:22+00:00","og_image":[{"url":"https:\/\/ceiep-program.com\/fr\/wp-content\/uploads\/sites\/2\/2022\/09\/home-masthead-1200x800.jpeg","type":"","width":"","height":""}],"twitter_card":"summary_large_image","twitter_site":"@CEIEPprogram","schema":{"@context":"https:\/\/schema.org","@graph":[{"@type":"WebPage","@id":"https:\/\/ceiep-program.com\/fr\/quebec-uica-locale-101\/","url":"https:\/\/ceiep-program.com\/fr\/quebec-uica-locale-101\/","name":"Qu\u00e9bec UICA Locale 101 - CEIEP - Programme \u00c9ducationnel Canadienne de l\u2019industrie des Ascenseurs","isPartOf":{"@id":"https:\/\/ceiep-program.com\/fr\/#website"},"primaryImageOfPage":{"@id":"https:\/\/ceiep-program.com\/fr\/quebec-uica-locale-101\/#primaryimage"},"image":{"@id":"https:\/\/ceiep-program.com\/fr\/quebec-uica-locale-101\/#primaryimage"},"thumbnailUrl":"https:\/\/ceiep-program.com\/fr\/wp-content\/uploads\/sites\/2\/2022\/09\/home-masthead-1200x800.jpeg","datePublished":"2023-02-08T18:38:16+00:00","dateModified":"2023-02-08T18:39:22+00:00","breadcrumb":{"@id":"https:\/\/ceiep-program.com\/fr\/quebec-uica-locale-101\/#breadcrumb"},"inLanguage":"fr-CA","potentialAction":[{"@type":"ReadAction","target":["https:\/\/ceiep-program.com\/fr\/quebec-uica-locale-101\/"]}]},{"@type":"ImageObject","inLanguage":"fr-CA","@id":"https:\/\/ceiep-program.com\/fr\/quebec-uica-locale-101\/#primaryimage","url":"https:\/\/ceiep-program.com\/fr\/wp-content\/uploads\/sites\/2\/2022\/09\/home-masthead-1200x800.jpeg","contentUrl":"https:\/\/ceiep-program.com\/fr\/wp-content\/uploads\/sites\/2\/2022\/09\/home-masthead-1200x800.jpeg"},{"@type":"BreadcrumbList","@id":"https:\/\/ceiep-program.com\/fr\/quebec-uica-locale-101\/#breadcrumb","itemListElement":[{"@type":"ListItem","position":1,"name":"Home","item":"https:\/\/ceiep-program.com\/fr\/"},{"@type":"ListItem","position":2,"name":"Qu\u00e9bec UICA Locale 101"}]},{"@type":"WebSite","@id":"https:\/\/ceiep-program.com\/fr\/#website","url":"https:\/\/ceiep-program.com\/fr\/","name":"CEIEP - Programme \u00c9ducationnel Canadienne de l\u2019industrie des Ascenseurs","description":"Just another CEIEP Sites site","publisher":{"@id":"https:\/\/ceiep-program.com\/fr\/#organization"},"potentialAction":[{"@type":"SearchAction","target":{"@type":"EntryPoint","urlTemplate":"https:\/\/ceiep-program.com\/fr\/?s={search_term_string}"},"query-input":{"@type":"PropertyValueSpecification","valueRequired":true,"valueName":"search_term_string"}}],"inLanguage":"fr-CA"},{"@type":"Organization","@id":"https:\/\/ceiep-program.com\/fr\/#organization","name":"CEIEP - Programme \u00c9ducationnel Canadienne de l\u2019industrie des Ascenseurs","url":"https:\/\/ceiep-program.com\/fr\/","logo":{"@type":"ImageObject","inLanguage":"fr-CA","@id":"https:\/\/ceiep-program.com\/fr\/#\/schema\/logo\/image\/","url":"https:\/\/ceiep-program.com\/fr\/wp-content\/uploads\/sites\/2\/2023\/02\/Allegra-Cover-Logo.png","contentUrl":"https:\/\/ceiep-program.com\/fr\/wp-content\/uploads\/sites\/2\/2023\/02\/Allegra-Cover-Logo.png","width":267,"height":266,"caption":"CEIEP - Programme \u00c9ducationnel Canadienne de l\u2019industrie des Ascenseurs"},"image":{"@id":"https:\/\/ceiep-program.com\/fr\/#\/schema\/logo\/image\/"},"sameAs":["https:\/\/www.facebook.com\/Ceiepprogram\/","https:\/\/x.com\/CEIEPprogram","https:\/\/www.instagram.com\/ceiepprogram\/"]}]}},"_links":{"self":[{"href":"https:\/\/ceiep-program.com\/fr\/wp-json\/wp\/v2\/pages\/261","targetHints":{"allow":["GET"]}}],"collection":[{"href":"https:\/\/ceiep-program.com\/fr\/wp-json\/wp\/v2\/pages"}],"about":[{"href":"https:\/\/ceiep-program.com\/fr\/wp-json\/wp\/v2\/types\/page"}],"author":[{"embeddable":true,"href":"https:\/\/ceiep-program.com\/fr\/wp-json\/wp\/v2\/users\/3"}],"replies":[{"embeddable":true,"href":"https:\/\/ceiep-program.com\/fr\/wp-json\/wp\/v2\/comments?post=261"}],"version-history":[{"count":2,"href":"https:\/\/ceiep-program.com\/fr\/wp-json\/wp\/v2\/pages\/261\/revisions"}],"predecessor-version":[{"id":265,"href":"https:\/\/ceiep-program.com\/fr\/wp-json\/wp\/v2\/pages\/261\/revisions\/265"}],"wp:attachment":[{"href":"https:\/\/ceiep-program.com\/fr\/wp-json\/wp\/v2\/media?parent=261"}],"curies":[{"name":"wp","href":"https:\/\/api.w.org\/{rel}","templated":true}]}}