{"id":219,"date":"2023-02-08T11:57:01","date_gmt":"2023-02-08T16:57:01","guid":{"rendered":"https:\/\/ceiep-program.com\/fr\/?page_id=219"},"modified":"2023-02-15T14:45:28","modified_gmt":"2023-02-15T19:45:28","slug":"ce-que-nous-faisons","status":"publish","type":"page","link":"https:\/\/ceiep-program.com\/fr\/ce-que-nous-faisons\/","title":{"rendered":"Ce que nous faisons"},"content":{"rendered":"\n<div class=\"wp-block-zp4-masthead alignfull\"><div class=\"masthead\"><div class=\"image-container\"><img loading=\"lazy\" decoding=\"async\" width=\"1200\" height=\"800\" src=\"https:\/\/ceiep-program.com\/fr\/wp-content\/uploads\/sites\/2\/2022\/09\/home-masthead-1200x800.jpeg\" alt=\"\" class=\"wp-image-12\" srcset=\"https:\/\/ceiep-program.com\/fr\/wp-content\/uploads\/sites\/2\/2022\/09\/home-masthead-1200x800.jpeg 1200w, https:\/\/ceiep-program.com\/fr\/wp-content\/uploads\/sites\/2\/2022\/09\/home-masthead-300x200.jpeg 300w, https:\/\/ceiep-program.com\/fr\/wp-content\/uploads\/sites\/2\/2022\/09\/home-masthead-1024x683.jpeg 1024w, https:\/\/ceiep-program.com\/fr\/wp-content\/uploads\/sites\/2\/2022\/09\/home-masthead-768x512.jpeg 768w, https:\/\/ceiep-program.com\/fr\/wp-content\/uploads\/sites\/2\/2022\/09\/home-masthead-1536x1024.jpeg 1536w, https:\/\/ceiep-program.com\/fr\/wp-content\/uploads\/sites\/2\/2022\/09\/home-masthead-68x45.jpeg 68w, https:\/\/ceiep-program.com\/fr\/wp-content\/uploads\/sites\/2\/2022\/09\/home-masthead.jpeg 1920w\" sizes=\"auto, (max-width: 1200px) 100vw, 1200px\" \/><\/div><div class=\"content-container\"><h1>Ce que nous faisons<\/h1><p class=\"has-large-font-size\"><\/p>\n<div class=\"wp-block-buttons is-content-justification-center is-layout-flex wp-container-core-buttons-is-layout-a89b3969 wp-block-buttons-is-layout-flex\">\n\n\n\n<\/div>\n<\/div><\/div><\/div>\n\n\n\n<p><\/p>\n\n\n\n<p class=\"has-medium-font-size\"><strong>Le CEIEP offre \u00e0 la fois un programme d\u2019apprentissage pour les apprentis constructeurs d\u2019ascenseurs et un programme de formation continue pour les m\u00e9caniciens et m\u00e9caniciennes, qui veulent compl\u00e9menter leurs comp\u00e9tences pour aider \u00e0 cr\u00e9er de la valeur pour eux-m\u00eames et leurs employeurs.<\/strong><\/p>\n\n\n\n<p class=\"has-medium-font-size\">Une fois qu\u2019un apprenti est devenu membre de l\u2019UICA, il s\u2019inscrira au programme d\u2019apprentissage du CEIEP. L\u2019un des principaux avantages d\u2019\u00eatre un apprenti du CEIEP est que vous gardez votre emploi pendant que vous apprenez, dans l\u2019un de nos nombreux centres de formation \u00e0 travers le Canada. Pas besoin de quitter votre emploi et de vous d\u00e9placer, parfois loin de votre famille comme d\u2019autres programmes d\u2019apprentissage dans les m\u00e9tiers, pour plusieurs semaines d\u2019\u00e9tudes.<\/p>\n\n\n\n<p class=\"has-medium-font-size\">Le programme d\u2019apprentissage du CEIEP est compos\u00e9 de quatre niveaux (ann\u00e9es), 25 modules pour un total de 775 heures de formation en classe, ce qui d\u00e9passe toute norme provinciale. La r\u00e9ussite du programme se termine par l\u2019exigence de compl\u00e9ter avec succ\u00e8s l\u2019examen de m\u00e9canicien du CEIEP.<\/p>\n\n\n\n<p class=\"has-medium-font-size\">Nos formateurs sont des m\u00e9caniciens d\u2019ascenseur form\u00e9s et certifi\u00e9s qui utilisent des m\u00e9thodes d\u2019apprentissage th\u00e9oriques et exp\u00e9rientielles. Le CEIEP utilise des laboratoires de pointe tels que la simulation et de nouveaux laboratoires de r\u00e9alit\u00e9 virtuelle. Ces outils pr\u00e9cieux permettent aux apprentis de faire l\u2019exp\u00e9rience de sc\u00e9narios en cours d\u2019emploi sans cons\u00e9quences r\u00e9elles.<\/p>\n\n\n\n<p class=\"has-medium-font-size\">L\u2019ach\u00e8vement de notre programme et l\u2019enregistrement des heures de formation sur le terrain prescrites, permettent aux apprentis de terminer leur apprentissage provincial et de compl\u00e9ter les examens pour l\u2019obtention de permis dans les provinces o\u00f9 un permis est requis pour effectuer des travaux sur un appareil \u00e9l\u00e9vatrice.<\/p>\n\n\n\n<div class=\"wp-block-zp4-cards has-4-columns\">\n<div class=\"wp-block-zp4-card\"><a href=\"https:\/\/ceiep-program.com\/fr\/comment-devenir-apprenti\/\"><img loading=\"lazy\" decoding=\"async\" width=\"68\" height=\"68\" src=\"https:\/\/ceiep-program.com\/fr\/wp-content\/uploads\/sites\/2\/2023\/02\/home-continuing-education-68x68.png\" alt=\"\" class=\"wp-image-410\" srcset=\"https:\/\/ceiep-program.com\/fr\/wp-content\/uploads\/sites\/2\/2023\/02\/home-continuing-education-68x68.png 68w, https:\/\/ceiep-program.com\/fr\/wp-content\/uploads\/sites\/2\/2023\/02\/home-continuing-education.png 74w\" sizes=\"auto, (max-width: 68px) 100vw, 68px\" \/><p>Comment Devenir Apprenti<\/p><\/a><\/div>\n\n\n\n<div class=\"wp-block-zp4-card\"><a href=\"https:\/\/ceiep-program.com\/fr\/apprenti\/\"><img loading=\"lazy\" decoding=\"async\" width=\"68\" height=\"68\" src=\"https:\/\/ceiep-program.com\/fr\/wp-content\/uploads\/sites\/2\/2023\/02\/home-apprenticeship-training-68x68.png\" alt=\"\" class=\"wp-image-411\" srcset=\"https:\/\/ceiep-program.com\/fr\/wp-content\/uploads\/sites\/2\/2023\/02\/home-apprenticeship-training-68x68.png 68w, https:\/\/ceiep-program.com\/fr\/wp-content\/uploads\/sites\/2\/2023\/02\/home-apprenticeship-training.png 74w\" sizes=\"auto, (max-width: 68px) 100vw, 68px\" \/><p>Programme d&rsquo;apprentissage<\/p><\/a><\/div>\n\n\n\n<div class=\"wp-block-zp4-card\"><a href=\"https:\/\/ceiep-program.com\/fr\/continuing-education-fr\/\"><img loading=\"lazy\" decoding=\"async\" width=\"68\" height=\"68\" src=\"https:\/\/ceiep-program.com\/fr\/wp-content\/uploads\/sites\/2\/2023\/02\/home-continuing-education-68x68.png\" alt=\"\" class=\"wp-image-410\" srcset=\"https:\/\/ceiep-program.com\/fr\/wp-content\/uploads\/sites\/2\/2023\/02\/home-continuing-education-68x68.png 68w, https:\/\/ceiep-program.com\/fr\/wp-content\/uploads\/sites\/2\/2023\/02\/home-continuing-education.png 74w\" sizes=\"auto, (max-width: 68px) 100vw, 68px\" \/><p>Formation Continue<\/p><\/a><\/div>\n\n\n\n<div class=\"wp-block-zp4-card\"><a href=\"https:\/\/ceiep-program.com\/fr\/instructeurs\/\"><img loading=\"lazy\" decoding=\"async\" width=\"68\" height=\"68\" src=\"https:\/\/ceiep-program.com\/fr\/wp-content\/uploads\/sites\/2\/2023\/02\/home-instructors-68x68.png\" alt=\"\" class=\"wp-image-409\" srcset=\"https:\/\/ceiep-program.com\/fr\/wp-content\/uploads\/sites\/2\/2023\/02\/home-instructors-68x68.png 68w, https:\/\/ceiep-program.com\/fr\/wp-content\/uploads\/sites\/2\/2023\/02\/home-instructors.png 74w\" sizes=\"auto, (max-width: 68px) 100vw, 68px\" \/><p>Formateurs<\/p><\/a><\/div>\n<\/div>\n","protected":false},"excerpt":{"rendered":"<p>Le CEIEP offre \u00e0 la fois un programme d\u2019apprentissage pour les apprentis constructeurs d\u2019ascenseurs et un programme de formation continue pour les m\u00e9caniciens et m\u00e9caniciennes, qui veulent compl\u00e9menter leurs comp\u00e9tences pour aider \u00e0 cr\u00e9er de la valeur pour eux-m\u00eames et leurs employeurs. Une fois qu\u2019un apprenti est devenu membre de l\u2019UICA, il s\u2019inscrira au programme [&hellip;]<\/p>\n","protected":false},"author":3,"featured_media":0,"parent":0,"menu_order":0,"comment_status":"closed","ping_status":"closed","template":"","meta":{"_acf_changed":false,"footnotes":""},"class_list":["post-219","page","type-page","status-publish","hentry"],"acf":[],"yoast_head":"<!-- This site is optimized with the Yoast SEO plugin v27.3 - https:\/\/yoast.com\/product\/yoast-seo-wordpress\/ -->\n<title>Ce que nous faisons - CEIEP - Programme \u00c9ducationnel Canadienne de l\u2019industrie des Ascenseurs<\/title>\n<meta name=\"robots\" content=\"index, follow, max-snippet:-1, max-image-preview:large, max-video-preview:-1\" \/>\n<link rel=\"canonical\" href=\"https:\/\/ceiep-program.com\/fr\/ce-que-nous-faisons\/\" \/>\n<meta property=\"og:locale\" content=\"fr_CA\" \/>\n<meta property=\"og:type\" content=\"article\" \/>\n<meta property=\"og:title\" content=\"Ce que nous faisons - CEIEP - Programme \u00c9ducationnel Canadienne de l\u2019industrie des Ascenseurs\" \/>\n<meta property=\"og:description\" content=\"Le CEIEP offre \u00e0 la fois un programme d\u2019apprentissage pour les apprentis constructeurs d\u2019ascenseurs et un programme de formation continue pour les m\u00e9caniciens et m\u00e9caniciennes, qui veulent compl\u00e9menter leurs comp\u00e9tences pour aider \u00e0 cr\u00e9er de la valeur pour eux-m\u00eames et leurs employeurs. Une fois qu\u2019un apprenti est devenu membre de l\u2019UICA, il s\u2019inscrira au programme [&hellip;]\" \/>\n<meta property=\"og:url\" content=\"https:\/\/ceiep-program.com\/fr\/ce-que-nous-faisons\/\" \/>\n<meta property=\"og:site_name\" content=\"CEIEP - Programme \u00c9ducationnel Canadienne de l\u2019industrie des Ascenseurs\" \/>\n<meta property=\"article:publisher\" content=\"https:\/\/www.facebook.com\/Ceiepprogram\/\" \/>\n<meta property=\"article:modified_time\" content=\"2023-02-15T19:45:28+00:00\" \/>\n<meta property=\"og:image\" content=\"https:\/\/ceiep-program.com\/fr\/wp-content\/uploads\/sites\/2\/2022\/09\/home-masthead-1200x800.jpeg\" \/>\n<meta name=\"twitter:card\" content=\"summary_large_image\" \/>\n<meta name=\"twitter:site\" content=\"@CEIEPprogram\" \/>\n<meta name=\"twitter:label1\" content=\"Estimation du temps de lecture\" \/>\n\t<meta name=\"twitter:data1\" content=\"2 minutes\" \/>\n<script type=\"application\/ld+json\" class=\"yoast-schema-graph\">{\"@context\":\"https:\\\/\\\/schema.org\",\"@graph\":[{\"@type\":\"WebPage\",\"@id\":\"https:\\\/\\\/ceiep-program.com\\\/fr\\\/ce-que-nous-faisons\\\/\",\"url\":\"https:\\\/\\\/ceiep-program.com\\\/fr\\\/ce-que-nous-faisons\\\/\",\"name\":\"Ce que nous faisons - CEIEP - Programme \u00c9ducationnel Canadienne de l\u2019industrie des Ascenseurs\",\"isPartOf\":{\"@id\":\"https:\\\/\\\/ceiep-program.com\\\/fr\\\/#website\"},\"primaryImageOfPage\":{\"@id\":\"https:\\\/\\\/ceiep-program.com\\\/fr\\\/ce-que-nous-faisons\\\/#primaryimage\"},\"image\":{\"@id\":\"https:\\\/\\\/ceiep-program.com\\\/fr\\\/ce-que-nous-faisons\\\/#primaryimage\"},\"thumbnailUrl\":\"https:\\\/\\\/ceiep-program.com\\\/fr\\\/wp-content\\\/uploads\\\/sites\\\/2\\\/2022\\\/09\\\/home-masthead-1200x800.jpeg\",\"datePublished\":\"2023-02-08T16:57:01+00:00\",\"dateModified\":\"2023-02-15T19:45:28+00:00\",\"breadcrumb\":{\"@id\":\"https:\\\/\\\/ceiep-program.com\\\/fr\\\/ce-que-nous-faisons\\\/#breadcrumb\"},\"inLanguage\":\"fr-CA\",\"potentialAction\":[{\"@type\":\"ReadAction\",\"target\":[\"https:\\\/\\\/ceiep-program.com\\\/fr\\\/ce-que-nous-faisons\\\/\"]}]},{\"@type\":\"ImageObject\",\"inLanguage\":\"fr-CA\",\"@id\":\"https:\\\/\\\/ceiep-program.com\\\/fr\\\/ce-que-nous-faisons\\\/#primaryimage\",\"url\":\"https:\\\/\\\/ceiep-program.com\\\/fr\\\/wp-content\\\/uploads\\\/sites\\\/2\\\/2022\\\/09\\\/home-masthead-1200x800.jpeg\",\"contentUrl\":\"https:\\\/\\\/ceiep-program.com\\\/fr\\\/wp-content\\\/uploads\\\/sites\\\/2\\\/2022\\\/09\\\/home-masthead-1200x800.jpeg\"},{\"@type\":\"BreadcrumbList\",\"@id\":\"https:\\\/\\\/ceiep-program.com\\\/fr\\\/ce-que-nous-faisons\\\/#breadcrumb\",\"itemListElement\":[{\"@type\":\"ListItem\",\"position\":1,\"name\":\"Home\",\"item\":\"https:\\\/\\\/ceiep-program.com\\\/fr\\\/\"},{\"@type\":\"ListItem\",\"position\":2,\"name\":\"Ce que nous faisons\"}]},{\"@type\":\"WebSite\",\"@id\":\"https:\\\/\\\/ceiep-program.com\\\/fr\\\/#website\",\"url\":\"https:\\\/\\\/ceiep-program.com\\\/fr\\\/\",\"name\":\"CEIEP - Programme \u00c9ducationnel Canadienne de l\u2019industrie des Ascenseurs\",\"description\":\"Just another CEIEP Sites site\",\"publisher\":{\"@id\":\"https:\\\/\\\/ceiep-program.com\\\/fr\\\/#organization\"},\"potentialAction\":[{\"@type\":\"SearchAction\",\"target\":{\"@type\":\"EntryPoint\",\"urlTemplate\":\"https:\\\/\\\/ceiep-program.com\\\/fr\\\/?s={search_term_string}\"},\"query-input\":{\"@type\":\"PropertyValueSpecification\",\"valueRequired\":true,\"valueName\":\"search_term_string\"}}],\"inLanguage\":\"fr-CA\"},{\"@type\":\"Organization\",\"@id\":\"https:\\\/\\\/ceiep-program.com\\\/fr\\\/#organization\",\"name\":\"CEIEP - Programme \u00c9ducationnel Canadienne de l\u2019industrie des Ascenseurs\",\"url\":\"https:\\\/\\\/ceiep-program.com\\\/fr\\\/\",\"logo\":{\"@type\":\"ImageObject\",\"inLanguage\":\"fr-CA\",\"@id\":\"https:\\\/\\\/ceiep-program.com\\\/fr\\\/#\\\/schema\\\/logo\\\/image\\\/\",\"url\":\"https:\\\/\\\/ceiep-program.com\\\/fr\\\/wp-content\\\/uploads\\\/sites\\\/2\\\/2023\\\/02\\\/Allegra-Cover-Logo.png\",\"contentUrl\":\"https:\\\/\\\/ceiep-program.com\\\/fr\\\/wp-content\\\/uploads\\\/sites\\\/2\\\/2023\\\/02\\\/Allegra-Cover-Logo.png\",\"width\":267,\"height\":266,\"caption\":\"CEIEP - Programme \u00c9ducationnel Canadienne de l\u2019industrie des Ascenseurs\"},\"image\":{\"@id\":\"https:\\\/\\\/ceiep-program.com\\\/fr\\\/#\\\/schema\\\/logo\\\/image\\\/\"},\"sameAs\":[\"https:\\\/\\\/www.facebook.com\\\/Ceiepprogram\\\/\",\"https:\\\/\\\/x.com\\\/CEIEPprogram\",\"https:\\\/\\\/www.instagram.com\\\/ceiepprogram\\\/\"]}]}<\/script>\n<!-- \/ Yoast SEO plugin. -->","yoast_head_json":{"title":"Ce que nous faisons - CEIEP - Programme \u00c9ducationnel Canadienne de l\u2019industrie des Ascenseurs","robots":{"index":"index","follow":"follow","max-snippet":"max-snippet:-1","max-image-preview":"max-image-preview:large","max-video-preview":"max-video-preview:-1"},"canonical":"https:\/\/ceiep-program.com\/fr\/ce-que-nous-faisons\/","og_locale":"fr_CA","og_type":"article","og_title":"Ce que nous faisons - CEIEP - Programme \u00c9ducationnel Canadienne de l\u2019industrie des Ascenseurs","og_description":"Le CEIEP offre \u00e0 la fois un programme d\u2019apprentissage pour les apprentis constructeurs d\u2019ascenseurs et un programme de formation continue pour les m\u00e9caniciens et m\u00e9caniciennes, qui veulent compl\u00e9menter leurs comp\u00e9tences pour aider \u00e0 cr\u00e9er de la valeur pour eux-m\u00eames et leurs employeurs. Une fois qu\u2019un apprenti est devenu membre de l\u2019UICA, il s\u2019inscrira au programme [&hellip;]","og_url":"https:\/\/ceiep-program.com\/fr\/ce-que-nous-faisons\/","og_site_name":"CEIEP - Programme \u00c9ducationnel Canadienne de l\u2019industrie des Ascenseurs","article_publisher":"https:\/\/www.facebook.com\/Ceiepprogram\/","article_modified_time":"2023-02-15T19:45:28+00:00","og_image":[{"url":"https:\/\/ceiep-program.com\/fr\/wp-content\/uploads\/sites\/2\/2022\/09\/home-masthead-1200x800.jpeg","type":"","width":"","height":""}],"twitter_card":"summary_large_image","twitter_site":"@CEIEPprogram","twitter_misc":{"Estimation du temps de lecture":"2 minutes"},"schema":{"@context":"https:\/\/schema.org","@graph":[{"@type":"WebPage","@id":"https:\/\/ceiep-program.com\/fr\/ce-que-nous-faisons\/","url":"https:\/\/ceiep-program.com\/fr\/ce-que-nous-faisons\/","name":"Ce que nous faisons - CEIEP - Programme \u00c9ducationnel Canadienne de l\u2019industrie des Ascenseurs","isPartOf":{"@id":"https:\/\/ceiep-program.com\/fr\/#website"},"primaryImageOfPage":{"@id":"https:\/\/ceiep-program.com\/fr\/ce-que-nous-faisons\/#primaryimage"},"image":{"@id":"https:\/\/ceiep-program.com\/fr\/ce-que-nous-faisons\/#primaryimage"},"thumbnailUrl":"https:\/\/ceiep-program.com\/fr\/wp-content\/uploads\/sites\/2\/2022\/09\/home-masthead-1200x800.jpeg","datePublished":"2023-02-08T16:57:01+00:00","dateModified":"2023-02-15T19:45:28+00:00","breadcrumb":{"@id":"https:\/\/ceiep-program.com\/fr\/ce-que-nous-faisons\/#breadcrumb"},"inLanguage":"fr-CA","potentialAction":[{"@type":"ReadAction","target":["https:\/\/ceiep-program.com\/fr\/ce-que-nous-faisons\/"]}]},{"@type":"ImageObject","inLanguage":"fr-CA","@id":"https:\/\/ceiep-program.com\/fr\/ce-que-nous-faisons\/#primaryimage","url":"https:\/\/ceiep-program.com\/fr\/wp-content\/uploads\/sites\/2\/2022\/09\/home-masthead-1200x800.jpeg","contentUrl":"https:\/\/ceiep-program.com\/fr\/wp-content\/uploads\/sites\/2\/2022\/09\/home-masthead-1200x800.jpeg"},{"@type":"BreadcrumbList","@id":"https:\/\/ceiep-program.com\/fr\/ce-que-nous-faisons\/#breadcrumb","itemListElement":[{"@type":"ListItem","position":1,"name":"Home","item":"https:\/\/ceiep-program.com\/fr\/"},{"@type":"ListItem","position":2,"name":"Ce que nous faisons"}]},{"@type":"WebSite","@id":"https:\/\/ceiep-program.com\/fr\/#website","url":"https:\/\/ceiep-program.com\/fr\/","name":"CEIEP - Programme \u00c9ducationnel Canadienne de l\u2019industrie des Ascenseurs","description":"Just another CEIEP Sites site","publisher":{"@id":"https:\/\/ceiep-program.com\/fr\/#organization"},"potentialAction":[{"@type":"SearchAction","target":{"@type":"EntryPoint","urlTemplate":"https:\/\/ceiep-program.com\/fr\/?s={search_term_string}"},"query-input":{"@type":"PropertyValueSpecification","valueRequired":true,"valueName":"search_term_string"}}],"inLanguage":"fr-CA"},{"@type":"Organization","@id":"https:\/\/ceiep-program.com\/fr\/#organization","name":"CEIEP - Programme \u00c9ducationnel Canadienne de l\u2019industrie des Ascenseurs","url":"https:\/\/ceiep-program.com\/fr\/","logo":{"@type":"ImageObject","inLanguage":"fr-CA","@id":"https:\/\/ceiep-program.com\/fr\/#\/schema\/logo\/image\/","url":"https:\/\/ceiep-program.com\/fr\/wp-content\/uploads\/sites\/2\/2023\/02\/Allegra-Cover-Logo.png","contentUrl":"https:\/\/ceiep-program.com\/fr\/wp-content\/uploads\/sites\/2\/2023\/02\/Allegra-Cover-Logo.png","width":267,"height":266,"caption":"CEIEP - Programme \u00c9ducationnel Canadienne de l\u2019industrie des Ascenseurs"},"image":{"@id":"https:\/\/ceiep-program.com\/fr\/#\/schema\/logo\/image\/"},"sameAs":["https:\/\/www.facebook.com\/Ceiepprogram\/","https:\/\/x.com\/CEIEPprogram","https:\/\/www.instagram.com\/ceiepprogram\/"]}]}},"_links":{"self":[{"href":"https:\/\/ceiep-program.com\/fr\/wp-json\/wp\/v2\/pages\/219","targetHints":{"allow":["GET"]}}],"collection":[{"href":"https:\/\/ceiep-program.com\/fr\/wp-json\/wp\/v2\/pages"}],"about":[{"href":"https:\/\/ceiep-program.com\/fr\/wp-json\/wp\/v2\/types\/page"}],"author":[{"embeddable":true,"href":"https:\/\/ceiep-program.com\/fr\/wp-json\/wp\/v2\/users\/3"}],"replies":[{"embeddable":true,"href":"https:\/\/ceiep-program.com\/fr\/wp-json\/wp\/v2\/comments?post=219"}],"version-history":[{"count":14,"href":"https:\/\/ceiep-program.com\/fr\/wp-json\/wp\/v2\/pages\/219\/revisions"}],"predecessor-version":[{"id":437,"href":"https:\/\/ceiep-program.com\/fr\/wp-json\/wp\/v2\/pages\/219\/revisions\/437"}],"wp:attachment":[{"href":"https:\/\/ceiep-program.com\/fr\/wp-json\/wp\/v2\/media?parent=219"}],"curies":[{"name":"wp","href":"https:\/\/api.w.org\/{rel}","templated":true}]}}