{"id":2,"date":"2022-09-02T18:32:41","date_gmt":"2022-09-02T22:32:41","guid":{"rendered":"https:\/\/ceiep-program.com\/fr\/?page_id=2"},"modified":"2024-10-09T15:41:17","modified_gmt":"2024-10-09T19:41:17","slug":"sample-page","status":"publish","type":"page","link":"https:\/\/ceiep-program.com\/fr\/","title":{"rendered":"Accueil"},"content":{"rendered":"\n<div class=\"wp-block-zp4-masthead alignfull\"><div class=\"masthead\"><div class=\"image-container\"><img loading=\"lazy\" decoding=\"async\" width=\"1200\" height=\"800\" src=\"https:\/\/ceiep-program.com\/fr\/wp-content\/uploads\/sites\/2\/2022\/09\/home-masthead-1200x800.jpeg\" alt=\"\" class=\"wp-image-12\" srcset=\"https:\/\/ceiep-program.com\/fr\/wp-content\/uploads\/sites\/2\/2022\/09\/home-masthead-1200x800.jpeg 1200w, https:\/\/ceiep-program.com\/fr\/wp-content\/uploads\/sites\/2\/2022\/09\/home-masthead-300x200.jpeg 300w, https:\/\/ceiep-program.com\/fr\/wp-content\/uploads\/sites\/2\/2022\/09\/home-masthead-1024x683.jpeg 1024w, https:\/\/ceiep-program.com\/fr\/wp-content\/uploads\/sites\/2\/2022\/09\/home-masthead-768x512.jpeg 768w, https:\/\/ceiep-program.com\/fr\/wp-content\/uploads\/sites\/2\/2022\/09\/home-masthead-1536x1024.jpeg 1536w, https:\/\/ceiep-program.com\/fr\/wp-content\/uploads\/sites\/2\/2022\/09\/home-masthead-68x45.jpeg 68w, https:\/\/ceiep-program.com\/fr\/wp-content\/uploads\/sites\/2\/2022\/09\/home-masthead.jpeg 1920w\" sizes=\"auto, (max-width: 1200px) 100vw, 1200px\" \/><\/div><div class=\"content-container\"><h1>Bienvenue au Programme \u00c9ducationnel Canadien de l\u2019industrie des Ascenseurs<\/h1><p class=\"has-large-font-size\"><\/p>\n<div class=\"wp-block-buttons is-content-justification-center is-layout-flex wp-container-core-buttons-is-layout-a89b3969 wp-block-buttons-is-layout-flex\">\n<div class=\"wp-block-button has-custom-font-size has-medium-font-size\"><a class=\"wp-block-button__link has-green-medium-background-color has-background wp-element-button\" href=\"https:\/\/ceiep-program.com\/fr\/qui-sommes-nous\/\">Qui sommes-nous<\/a><\/div>\n\n\n\n<div class=\"wp-block-button has-custom-font-size has-medium-font-size\"><a class=\"wp-block-button__link has-green-medium-background-color has-background wp-element-button\" href=\"https:\/\/ceiep-program.com\/fr\/ce-que-nous-faisons\/\">Ce que nous faisons<\/a><\/div>\n\n\n\n<div class=\"wp-block-button has-custom-font-size has-medium-font-size\"><a class=\"wp-block-button__link has-green-medium-background-color has-background wp-element-button\" href=\"https:\/\/ceiep-program.com\/fr\/comment-devenir-apprenti\/\">Comment devenir apprenti<\/a><\/div>\n<\/div>\n<\/div><\/div><\/div>\n\n\n\n<p><\/p>\n\n\n\n<h2 class=\"wp-block-heading has-text-align-center\"><strong>Le CEIEP a d\u00e9velopp\u00e9 un programme d\u2019\u00e9ducation et de formation pour les apprentis, m\u00e9canicien et m\u00e9caniciennes d\u2019ascenseurs au Canada.<\/strong><\/h2>\n\n\n\n<p class=\"has-text-align-center has-medium-font-size\">Le CEIEP offre les cours requis pour un constructeur d\u2019ascenseur qui souhaite passer d\u2019apprenti \u00e0 m\u00e9canicien (compagnon) pour \u00eatre certifi\u00e9 dans l\u2019installation, la r\u00e9paration et l\u2019entretien de toutes les classes d\u2019appareils \u00e9l\u00e9vateurs au Canada.<\/p>\n\n\n\n<div class=\"wp-block-zp4-group alignwide bottom-spacing-1 block-spacing-2\"><div class=\"layout-container\">\n<div class=\"wp-block-zp4-cards has-5-columns\">\n<div class=\"wp-block-zp4-card\"><a href=\"https:\/\/ceiep-program.com\/fr\/apprenti\/\"><img decoding=\"async\" src=\"https:\/\/ceiep-program.com\/wp-content\/uploads\/2022\/08\/home-apprenticeship-training-68x68.png\" alt=\"\" class=\"wp-image-72\"\/><p>Programme d\u2019apprentissage<\/p><\/a><\/div>\n\n\n\n<div class=\"wp-block-zp4-card\"><a href=\"https:\/\/ceiep-program.com\/fr\/continuing-education-fr\/\"><img decoding=\"async\" src=\"https:\/\/ceiep-program.com\/wp-content\/uploads\/2022\/08\/home-continuing-education-68x68.png\" alt=\"\" class=\"wp-image-73\"\/><p>Formation Continue<\/p><\/a><\/div>\n\n\n\n<div class=\"wp-block-zp4-card\"><a href=\"https:\/\/ceiep-program.com\/fr\/instructeurs\/\"><img decoding=\"async\" src=\"https:\/\/ceiep-program.com\/wp-content\/uploads\/2022\/08\/home-instructors-68x68.png\" alt=\"\" class=\"wp-image-74\"\/><p>Formateurs<\/p><\/a><\/div>\n\n\n\n<div class=\"wp-block-zp4-card\"><a href=\"https:\/\/ceiep-program.com\/fr\/lunion-internationale-des-constructeurs-dascenseurs-uica\/\"><img loading=\"lazy\" decoding=\"async\" width=\"68\" height=\"68\" src=\"https:\/\/ceiep-program.com\/fr\/wp-content\/uploads\/sites\/2\/2023\/02\/home-apprenticeship-training-68x68.png\" alt=\"\" class=\"wp-image-411\" srcset=\"https:\/\/ceiep-program.com\/fr\/wp-content\/uploads\/sites\/2\/2023\/02\/home-apprenticeship-training-68x68.png 68w, https:\/\/ceiep-program.com\/fr\/wp-content\/uploads\/sites\/2\/2023\/02\/home-apprenticeship-training.png 74w\" sizes=\"auto, (max-width: 68px) 100vw, 68px\" \/><p>UICA Locales<\/p><\/a><\/div>\n\n\n\n<div class=\"wp-block-zp4-card\"><a href=\"https:\/\/ceiep-program.com\/fr\/employeurs\/\"><img loading=\"lazy\" decoding=\"async\" width=\"68\" height=\"68\" src=\"https:\/\/ceiep-program.com\/fr\/wp-content\/uploads\/sites\/2\/2023\/02\/home-apprenticeship-training-68x68.png\" alt=\"\" class=\"wp-image-411\" srcset=\"https:\/\/ceiep-program.com\/fr\/wp-content\/uploads\/sites\/2\/2023\/02\/home-apprenticeship-training-68x68.png 68w, https:\/\/ceiep-program.com\/fr\/wp-content\/uploads\/sites\/2\/2023\/02\/home-apprenticeship-training.png 74w\" sizes=\"auto, (max-width: 68px) 100vw, 68px\" \/><p>Employeurs<\/p><\/a><\/div>\n<\/div>\n<\/div><\/div>\n\n\n\n<div class=\"wp-block-zp4-group alignwide top-spacing-2 bottom-spacing-3 block-spacing-1 has-gray-light-background-color has-background\"><div class=\"layout-container\">\n<h2 class=\"wp-block-heading has-text-align-center\">Derni\u00e8res nouvelles et \u00e9v\u00e9nements<\/h2>\n\n\n\n<figure class=\"wp-block-embed is-type-video is-provider-youtube wp-block-embed-youtube wp-embed-aspect-16-9 wp-has-aspect-ratio\"><div class=\"wp-block-embed__wrapper\">\n<iframe loading=\"lazy\" title=\"The Future of Elevator Education in Canada: Introducing CEIEP\" width=\"500\" height=\"281\" src=\"https:\/\/www.youtube.com\/embed\/hpOHRufLnQM?feature=oembed\" frameborder=\"0\" allow=\"accelerometer; autoplay; clipboard-write; encrypted-media; gyroscope; picture-in-picture; web-share\" referrerpolicy=\"strict-origin-when-cross-origin\" allowfullscreen><\/iframe>\n<\/div><\/figure>\n\n\n\n<figure class=\"wp-block-embed is-type-video is-provider-youtube wp-block-embed-youtube wp-embed-aspect-16-9 wp-has-aspect-ratio\"><div class=\"wp-block-embed__wrapper\">\n<iframe loading=\"lazy\" title=\"Canadian Elevator Industry Educational Program (CEIEP) - Virtual Reality Safety Initiative (2024)\" width=\"500\" height=\"281\" src=\"https:\/\/www.youtube.com\/embed\/2pv9BfSt9ek?feature=oembed\" frameborder=\"0\" allow=\"accelerometer; autoplay; clipboard-write; encrypted-media; gyroscope; picture-in-picture; web-share\" referrerpolicy=\"strict-origin-when-cross-origin\" allowfullscreen><\/iframe>\n<\/div><\/figure>\n\n\n<ul class=\"wp-block-zp4-latest-posts\"><li><img loading=\"lazy\" decoding=\"async\" width=\"420\" height=\"210\" src=\"https:\/\/ceiep-program.com\/fr\/wp-content\/uploads\/sites\/2\/2024\/10\/Brain_elevator-420x210.png\" class=\"attachment-post_card size-post_card wp-post-image\" alt=\"\" \/><h3><a href=\"https:\/\/ceiep-program.com\/fr\/2025\/10\/14\/journee-mondiale-de-la-sante-mentale-2025\/\">Journ\u00e9e mondiale de la sant\u00e9 mentale 2025<\/a><\/h3><div class=\"meta-container\"><time datetime=\"2025-10-14T08:10:29-04:00\"><span class=\"sr-only\">Date de publication: <\/span>14 octobre 2025<\/time><div class=\"badge\"><span class=\"sr-only\">Cat\u00e9gorie: <\/span>Nouvelles<\/div><\/div><\/li><li><img loading=\"lazy\" decoding=\"async\" width=\"420\" height=\"210\" src=\"https:\/\/ceiep-program.com\/fr\/wp-content\/uploads\/sites\/2\/2025\/10\/Safety-Award-2025-420x210.png\" class=\"attachment-post_card size-post_card wp-post-image\" alt=\"\" \/><h3><a href=\"https:\/\/ceiep-program.com\/fr\/2025\/10\/03\/prix-de-la-securite-2025\/\">Prix de la s\u00e9curit\u00e9 2025 \u00a0<\/a><\/h3><div class=\"meta-container\"><time datetime=\"2025-10-03T12:55:38-04:00\"><span class=\"sr-only\">Date de publication: <\/span>3 octobre 2025<\/time><div class=\"badge\"><span class=\"sr-only\">Cat\u00e9gorie: <\/span>Nouvelles<\/div><\/div><\/li><li><img loading=\"lazy\" decoding=\"async\" width=\"300\" height=\"200\" src=\"https:\/\/ceiep-program.com\/fr\/wp-content\/uploads\/sites\/2\/2023\/02\/test-image-300x200-1.jpg\" class=\"attachment-post_card size-post_card wp-post-image\" alt=\"\" srcset=\"https:\/\/ceiep-program.com\/fr\/wp-content\/uploads\/sites\/2\/2023\/02\/test-image-300x200-1.jpg 300w, https:\/\/ceiep-program.com\/fr\/wp-content\/uploads\/sites\/2\/2023\/02\/test-image-300x200-1-68x45.jpg 68w\" sizes=\"auto, (max-width: 300px) 100vw, 300px\" \/><h3><a href=\"https:\/\/ceiep-program.com\/fr\/2025\/04\/25\/sensibilisation-a-la-securite-de-luica-2025\/\">Sensibilisation \u00e0 la s\u00e9curit\u00e9 de l\u2019UICA 2025<\/a><\/h3><div class=\"meta-container\"><time datetime=\"2025-04-25T13:00:00-04:00\"><span class=\"sr-only\">Date de publication: <\/span>25 avril 2025<\/time><div class=\"badge\"><span class=\"sr-only\">Cat\u00e9gorie: <\/span>Nouvelles<\/div><\/div><\/li><li><img loading=\"lazy\" decoding=\"async\" width=\"420\" height=\"210\" src=\"https:\/\/ceiep-program.com\/fr\/wp-content\/uploads\/sites\/2\/2024\/10\/Brain_elevator-420x210.png\" class=\"attachment-post_card size-post_card wp-post-image\" alt=\"\" \/><h3><a href=\"https:\/\/ceiep-program.com\/fr\/2024\/10\/09\/journee-mondiale-de-la-sante-mentale\/\">Journ\u00e9e mondiale de la sant\u00e9 mentale<\/a><\/h3><div class=\"meta-container\"><time datetime=\"2024-10-09T15:38:43-04:00\"><span class=\"sr-only\">Date de publication: <\/span>9 octobre 2024<\/time><div class=\"badge\"><span class=\"sr-only\">Cat\u00e9gorie: <\/span>Nouvelles<\/div><\/div><\/li><li><img loading=\"lazy\" decoding=\"async\" width=\"300\" height=\"200\" src=\"https:\/\/ceiep-program.com\/fr\/wp-content\/uploads\/sites\/2\/2023\/02\/test-image-300x200-1.jpg\" class=\"attachment-post_card size-post_card wp-post-image\" alt=\"\" srcset=\"https:\/\/ceiep-program.com\/fr\/wp-content\/uploads\/sites\/2\/2023\/02\/test-image-300x200-1.jpg 300w, https:\/\/ceiep-program.com\/fr\/wp-content\/uploads\/sites\/2\/2023\/02\/test-image-300x200-1-68x45.jpg 68w\" sizes=\"auto, (max-width: 300px) 100vw, 300px\" \/><h3><a href=\"https:\/\/ceiep-program.com\/fr\/2023\/09\/05\/lannee-scolaire-2023-2024\/\">L&rsquo;ann\u00e9e scolaire 2023-2024<\/a><\/h3><div class=\"meta-container\"><time datetime=\"2023-09-05T08:09:13-04:00\"><span class=\"sr-only\">Date de publication: <\/span>5 septembre 2023<\/time><div class=\"badge\"><span class=\"sr-only\">Cat\u00e9gorie: <\/span>Nouvelles<\/div><\/div><\/li><\/ul>\n\n\n<div class=\"wp-block-buttons is-layout-flex wp-block-buttons-is-layout-flex\">\n<div class=\"wp-block-button has-custom-font-size aligncenter is-style-fill has-medium-font-size\"><a class=\"wp-block-button__link wp-element-button\" href=\"https:\/\/ceiep-program.com\/fr\/annee-1\/\">Consultez le programme d\u2019\u00e9tudes<\/a><\/div>\n<\/div>\n<\/div><\/div>\n\n\n\n<div class=\"wp-block-zp4-cover alignfull\"><div class=\"cover\"><div class=\"image-container\"><img decoding=\"async\" src=\"https:\/\/ceiep-program.com\/wp-content\/uploads\/2022\/08\/test-image-1200x800.jpg\" alt=\"Steel Elevator\" class=\"wp-image-55\"\/><\/div><div class=\"content-container\"><h1><\/h1><p class=\"has-large-font-size\">Si vous avez des questions ou avez besoin de plus d\u2019informations, vous trouverez peut-\u00eatre les r\u00e9ponses dans notre<a href=\"https:\/\/ceiep-program.com\/faqs\/\"> section FAQ<\/a><\/p><\/div><\/div><\/div>\n\n\n\n<p><\/p>\n\n\n\n<figure class=\"wp-block-embed alignwide is-type-video is-provider-youtube wp-block-embed-youtube wp-embed-aspect-16-9 wp-has-aspect-ratio\"><div class=\"wp-block-embed__wrapper\">\n<iframe loading=\"lazy\" title=\"Demain t\u2019appartient (:15)\" width=\"500\" height=\"281\" src=\"https:\/\/www.youtube.com\/embed\/6AGYtuvHWYU?feature=oembed\" frameborder=\"0\" allow=\"accelerometer; autoplay; clipboard-write; encrypted-media; gyroscope; picture-in-picture; web-share\" referrerpolicy=\"strict-origin-when-cross-origin\" allowfullscreen><\/iframe>\n<\/div><\/figure>\n\n\n\n<figure class=\"wp-block-image size-large\"><a href=\"https:\/\/www.ontario.ca\/fr\/page\/emploi-ontario\" target=\"_blank\" rel=\"noreferrer noopener\"><img loading=\"lazy\" decoding=\"async\" width=\"1024\" height=\"364\" src=\"https:\/\/ceiep-program.com\/fr\/wp-content\/uploads\/sites\/2\/2023\/11\/eo-tri-wordmark-french-colour-1024x364.png\" alt=\"\" class=\"wp-image-531\" srcset=\"https:\/\/ceiep-program.com\/fr\/wp-content\/uploads\/sites\/2\/2023\/11\/eo-tri-wordmark-french-colour-1024x364.png 1024w, https:\/\/ceiep-program.com\/fr\/wp-content\/uploads\/sites\/2\/2023\/11\/eo-tri-wordmark-french-colour-300x107.png 300w, https:\/\/ceiep-program.com\/fr\/wp-content\/uploads\/sites\/2\/2023\/11\/eo-tri-wordmark-french-colour-768x273.png 768w, https:\/\/ceiep-program.com\/fr\/wp-content\/uploads\/sites\/2\/2023\/11\/eo-tri-wordmark-french-colour-1536x546.png 1536w, https:\/\/ceiep-program.com\/fr\/wp-content\/uploads\/sites\/2\/2023\/11\/eo-tri-wordmark-french-colour-2048x728.png 2048w, https:\/\/ceiep-program.com\/fr\/wp-content\/uploads\/sites\/2\/2023\/11\/eo-tri-wordmark-french-colour-1920x683.png 1920w, https:\/\/ceiep-program.com\/fr\/wp-content\/uploads\/sites\/2\/2023\/11\/eo-tri-wordmark-french-colour-68x24.png 68w, https:\/\/ceiep-program.com\/fr\/wp-content\/uploads\/sites\/2\/2023\/11\/eo-tri-wordmark-french-colour-84x30.png 84w\" sizes=\"auto, (max-width: 1024px) 100vw, 1024px\" \/><\/a><\/figure>\n","protected":false},"excerpt":{"rendered":"<p>Le CEIEP a d\u00e9velopp\u00e9 un programme d\u2019\u00e9ducation et de formation pour les apprentis, m\u00e9canicien et m\u00e9caniciennes d\u2019ascenseurs au Canada. Le CEIEP offre les cours requis pour un constructeur d\u2019ascenseur qui souhaite passer d\u2019apprenti \u00e0 m\u00e9canicien (compagnon) pour \u00eatre certifi\u00e9 dans l\u2019installation, la r\u00e9paration et l\u2019entretien de toutes les classes d\u2019appareils \u00e9l\u00e9vateurs au Canada.<\/p>\n","protected":false},"author":1,"featured_media":0,"parent":0,"menu_order":0,"comment_status":"closed","ping_status":"open","template":"","meta":{"_acf_changed":false,"footnotes":""},"class_list":["post-2","page","type-page","status-publish","hentry"],"acf":[],"yoast_head":"<!-- This site is optimized with the Yoast SEO plugin v27.4 - https:\/\/yoast.com\/product\/yoast-seo-wordpress\/ -->\n<title>Accueil - CEIEP - Programme \u00c9ducationnel Canadienne de l\u2019industrie des Ascenseurs<\/title>\n<meta name=\"robots\" content=\"index, follow, max-snippet:-1, max-image-preview:large, max-video-preview:-1\" \/>\n<link rel=\"canonical\" href=\"https:\/\/ceiep-program.com\/fr\/\" \/>\n<meta property=\"og:locale\" content=\"fr_CA\" \/>\n<meta property=\"og:type\" content=\"article\" \/>\n<meta property=\"og:title\" content=\"Accueil - CEIEP - Programme \u00c9ducationnel Canadienne de l\u2019industrie des Ascenseurs\" \/>\n<meta property=\"og:description\" content=\"Le CEIEP a d\u00e9velopp\u00e9 un programme d\u2019\u00e9ducation et de formation pour les apprentis, m\u00e9canicien et m\u00e9caniciennes d\u2019ascenseurs au Canada. Le CEIEP offre les cours requis pour un constructeur d\u2019ascenseur qui souhaite passer d\u2019apprenti \u00e0 m\u00e9canicien (compagnon) pour \u00eatre certifi\u00e9 dans l\u2019installation, la r\u00e9paration et l\u2019entretien de toutes les classes d\u2019appareils \u00e9l\u00e9vateurs au Canada.\" \/>\n<meta property=\"og:url\" content=\"https:\/\/ceiep-program.com\/fr\/\" \/>\n<meta property=\"og:site_name\" content=\"CEIEP - Programme \u00c9ducationnel Canadienne de l\u2019industrie des Ascenseurs\" \/>\n<meta property=\"article:publisher\" content=\"https:\/\/www.facebook.com\/Ceiepprogram\/\" \/>\n<meta property=\"article:modified_time\" content=\"2024-10-09T19:41:17+00:00\" \/>\n<meta property=\"og:image\" content=\"https:\/\/ceiep-program.com\/fr\/wp-content\/uploads\/sites\/2\/2022\/09\/home-masthead.jpeg\" \/>\n\t<meta property=\"og:image:width\" content=\"1920\" \/>\n\t<meta property=\"og:image:height\" content=\"1280\" \/>\n\t<meta property=\"og:image:type\" content=\"image\/jpeg\" \/>\n<meta name=\"twitter:card\" content=\"summary_large_image\" \/>\n<meta name=\"twitter:site\" content=\"@CEIEPprogram\" \/>\n<meta name=\"twitter:label1\" content=\"Estimation du temps de lecture\" \/>\n\t<meta name=\"twitter:data1\" content=\"3 minutes\" \/>\n<script type=\"application\/ld+json\" class=\"yoast-schema-graph\">{\"@context\":\"https:\\\/\\\/schema.org\",\"@graph\":[{\"@type\":\"WebPage\",\"@id\":\"https:\\\/\\\/ceiep-program.com\\\/fr\\\/\",\"url\":\"https:\\\/\\\/ceiep-program.com\\\/fr\\\/\",\"name\":\"Accueil - CEIEP - Programme \u00c9ducationnel Canadienne de l\u2019industrie des Ascenseurs\",\"isPartOf\":{\"@id\":\"https:\\\/\\\/ceiep-program.com\\\/fr\\\/#website\"},\"primaryImageOfPage\":{\"@id\":\"https:\\\/\\\/ceiep-program.com\\\/fr\\\/#primaryimage\"},\"image\":{\"@id\":\"https:\\\/\\\/ceiep-program.com\\\/fr\\\/#primaryimage\"},\"thumbnailUrl\":\"https:\\\/\\\/ceiep-program.com\\\/fr\\\/wp-content\\\/uploads\\\/sites\\\/2\\\/2022\\\/09\\\/home-masthead-1200x800.jpeg\",\"datePublished\":\"2022-09-02T22:32:41+00:00\",\"dateModified\":\"2024-10-09T19:41:17+00:00\",\"breadcrumb\":{\"@id\":\"https:\\\/\\\/ceiep-program.com\\\/fr\\\/#breadcrumb\"},\"inLanguage\":\"fr-CA\",\"potentialAction\":[{\"@type\":\"ReadAction\",\"target\":[\"https:\\\/\\\/ceiep-program.com\\\/fr\\\/\"]}]},{\"@type\":\"ImageObject\",\"inLanguage\":\"fr-CA\",\"@id\":\"https:\\\/\\\/ceiep-program.com\\\/fr\\\/#primaryimage\",\"url\":\"https:\\\/\\\/ceiep-program.com\\\/fr\\\/wp-content\\\/uploads\\\/sites\\\/2\\\/2022\\\/09\\\/home-masthead-1200x800.jpeg\",\"contentUrl\":\"https:\\\/\\\/ceiep-program.com\\\/fr\\\/wp-content\\\/uploads\\\/sites\\\/2\\\/2022\\\/09\\\/home-masthead-1200x800.jpeg\"},{\"@type\":\"BreadcrumbList\",\"@id\":\"https:\\\/\\\/ceiep-program.com\\\/fr\\\/#breadcrumb\",\"itemListElement\":[{\"@type\":\"ListItem\",\"position\":1,\"name\":\"Home\",\"item\":\"https:\\\/\\\/ceiep-program.com\\\/fr\\\/\"},{\"@type\":\"ListItem\",\"position\":2,\"name\":\"Accueil\"}]},{\"@type\":\"WebSite\",\"@id\":\"https:\\\/\\\/ceiep-program.com\\\/fr\\\/#website\",\"url\":\"https:\\\/\\\/ceiep-program.com\\\/fr\\\/\",\"name\":\"CEIEP - Programme \u00c9ducationnel Canadienne de l\u2019industrie des Ascenseurs\",\"description\":\"Just another CEIEP Sites site\",\"publisher\":{\"@id\":\"https:\\\/\\\/ceiep-program.com\\\/fr\\\/#organization\"},\"potentialAction\":[{\"@type\":\"SearchAction\",\"target\":{\"@type\":\"EntryPoint\",\"urlTemplate\":\"https:\\\/\\\/ceiep-program.com\\\/fr\\\/?s={search_term_string}\"},\"query-input\":{\"@type\":\"PropertyValueSpecification\",\"valueRequired\":true,\"valueName\":\"search_term_string\"}}],\"inLanguage\":\"fr-CA\"},{\"@type\":\"Organization\",\"@id\":\"https:\\\/\\\/ceiep-program.com\\\/fr\\\/#organization\",\"name\":\"CEIEP - Programme \u00c9ducationnel Canadienne de l\u2019industrie des Ascenseurs\",\"url\":\"https:\\\/\\\/ceiep-program.com\\\/fr\\\/\",\"logo\":{\"@type\":\"ImageObject\",\"inLanguage\":\"fr-CA\",\"@id\":\"https:\\\/\\\/ceiep-program.com\\\/fr\\\/#\\\/schema\\\/logo\\\/image\\\/\",\"url\":\"https:\\\/\\\/ceiep-program.com\\\/fr\\\/wp-content\\\/uploads\\\/sites\\\/2\\\/2023\\\/02\\\/Allegra-Cover-Logo.png\",\"contentUrl\":\"https:\\\/\\\/ceiep-program.com\\\/fr\\\/wp-content\\\/uploads\\\/sites\\\/2\\\/2023\\\/02\\\/Allegra-Cover-Logo.png\",\"width\":267,\"height\":266,\"caption\":\"CEIEP - Programme \u00c9ducationnel Canadienne de l\u2019industrie des Ascenseurs\"},\"image\":{\"@id\":\"https:\\\/\\\/ceiep-program.com\\\/fr\\\/#\\\/schema\\\/logo\\\/image\\\/\"},\"sameAs\":[\"https:\\\/\\\/www.facebook.com\\\/Ceiepprogram\\\/\",\"https:\\\/\\\/x.com\\\/CEIEPprogram\",\"https:\\\/\\\/www.instagram.com\\\/ceiepprogram\\\/\"]}]}<\/script>\n<!-- \/ Yoast SEO plugin. -->","yoast_head_json":{"title":"Accueil - CEIEP - Programme \u00c9ducationnel Canadienne de l\u2019industrie des Ascenseurs","robots":{"index":"index","follow":"follow","max-snippet":"max-snippet:-1","max-image-preview":"max-image-preview:large","max-video-preview":"max-video-preview:-1"},"canonical":"https:\/\/ceiep-program.com\/fr\/","og_locale":"fr_CA","og_type":"article","og_title":"Accueil - CEIEP - Programme \u00c9ducationnel Canadienne de l\u2019industrie des Ascenseurs","og_description":"Le CEIEP a d\u00e9velopp\u00e9 un programme d\u2019\u00e9ducation et de formation pour les apprentis, m\u00e9canicien et m\u00e9caniciennes d\u2019ascenseurs au Canada. Le CEIEP offre les cours requis pour un constructeur d\u2019ascenseur qui souhaite passer d\u2019apprenti \u00e0 m\u00e9canicien (compagnon) pour \u00eatre certifi\u00e9 dans l\u2019installation, la r\u00e9paration et l\u2019entretien de toutes les classes d\u2019appareils \u00e9l\u00e9vateurs au Canada.","og_url":"https:\/\/ceiep-program.com\/fr\/","og_site_name":"CEIEP - Programme \u00c9ducationnel Canadienne de l\u2019industrie des Ascenseurs","article_publisher":"https:\/\/www.facebook.com\/Ceiepprogram\/","article_modified_time":"2024-10-09T19:41:17+00:00","og_image":[{"width":1920,"height":1280,"url":"https:\/\/ceiep-program.com\/fr\/wp-content\/uploads\/sites\/2\/2022\/09\/home-masthead.jpeg","type":"image\/jpeg"}],"twitter_card":"summary_large_image","twitter_site":"@CEIEPprogram","twitter_misc":{"Estimation du temps de lecture":"3 minutes"},"schema":{"@context":"https:\/\/schema.org","@graph":[{"@type":"WebPage","@id":"https:\/\/ceiep-program.com\/fr\/","url":"https:\/\/ceiep-program.com\/fr\/","name":"Accueil - CEIEP - Programme \u00c9ducationnel Canadienne de l\u2019industrie des Ascenseurs","isPartOf":{"@id":"https:\/\/ceiep-program.com\/fr\/#website"},"primaryImageOfPage":{"@id":"https:\/\/ceiep-program.com\/fr\/#primaryimage"},"image":{"@id":"https:\/\/ceiep-program.com\/fr\/#primaryimage"},"thumbnailUrl":"https:\/\/ceiep-program.com\/fr\/wp-content\/uploads\/sites\/2\/2022\/09\/home-masthead-1200x800.jpeg","datePublished":"2022-09-02T22:32:41+00:00","dateModified":"2024-10-09T19:41:17+00:00","breadcrumb":{"@id":"https:\/\/ceiep-program.com\/fr\/#breadcrumb"},"inLanguage":"fr-CA","potentialAction":[{"@type":"ReadAction","target":["https:\/\/ceiep-program.com\/fr\/"]}]},{"@type":"ImageObject","inLanguage":"fr-CA","@id":"https:\/\/ceiep-program.com\/fr\/#primaryimage","url":"https:\/\/ceiep-program.com\/fr\/wp-content\/uploads\/sites\/2\/2022\/09\/home-masthead-1200x800.jpeg","contentUrl":"https:\/\/ceiep-program.com\/fr\/wp-content\/uploads\/sites\/2\/2022\/09\/home-masthead-1200x800.jpeg"},{"@type":"BreadcrumbList","@id":"https:\/\/ceiep-program.com\/fr\/#breadcrumb","itemListElement":[{"@type":"ListItem","position":1,"name":"Home","item":"https:\/\/ceiep-program.com\/fr\/"},{"@type":"ListItem","position":2,"name":"Accueil"}]},{"@type":"WebSite","@id":"https:\/\/ceiep-program.com\/fr\/#website","url":"https:\/\/ceiep-program.com\/fr\/","name":"CEIEP - Programme \u00c9ducationnel Canadienne de l\u2019industrie des Ascenseurs","description":"Just another CEIEP Sites site","publisher":{"@id":"https:\/\/ceiep-program.com\/fr\/#organization"},"potentialAction":[{"@type":"SearchAction","target":{"@type":"EntryPoint","urlTemplate":"https:\/\/ceiep-program.com\/fr\/?s={search_term_string}"},"query-input":{"@type":"PropertyValueSpecification","valueRequired":true,"valueName":"search_term_string"}}],"inLanguage":"fr-CA"},{"@type":"Organization","@id":"https:\/\/ceiep-program.com\/fr\/#organization","name":"CEIEP - Programme \u00c9ducationnel Canadienne de l\u2019industrie des Ascenseurs","url":"https:\/\/ceiep-program.com\/fr\/","logo":{"@type":"ImageObject","inLanguage":"fr-CA","@id":"https:\/\/ceiep-program.com\/fr\/#\/schema\/logo\/image\/","url":"https:\/\/ceiep-program.com\/fr\/wp-content\/uploads\/sites\/2\/2023\/02\/Allegra-Cover-Logo.png","contentUrl":"https:\/\/ceiep-program.com\/fr\/wp-content\/uploads\/sites\/2\/2023\/02\/Allegra-Cover-Logo.png","width":267,"height":266,"caption":"CEIEP - Programme \u00c9ducationnel Canadienne de l\u2019industrie des Ascenseurs"},"image":{"@id":"https:\/\/ceiep-program.com\/fr\/#\/schema\/logo\/image\/"},"sameAs":["https:\/\/www.facebook.com\/Ceiepprogram\/","https:\/\/x.com\/CEIEPprogram","https:\/\/www.instagram.com\/ceiepprogram\/"]}]}},"_links":{"self":[{"href":"https:\/\/ceiep-program.com\/fr\/wp-json\/wp\/v2\/pages\/2","targetHints":{"allow":["GET"]}}],"collection":[{"href":"https:\/\/ceiep-program.com\/fr\/wp-json\/wp\/v2\/pages"}],"about":[{"href":"https:\/\/ceiep-program.com\/fr\/wp-json\/wp\/v2\/types\/page"}],"author":[{"embeddable":true,"href":"https:\/\/ceiep-program.com\/fr\/wp-json\/wp\/v2\/users\/1"}],"replies":[{"embeddable":true,"href":"https:\/\/ceiep-program.com\/fr\/wp-json\/wp\/v2\/comments?post=2"}],"version-history":[{"count":47,"href":"https:\/\/ceiep-program.com\/fr\/wp-json\/wp\/v2\/pages\/2\/revisions"}],"predecessor-version":[{"id":568,"href":"https:\/\/ceiep-program.com\/fr\/wp-json\/wp\/v2\/pages\/2\/revisions\/568"}],"wp:attachment":[{"href":"https:\/\/ceiep-program.com\/fr\/wp-json\/wp\/v2\/media?parent=2"}],"curies":[{"name":"wp","href":"https:\/\/api.w.org\/{rel}","templated":true}]}}