{"id":195,"date":"2023-01-09T11:54:47","date_gmt":"2023-01-09T16:54:47","guid":{"rendered":"https:\/\/ceiep-program.com\/fr\/?page_id=195"},"modified":"2023-02-22T08:40:04","modified_gmt":"2023-02-22T13:40:04","slug":"continuing-education-fr","status":"publish","type":"page","link":"https:\/\/ceiep-program.com\/fr\/continuing-education-fr\/","title":{"rendered":"Formation Continue"},"content":{"rendered":"\n<div class=\"wp-block-zp4-masthead alignfull\"><div class=\"masthead\"><div class=\"image-container\"><img loading=\"lazy\" decoding=\"async\" width=\"300\" height=\"200\" src=\"https:\/\/ceiep-program.com\/fr\/wp-content\/uploads\/sites\/2\/2023\/02\/test-image-300x200-1.jpg\" alt=\"\" class=\"wp-image-412\" srcset=\"https:\/\/ceiep-program.com\/fr\/wp-content\/uploads\/sites\/2\/2023\/02\/test-image-300x200-1.jpg 300w, https:\/\/ceiep-program.com\/fr\/wp-content\/uploads\/sites\/2\/2023\/02\/test-image-300x200-1-68x45.jpg 68w\" sizes=\"auto, (max-width: 300px) 100vw, 300px\" \/><\/div><div class=\"content-container\"><h1>Formation Continue<\/h1><p class=\"has-large-font-size\"><\/p>\n<div class=\"wp-block-buttons is-content-justification-center is-layout-flex wp-container-core-buttons-is-layout-a89b3969 wp-block-buttons-is-layout-flex\">\n\n\n\n<\/div>\n<\/div><\/div><\/div>\n\n\n\n<div class=\"wp-block-zp4-inline-menu\"><nav aria-label=\"Get Started\"><ul><li><a href=\"https:\/\/ceiep-program.com\/fr\/apprenti\/\">Apprenti<\/a><\/li><li class=\"active\"><a href=\"https:\/\/ceiep-program.com\/fr\/continuing-education-fr\/\">Formation Continue<\/a><\/li><li><a href=\"https:\/\/ceiep-program.com\/fr\/instructeurs\/\">Formateurs<\/a><\/li><\/ul><\/nav><\/div>\n\n\n\n<p>Le programme de formation continue obligatoire et de formation continue \u00e9lective (FC) du CEIEP est offert aux m\u00e9caniciens et m\u00e9caniciennes qui souhaitent am\u00e9liorer leurs comp\u00e9tences pour r\u00e9pondre aux derniers changements en mati\u00e8re de s\u00e9curit\u00e9, de r\u00e9glementation et de techniques dans l\u2019industrie des appareils \u00e9l\u00e9vateurs. Le programme de formation continue du CEIEP est approuv\u00e9 dans toutes les provinces qui exigent une formation continue obligatoire dans le cadre du maintien d\u2019un permis d\u2019appareils \u00e9l\u00e9vateurs.<\/p>\n\n\n\n<p>Pour l\u2019Ontario, le CEIEP offre le cours de FC de 12 heures obligatoire de la TSSA tous les deux ans. Veuillez contacter votre section locale pour savoir quand et comment vous inscrire \u00e0 un cours de FC avant la date d\u2019expiration de votre permis.<\/p>\n\n\n\n<p>Pour la Colombie-Britannique, le CEIEP offre le cours de FC de 24 heures obligatoire du TSBC \u00e0 tous les trois ans. Veuillez contacter votre section locale pour savoir quand et comment vous inscrire \u00e0 un cours de FC avant la date d\u2019expiration de votre permis.<\/p>\n\n\n\n<p><strong><u>\u00c0 venir cet automne:<\/u><\/strong> Cours de FC \u00e9lectif mettant en vedette nos laboratoires de d\u00e9pannage \u00e9lectrique en ligne. Pour plus d\u2019informations, cliquez <strong><a href=\"https:\/\/ceiep-program.com\/fr\/formation-continue-elective\/\" data-type=\"page\" data-id=\"282\">ici<\/a><\/strong>.<\/p>\n\n\n\n<div class=\"wp-block-zp4-cards has-3-columns\">\n<div class=\"wp-block-zp4-card\"><a href=\"https:\/\/www.tssa.org\/en\/operating-engineers\/resources\/CE-2023-Curriculum---FINAL-for-Publication-April_2022.pdf\"><img decoding=\"async\" src=\"https:\/\/ceiep-program.com\/wp-content\/uploads\/2022\/08\/home-instructors-68x68.png\" alt=\"\" class=\"wp-image-74\"\/><p>TSSA (Ontario)<\/p><\/a><\/div>\n\n\n\n<div class=\"wp-block-zp4-card\"><a href=\"https:\/\/www.technicalsafetybc.ca\/technologies\/elevating-devices\/elevating-devices-mechanic-certification\/renewal\"><img decoding=\"async\" src=\"https:\/\/ceiep-program.com\/wp-content\/uploads\/2022\/08\/home-instructors-68x68.png\" alt=\"\" class=\"wp-image-74\"\/><p>TSBC (Colombie-Britannique)<\/p><\/a><\/div>\n\n\n\n<div class=\"wp-block-zp4-card\"><a href=\"https:\/\/ceiep-program.com\/fr\/formation-continue-elective\/\"><img decoding=\"async\" src=\"https:\/\/ceiep-program.com\/wp-content\/uploads\/2022\/08\/home-instructors-68x68.png\" alt=\"\" class=\"wp-image-74\"\/><p>Formation Continue Elective<\/p><\/a><\/div>\n<\/div>\n\n\n\n<p><\/p>\n","protected":false},"excerpt":{"rendered":"<p>Le programme de formation continue obligatoire et de formation continue \u00e9lective (FC) du CEIEP est offert aux m\u00e9caniciens et m\u00e9caniciennes qui souhaitent am\u00e9liorer leurs comp\u00e9tences pour r\u00e9pondre aux derniers changements en mati\u00e8re de s\u00e9curit\u00e9, de r\u00e9glementation et de techniques dans l\u2019industrie des appareils \u00e9l\u00e9vateurs. Le programme de formation continue du CEIEP est approuv\u00e9 dans toutes [&hellip;]<\/p>\n","protected":false},"author":3,"featured_media":0,"parent":0,"menu_order":0,"comment_status":"closed","ping_status":"closed","template":"","meta":{"_acf_changed":false,"footnotes":""},"class_list":["post-195","page","type-page","status-publish","hentry"],"acf":[],"yoast_head":"<!-- This site is optimized with the Yoast SEO plugin v27.3 - https:\/\/yoast.com\/product\/yoast-seo-wordpress\/ -->\n<title>Formation Continue - CEIEP - Programme \u00c9ducationnel Canadienne de l\u2019industrie des Ascenseurs<\/title>\n<meta name=\"robots\" content=\"index, follow, max-snippet:-1, max-image-preview:large, max-video-preview:-1\" \/>\n<link rel=\"canonical\" href=\"https:\/\/ceiep-program.com\/fr\/continuing-education-fr\/\" \/>\n<meta property=\"og:locale\" content=\"fr_CA\" \/>\n<meta property=\"og:type\" content=\"article\" \/>\n<meta property=\"og:title\" content=\"Formation Continue - CEIEP - Programme \u00c9ducationnel Canadienne de l\u2019industrie des Ascenseurs\" \/>\n<meta property=\"og:description\" content=\"Le programme de formation continue obligatoire et de formation continue \u00e9lective (FC) du CEIEP est offert aux m\u00e9caniciens et m\u00e9caniciennes qui souhaitent am\u00e9liorer leurs comp\u00e9tences pour r\u00e9pondre aux derniers changements en mati\u00e8re de s\u00e9curit\u00e9, de r\u00e9glementation et de techniques dans l\u2019industrie des appareils \u00e9l\u00e9vateurs. Le programme de formation continue du CEIEP est approuv\u00e9 dans toutes [&hellip;]\" \/>\n<meta property=\"og:url\" content=\"https:\/\/ceiep-program.com\/fr\/continuing-education-fr\/\" \/>\n<meta property=\"og:site_name\" content=\"CEIEP - Programme \u00c9ducationnel Canadienne de l\u2019industrie des Ascenseurs\" \/>\n<meta property=\"article:publisher\" content=\"https:\/\/www.facebook.com\/Ceiepprogram\/\" \/>\n<meta property=\"article:modified_time\" content=\"2023-02-22T13:40:04+00:00\" \/>\n<meta property=\"og:image\" content=\"https:\/\/ceiep-program.com\/fr\/wp-content\/uploads\/sites\/2\/2023\/02\/test-image-300x200-1.jpg\" \/>\n<meta name=\"twitter:card\" content=\"summary_large_image\" \/>\n<meta name=\"twitter:site\" content=\"@CEIEPprogram\" \/>\n<meta name=\"twitter:label1\" content=\"Estimation du temps de lecture\" \/>\n\t<meta name=\"twitter:data1\" content=\"1 minute\" \/>\n<script type=\"application\/ld+json\" class=\"yoast-schema-graph\">{\"@context\":\"https:\\\/\\\/schema.org\",\"@graph\":[{\"@type\":\"WebPage\",\"@id\":\"https:\\\/\\\/ceiep-program.com\\\/fr\\\/continuing-education-fr\\\/\",\"url\":\"https:\\\/\\\/ceiep-program.com\\\/fr\\\/continuing-education-fr\\\/\",\"name\":\"Formation Continue - CEIEP - Programme \u00c9ducationnel Canadienne de l\u2019industrie des Ascenseurs\",\"isPartOf\":{\"@id\":\"https:\\\/\\\/ceiep-program.com\\\/fr\\\/#website\"},\"primaryImageOfPage\":{\"@id\":\"https:\\\/\\\/ceiep-program.com\\\/fr\\\/continuing-education-fr\\\/#primaryimage\"},\"image\":{\"@id\":\"https:\\\/\\\/ceiep-program.com\\\/fr\\\/continuing-education-fr\\\/#primaryimage\"},\"thumbnailUrl\":\"https:\\\/\\\/ceiep-program.com\\\/fr\\\/wp-content\\\/uploads\\\/sites\\\/2\\\/2023\\\/02\\\/test-image-300x200-1.jpg\",\"datePublished\":\"2023-01-09T16:54:47+00:00\",\"dateModified\":\"2023-02-22T13:40:04+00:00\",\"breadcrumb\":{\"@id\":\"https:\\\/\\\/ceiep-program.com\\\/fr\\\/continuing-education-fr\\\/#breadcrumb\"},\"inLanguage\":\"fr-CA\",\"potentialAction\":[{\"@type\":\"ReadAction\",\"target\":[\"https:\\\/\\\/ceiep-program.com\\\/fr\\\/continuing-education-fr\\\/\"]}]},{\"@type\":\"ImageObject\",\"inLanguage\":\"fr-CA\",\"@id\":\"https:\\\/\\\/ceiep-program.com\\\/fr\\\/continuing-education-fr\\\/#primaryimage\",\"url\":\"https:\\\/\\\/ceiep-program.com\\\/fr\\\/wp-content\\\/uploads\\\/sites\\\/2\\\/2023\\\/02\\\/test-image-300x200-1.jpg\",\"contentUrl\":\"https:\\\/\\\/ceiep-program.com\\\/fr\\\/wp-content\\\/uploads\\\/sites\\\/2\\\/2023\\\/02\\\/test-image-300x200-1.jpg\",\"width\":300,\"height\":200},{\"@type\":\"BreadcrumbList\",\"@id\":\"https:\\\/\\\/ceiep-program.com\\\/fr\\\/continuing-education-fr\\\/#breadcrumb\",\"itemListElement\":[{\"@type\":\"ListItem\",\"position\":1,\"name\":\"Home\",\"item\":\"https:\\\/\\\/ceiep-program.com\\\/fr\\\/\"},{\"@type\":\"ListItem\",\"position\":2,\"name\":\"Formation Continue\"}]},{\"@type\":\"WebSite\",\"@id\":\"https:\\\/\\\/ceiep-program.com\\\/fr\\\/#website\",\"url\":\"https:\\\/\\\/ceiep-program.com\\\/fr\\\/\",\"name\":\"CEIEP - Programme \u00c9ducationnel Canadienne de l\u2019industrie des Ascenseurs\",\"description\":\"Just another CEIEP Sites site\",\"publisher\":{\"@id\":\"https:\\\/\\\/ceiep-program.com\\\/fr\\\/#organization\"},\"potentialAction\":[{\"@type\":\"SearchAction\",\"target\":{\"@type\":\"EntryPoint\",\"urlTemplate\":\"https:\\\/\\\/ceiep-program.com\\\/fr\\\/?s={search_term_string}\"},\"query-input\":{\"@type\":\"PropertyValueSpecification\",\"valueRequired\":true,\"valueName\":\"search_term_string\"}}],\"inLanguage\":\"fr-CA\"},{\"@type\":\"Organization\",\"@id\":\"https:\\\/\\\/ceiep-program.com\\\/fr\\\/#organization\",\"name\":\"CEIEP - Programme \u00c9ducationnel Canadienne de l\u2019industrie des Ascenseurs\",\"url\":\"https:\\\/\\\/ceiep-program.com\\\/fr\\\/\",\"logo\":{\"@type\":\"ImageObject\",\"inLanguage\":\"fr-CA\",\"@id\":\"https:\\\/\\\/ceiep-program.com\\\/fr\\\/#\\\/schema\\\/logo\\\/image\\\/\",\"url\":\"https:\\\/\\\/ceiep-program.com\\\/fr\\\/wp-content\\\/uploads\\\/sites\\\/2\\\/2023\\\/02\\\/Allegra-Cover-Logo.png\",\"contentUrl\":\"https:\\\/\\\/ceiep-program.com\\\/fr\\\/wp-content\\\/uploads\\\/sites\\\/2\\\/2023\\\/02\\\/Allegra-Cover-Logo.png\",\"width\":267,\"height\":266,\"caption\":\"CEIEP - Programme \u00c9ducationnel Canadienne de l\u2019industrie des Ascenseurs\"},\"image\":{\"@id\":\"https:\\\/\\\/ceiep-program.com\\\/fr\\\/#\\\/schema\\\/logo\\\/image\\\/\"},\"sameAs\":[\"https:\\\/\\\/www.facebook.com\\\/Ceiepprogram\\\/\",\"https:\\\/\\\/x.com\\\/CEIEPprogram\",\"https:\\\/\\\/www.instagram.com\\\/ceiepprogram\\\/\"]}]}<\/script>\n<!-- \/ Yoast SEO plugin. -->","yoast_head_json":{"title":"Formation Continue - CEIEP - Programme \u00c9ducationnel Canadienne de l\u2019industrie des Ascenseurs","robots":{"index":"index","follow":"follow","max-snippet":"max-snippet:-1","max-image-preview":"max-image-preview:large","max-video-preview":"max-video-preview:-1"},"canonical":"https:\/\/ceiep-program.com\/fr\/continuing-education-fr\/","og_locale":"fr_CA","og_type":"article","og_title":"Formation Continue - CEIEP - Programme \u00c9ducationnel Canadienne de l\u2019industrie des Ascenseurs","og_description":"Le programme de formation continue obligatoire et de formation continue \u00e9lective (FC) du CEIEP est offert aux m\u00e9caniciens et m\u00e9caniciennes qui souhaitent am\u00e9liorer leurs comp\u00e9tences pour r\u00e9pondre aux derniers changements en mati\u00e8re de s\u00e9curit\u00e9, de r\u00e9glementation et de techniques dans l\u2019industrie des appareils \u00e9l\u00e9vateurs. Le programme de formation continue du CEIEP est approuv\u00e9 dans toutes [&hellip;]","og_url":"https:\/\/ceiep-program.com\/fr\/continuing-education-fr\/","og_site_name":"CEIEP - Programme \u00c9ducationnel Canadienne de l\u2019industrie des Ascenseurs","article_publisher":"https:\/\/www.facebook.com\/Ceiepprogram\/","article_modified_time":"2023-02-22T13:40:04+00:00","og_image":[{"url":"https:\/\/ceiep-program.com\/fr\/wp-content\/uploads\/sites\/2\/2023\/02\/test-image-300x200-1.jpg","type":"","width":"","height":""}],"twitter_card":"summary_large_image","twitter_site":"@CEIEPprogram","twitter_misc":{"Estimation du temps de lecture":"1 minute"},"schema":{"@context":"https:\/\/schema.org","@graph":[{"@type":"WebPage","@id":"https:\/\/ceiep-program.com\/fr\/continuing-education-fr\/","url":"https:\/\/ceiep-program.com\/fr\/continuing-education-fr\/","name":"Formation Continue - CEIEP - Programme \u00c9ducationnel Canadienne de l\u2019industrie des Ascenseurs","isPartOf":{"@id":"https:\/\/ceiep-program.com\/fr\/#website"},"primaryImageOfPage":{"@id":"https:\/\/ceiep-program.com\/fr\/continuing-education-fr\/#primaryimage"},"image":{"@id":"https:\/\/ceiep-program.com\/fr\/continuing-education-fr\/#primaryimage"},"thumbnailUrl":"https:\/\/ceiep-program.com\/fr\/wp-content\/uploads\/sites\/2\/2023\/02\/test-image-300x200-1.jpg","datePublished":"2023-01-09T16:54:47+00:00","dateModified":"2023-02-22T13:40:04+00:00","breadcrumb":{"@id":"https:\/\/ceiep-program.com\/fr\/continuing-education-fr\/#breadcrumb"},"inLanguage":"fr-CA","potentialAction":[{"@type":"ReadAction","target":["https:\/\/ceiep-program.com\/fr\/continuing-education-fr\/"]}]},{"@type":"ImageObject","inLanguage":"fr-CA","@id":"https:\/\/ceiep-program.com\/fr\/continuing-education-fr\/#primaryimage","url":"https:\/\/ceiep-program.com\/fr\/wp-content\/uploads\/sites\/2\/2023\/02\/test-image-300x200-1.jpg","contentUrl":"https:\/\/ceiep-program.com\/fr\/wp-content\/uploads\/sites\/2\/2023\/02\/test-image-300x200-1.jpg","width":300,"height":200},{"@type":"BreadcrumbList","@id":"https:\/\/ceiep-program.com\/fr\/continuing-education-fr\/#breadcrumb","itemListElement":[{"@type":"ListItem","position":1,"name":"Home","item":"https:\/\/ceiep-program.com\/fr\/"},{"@type":"ListItem","position":2,"name":"Formation Continue"}]},{"@type":"WebSite","@id":"https:\/\/ceiep-program.com\/fr\/#website","url":"https:\/\/ceiep-program.com\/fr\/","name":"CEIEP - Programme \u00c9ducationnel Canadienne de l\u2019industrie des Ascenseurs","description":"Just another CEIEP Sites site","publisher":{"@id":"https:\/\/ceiep-program.com\/fr\/#organization"},"potentialAction":[{"@type":"SearchAction","target":{"@type":"EntryPoint","urlTemplate":"https:\/\/ceiep-program.com\/fr\/?s={search_term_string}"},"query-input":{"@type":"PropertyValueSpecification","valueRequired":true,"valueName":"search_term_string"}}],"inLanguage":"fr-CA"},{"@type":"Organization","@id":"https:\/\/ceiep-program.com\/fr\/#organization","name":"CEIEP - Programme \u00c9ducationnel Canadienne de l\u2019industrie des Ascenseurs","url":"https:\/\/ceiep-program.com\/fr\/","logo":{"@type":"ImageObject","inLanguage":"fr-CA","@id":"https:\/\/ceiep-program.com\/fr\/#\/schema\/logo\/image\/","url":"https:\/\/ceiep-program.com\/fr\/wp-content\/uploads\/sites\/2\/2023\/02\/Allegra-Cover-Logo.png","contentUrl":"https:\/\/ceiep-program.com\/fr\/wp-content\/uploads\/sites\/2\/2023\/02\/Allegra-Cover-Logo.png","width":267,"height":266,"caption":"CEIEP - Programme \u00c9ducationnel Canadienne de l\u2019industrie des Ascenseurs"},"image":{"@id":"https:\/\/ceiep-program.com\/fr\/#\/schema\/logo\/image\/"},"sameAs":["https:\/\/www.facebook.com\/Ceiepprogram\/","https:\/\/x.com\/CEIEPprogram","https:\/\/www.instagram.com\/ceiepprogram\/"]}]}},"_links":{"self":[{"href":"https:\/\/ceiep-program.com\/fr\/wp-json\/wp\/v2\/pages\/195","targetHints":{"allow":["GET"]}}],"collection":[{"href":"https:\/\/ceiep-program.com\/fr\/wp-json\/wp\/v2\/pages"}],"about":[{"href":"https:\/\/ceiep-program.com\/fr\/wp-json\/wp\/v2\/types\/page"}],"author":[{"embeddable":true,"href":"https:\/\/ceiep-program.com\/fr\/wp-json\/wp\/v2\/users\/3"}],"replies":[{"embeddable":true,"href":"https:\/\/ceiep-program.com\/fr\/wp-json\/wp\/v2\/comments?post=195"}],"version-history":[{"count":10,"href":"https:\/\/ceiep-program.com\/fr\/wp-json\/wp\/v2\/pages\/195\/revisions"}],"predecessor-version":[{"id":469,"href":"https:\/\/ceiep-program.com\/fr\/wp-json\/wp\/v2\/pages\/195\/revisions\/469"}],"wp:attachment":[{"href":"https:\/\/ceiep-program.com\/fr\/wp-json\/wp\/v2\/media?parent=195"}],"curies":[{"name":"wp","href":"https:\/\/api.w.org\/{rel}","templated":true}]}}