{"id":192,"date":"2023-01-09T11:51:40","date_gmt":"2023-01-09T16:51:40","guid":{"rendered":"https:\/\/ceiep-program.com\/fr\/?page_id=192"},"modified":"2024-07-04T11:21:45","modified_gmt":"2024-07-04T15:21:45","slug":"apprenti","status":"publish","type":"page","link":"https:\/\/ceiep-program.com\/fr\/apprenti\/","title":{"rendered":"Apprenti"},"content":{"rendered":"\n<div class=\"wp-block-zp4-masthead alignfull\"><div class=\"masthead\"><div class=\"image-container\"><img loading=\"lazy\" decoding=\"async\" width=\"1200\" height=\"800\" src=\"https:\/\/ceiep-program.com\/fr\/wp-content\/uploads\/sites\/2\/2022\/09\/home-masthead-1200x800.jpeg\" alt=\"\" class=\"wp-image-12\" srcset=\"https:\/\/ceiep-program.com\/fr\/wp-content\/uploads\/sites\/2\/2022\/09\/home-masthead-1200x800.jpeg 1200w, https:\/\/ceiep-program.com\/fr\/wp-content\/uploads\/sites\/2\/2022\/09\/home-masthead-300x200.jpeg 300w, https:\/\/ceiep-program.com\/fr\/wp-content\/uploads\/sites\/2\/2022\/09\/home-masthead-1024x683.jpeg 1024w, https:\/\/ceiep-program.com\/fr\/wp-content\/uploads\/sites\/2\/2022\/09\/home-masthead-768x512.jpeg 768w, https:\/\/ceiep-program.com\/fr\/wp-content\/uploads\/sites\/2\/2022\/09\/home-masthead-1536x1024.jpeg 1536w, https:\/\/ceiep-program.com\/fr\/wp-content\/uploads\/sites\/2\/2022\/09\/home-masthead-68x45.jpeg 68w, https:\/\/ceiep-program.com\/fr\/wp-content\/uploads\/sites\/2\/2022\/09\/home-masthead.jpeg 1920w\" sizes=\"auto, (max-width: 1200px) 100vw, 1200px\" \/><\/div><div class=\"content-container\"><h1>Apprenti<\/h1><p class=\"has-large-font-size\"><\/p>\n<div class=\"wp-block-buttons is-content-justification-center is-layout-flex wp-container-core-buttons-is-layout-a89b3969 wp-block-buttons-is-layout-flex\">\n\n\n\n<\/div>\n<\/div><\/div><\/div>\n\n\n\n<div class=\"wp-block-zp4-inline-menu\"><nav aria-label=\"Get Started\"><ul><li class=\"active\"><a href=\"https:\/\/ceiep-program.com\/fr\/apprenti\/\">Apprenti<\/a><\/li><li><a href=\"https:\/\/ceiep-program.com\/fr\/continuing-education-fr\/\">Formation Continue<\/a><\/li><li><a href=\"https:\/\/ceiep-program.com\/fr\/instructeurs\/\">Formateurs<\/a><\/li><\/ul><\/nav><\/div>\n\n\n\n<div class=\"wp-block-zp4-group top-spacing-1 bottom-spacing-1 block-spacing-2\"><div class=\"layout-container\">\n<p>En tant qu\u2019apprenti du CEIEP, vous avez acc\u00e8s \u00e0 deux plateformes du CEIEP, le <strong>Portail d\u2019apprentissage en ligne (<em>eLearning)<\/em><\/strong> et le <strong>Portail d\u2019Info \u00c9tudiants<\/strong>. Le portail d\u2019apprentissage en ligne permet aux apprentis d\u2019avoir acc\u00e8s au mat\u00e9riel d\u2019apprentissage, telles les pr\u00e9sentations de cours et les lectures en ligne. Sur le Portail d\u2019Info \u00c9tudiants, vous pourrez activer et r\u00e9initialiser vos informations identifiantes, mettre \u00e0 jour vos informations personnelles telles que l\u2019adresse, le num\u00e9ro de t\u00e9l\u00e9phone, etc., et t\u00e9l\u00e9charger des documents en toute s\u00e9curit\u00e9.<\/p>\n\n\n\n<p>En tant qu\u2019apprenti de premi\u00e8re ann\u00e9e, votre formateur vous fournira une carte d\u2019\u00e9tudiante CEIEP, qui aura votre num\u00e9ro d\u2019\u00e9tudiante CEIEP, des instructions et un code QR pour activer votre compte du Portail d\u2019Info \u00c9tudiants. Apr\u00e8s l\u2019activation, vous pouvez \u00e9galement utiliser les m\u00eames informations identifiantes pour acc\u00e9der \u00e0 l\u2019application du portail eLearning \u00e0 partir de votre appareil mobile.<\/p>\n\n\n\n<p>Apprentis de deuxi\u00e8me, troisi\u00e8me et quatri\u00e8me ann\u00e9e, vous pourrez utiliser les m\u00eames informations identifiantes que celles que vous avez utilis\u00e9es l\u2019ann\u00e9e pr\u00e9c\u00e9dente pour acc\u00e9der au Portail d\u2019Info \u00c9tudiants et \u00e0 l\u2019application du portail d\u2019apprentissage en ligne. Si vous avez oubli\u00e9 votre mot de passe, vous pouvez r\u00e9initialiser votre mot de passe sur la page d\u2019acc\u00e8s au Portail d\u2019Info \u00c9tudiants.<\/p>\n\n\n\n<p>Pour acc\u00e9der au portail d\u2019apprentissage en ligne sur un appareil mobile, vous pouvez t\u00e9l\u00e9charger <a href=\"https:\/\/download.moodle.org\/mobile\/\">l\u2019application Moodle.<\/a><\/p>\n\n\n\n<div class=\"wp-block-zp4-cards has-2-columns is-style-vertical\">\n<div class=\"wp-block-zp4-card\"><a href=\"https:\/\/lms.ceiep-program.com\/login\/index.php\"><img decoding=\"async\" src=\"https:\/\/ceiep-program.com\/wp-content\/uploads\/2022\/08\/home-apprenticeship-training-68x68.png\" alt=\"\" class=\"wp-image-72\"\/><p>Portail d\u2019apprentissage en ligne (eLearning)<\/p><\/a><\/div>\n\n\n\n<div class=\"wp-block-zp4-card\"><a href=\"https:\/\/students.ceiep-program.com\/login\"><img decoding=\"async\" src=\"https:\/\/ceiep-program.com\/wp-content\/uploads\/2022\/08\/home-apprenticeship-training-68x68.png\" alt=\"\" class=\"wp-image-72\"\/><p>Portail d\u2019Info \u00c9tudiants<\/p><\/a><\/div>\n<\/div>\n\n\n\n<p>Si vous avez encore d\u2019autres questions, veuillez consulter la <strong><a href=\"https:\/\/ceiep-program.com\/fr\/faq-pour-les-etudiants-existants\/\" data-type=\"page\" data-id=\"167\">FAQ pour les \u00e9tudiants existants<\/a>.<\/strong><\/p>\n<\/div><\/div>\n\n\n\n<div class=\"wp-block-zp4-group top-spacing-3 bottom-spacing-3 block-spacing-1 has-green-background-color has-background\"><div class=\"layout-container\">\n<p class=\"has-text-align-center has-white-color has-text-color has-large-font-size\">Vous n\u2019\u00eates pas \u00e9tudiant actuellement?<\/p>\n\n\n\n<div class=\"wp-block-buttons is-content-justification-center is-layout-flex wp-container-core-buttons-is-layout-749adb30 wp-block-buttons-is-layout-flex\">\n<div class=\"wp-block-button has-custom-font-size has-medium-font-size\"><a class=\"wp-block-button__link has-green-color has-white-background-color has-text-color has-background wp-element-button\" href=\"https:\/\/ceiep-program.com\/fr\/comment-devenir-apprenti\/\">Apprenez \u00e0 devenir apprenti<\/a><\/div>\n<\/div>\n<\/div><\/div>\n","protected":false},"excerpt":{"rendered":"","protected":false},"author":3,"featured_media":0,"parent":0,"menu_order":0,"comment_status":"closed","ping_status":"closed","template":"","meta":{"_acf_changed":false,"footnotes":""},"class_list":["post-192","page","type-page","status-publish","hentry"],"acf":[],"yoast_head":"<!-- This site is optimized with the Yoast SEO plugin v27.3 - https:\/\/yoast.com\/product\/yoast-seo-wordpress\/ -->\n<title>Apprenti - CEIEP - Programme \u00c9ducationnel Canadienne de l\u2019industrie des Ascenseurs<\/title>\n<meta name=\"robots\" content=\"index, follow, max-snippet:-1, max-image-preview:large, max-video-preview:-1\" \/>\n<link rel=\"canonical\" href=\"https:\/\/ceiep-program.com\/fr\/apprenti\/\" \/>\n<meta property=\"og:locale\" content=\"fr_CA\" \/>\n<meta property=\"og:type\" content=\"article\" \/>\n<meta property=\"og:title\" content=\"Apprenti - CEIEP - Programme \u00c9ducationnel Canadienne de l\u2019industrie des Ascenseurs\" \/>\n<meta property=\"og:url\" content=\"https:\/\/ceiep-program.com\/fr\/apprenti\/\" \/>\n<meta property=\"og:site_name\" content=\"CEIEP - Programme \u00c9ducationnel Canadienne de l\u2019industrie des Ascenseurs\" \/>\n<meta property=\"article:publisher\" content=\"https:\/\/www.facebook.com\/Ceiepprogram\/\" \/>\n<meta property=\"article:modified_time\" content=\"2024-07-04T15:21:45+00:00\" \/>\n<meta property=\"og:image\" content=\"https:\/\/ceiep-program.com\/fr\/wp-content\/uploads\/sites\/2\/2022\/09\/home-masthead-1200x800.jpeg\" \/>\n<meta name=\"twitter:card\" content=\"summary_large_image\" \/>\n<meta name=\"twitter:site\" content=\"@CEIEPprogram\" \/>\n<meta name=\"twitter:label1\" content=\"Estimation du temps de lecture\" \/>\n\t<meta name=\"twitter:data1\" content=\"2 minutes\" \/>\n<script type=\"application\/ld+json\" class=\"yoast-schema-graph\">{\"@context\":\"https:\\\/\\\/schema.org\",\"@graph\":[{\"@type\":\"WebPage\",\"@id\":\"https:\\\/\\\/ceiep-program.com\\\/fr\\\/apprenti\\\/\",\"url\":\"https:\\\/\\\/ceiep-program.com\\\/fr\\\/apprenti\\\/\",\"name\":\"Apprenti - CEIEP - Programme \u00c9ducationnel Canadienne de l\u2019industrie des Ascenseurs\",\"isPartOf\":{\"@id\":\"https:\\\/\\\/ceiep-program.com\\\/fr\\\/#website\"},\"primaryImageOfPage\":{\"@id\":\"https:\\\/\\\/ceiep-program.com\\\/fr\\\/apprenti\\\/#primaryimage\"},\"image\":{\"@id\":\"https:\\\/\\\/ceiep-program.com\\\/fr\\\/apprenti\\\/#primaryimage\"},\"thumbnailUrl\":\"https:\\\/\\\/ceiep-program.com\\\/fr\\\/wp-content\\\/uploads\\\/sites\\\/2\\\/2022\\\/09\\\/home-masthead-1200x800.jpeg\",\"datePublished\":\"2023-01-09T16:51:40+00:00\",\"dateModified\":\"2024-07-04T15:21:45+00:00\",\"breadcrumb\":{\"@id\":\"https:\\\/\\\/ceiep-program.com\\\/fr\\\/apprenti\\\/#breadcrumb\"},\"inLanguage\":\"fr-CA\",\"potentialAction\":[{\"@type\":\"ReadAction\",\"target\":[\"https:\\\/\\\/ceiep-program.com\\\/fr\\\/apprenti\\\/\"]}]},{\"@type\":\"ImageObject\",\"inLanguage\":\"fr-CA\",\"@id\":\"https:\\\/\\\/ceiep-program.com\\\/fr\\\/apprenti\\\/#primaryimage\",\"url\":\"https:\\\/\\\/ceiep-program.com\\\/fr\\\/wp-content\\\/uploads\\\/sites\\\/2\\\/2022\\\/09\\\/home-masthead-1200x800.jpeg\",\"contentUrl\":\"https:\\\/\\\/ceiep-program.com\\\/fr\\\/wp-content\\\/uploads\\\/sites\\\/2\\\/2022\\\/09\\\/home-masthead-1200x800.jpeg\"},{\"@type\":\"BreadcrumbList\",\"@id\":\"https:\\\/\\\/ceiep-program.com\\\/fr\\\/apprenti\\\/#breadcrumb\",\"itemListElement\":[{\"@type\":\"ListItem\",\"position\":1,\"name\":\"Home\",\"item\":\"https:\\\/\\\/ceiep-program.com\\\/fr\\\/\"},{\"@type\":\"ListItem\",\"position\":2,\"name\":\"Apprenti\"}]},{\"@type\":\"WebSite\",\"@id\":\"https:\\\/\\\/ceiep-program.com\\\/fr\\\/#website\",\"url\":\"https:\\\/\\\/ceiep-program.com\\\/fr\\\/\",\"name\":\"CEIEP - Programme \u00c9ducationnel Canadienne de l\u2019industrie des Ascenseurs\",\"description\":\"Just another CEIEP Sites site\",\"publisher\":{\"@id\":\"https:\\\/\\\/ceiep-program.com\\\/fr\\\/#organization\"},\"potentialAction\":[{\"@type\":\"SearchAction\",\"target\":{\"@type\":\"EntryPoint\",\"urlTemplate\":\"https:\\\/\\\/ceiep-program.com\\\/fr\\\/?s={search_term_string}\"},\"query-input\":{\"@type\":\"PropertyValueSpecification\",\"valueRequired\":true,\"valueName\":\"search_term_string\"}}],\"inLanguage\":\"fr-CA\"},{\"@type\":\"Organization\",\"@id\":\"https:\\\/\\\/ceiep-program.com\\\/fr\\\/#organization\",\"name\":\"CEIEP - Programme \u00c9ducationnel Canadienne de l\u2019industrie des Ascenseurs\",\"url\":\"https:\\\/\\\/ceiep-program.com\\\/fr\\\/\",\"logo\":{\"@type\":\"ImageObject\",\"inLanguage\":\"fr-CA\",\"@id\":\"https:\\\/\\\/ceiep-program.com\\\/fr\\\/#\\\/schema\\\/logo\\\/image\\\/\",\"url\":\"https:\\\/\\\/ceiep-program.com\\\/fr\\\/wp-content\\\/uploads\\\/sites\\\/2\\\/2023\\\/02\\\/Allegra-Cover-Logo.png\",\"contentUrl\":\"https:\\\/\\\/ceiep-program.com\\\/fr\\\/wp-content\\\/uploads\\\/sites\\\/2\\\/2023\\\/02\\\/Allegra-Cover-Logo.png\",\"width\":267,\"height\":266,\"caption\":\"CEIEP - Programme \u00c9ducationnel Canadienne de l\u2019industrie des Ascenseurs\"},\"image\":{\"@id\":\"https:\\\/\\\/ceiep-program.com\\\/fr\\\/#\\\/schema\\\/logo\\\/image\\\/\"},\"sameAs\":[\"https:\\\/\\\/www.facebook.com\\\/Ceiepprogram\\\/\",\"https:\\\/\\\/x.com\\\/CEIEPprogram\",\"https:\\\/\\\/www.instagram.com\\\/ceiepprogram\\\/\"]}]}<\/script>\n<!-- \/ Yoast SEO plugin. -->","yoast_head_json":{"title":"Apprenti - CEIEP - Programme \u00c9ducationnel Canadienne de l\u2019industrie des Ascenseurs","robots":{"index":"index","follow":"follow","max-snippet":"max-snippet:-1","max-image-preview":"max-image-preview:large","max-video-preview":"max-video-preview:-1"},"canonical":"https:\/\/ceiep-program.com\/fr\/apprenti\/","og_locale":"fr_CA","og_type":"article","og_title":"Apprenti - CEIEP - Programme \u00c9ducationnel Canadienne de l\u2019industrie des Ascenseurs","og_url":"https:\/\/ceiep-program.com\/fr\/apprenti\/","og_site_name":"CEIEP - Programme \u00c9ducationnel Canadienne de l\u2019industrie des Ascenseurs","article_publisher":"https:\/\/www.facebook.com\/Ceiepprogram\/","article_modified_time":"2024-07-04T15:21:45+00:00","og_image":[{"url":"https:\/\/ceiep-program.com\/fr\/wp-content\/uploads\/sites\/2\/2022\/09\/home-masthead-1200x800.jpeg","type":"","width":"","height":""}],"twitter_card":"summary_large_image","twitter_site":"@CEIEPprogram","twitter_misc":{"Estimation du temps de lecture":"2 minutes"},"schema":{"@context":"https:\/\/schema.org","@graph":[{"@type":"WebPage","@id":"https:\/\/ceiep-program.com\/fr\/apprenti\/","url":"https:\/\/ceiep-program.com\/fr\/apprenti\/","name":"Apprenti - CEIEP - Programme \u00c9ducationnel Canadienne de l\u2019industrie des Ascenseurs","isPartOf":{"@id":"https:\/\/ceiep-program.com\/fr\/#website"},"primaryImageOfPage":{"@id":"https:\/\/ceiep-program.com\/fr\/apprenti\/#primaryimage"},"image":{"@id":"https:\/\/ceiep-program.com\/fr\/apprenti\/#primaryimage"},"thumbnailUrl":"https:\/\/ceiep-program.com\/fr\/wp-content\/uploads\/sites\/2\/2022\/09\/home-masthead-1200x800.jpeg","datePublished":"2023-01-09T16:51:40+00:00","dateModified":"2024-07-04T15:21:45+00:00","breadcrumb":{"@id":"https:\/\/ceiep-program.com\/fr\/apprenti\/#breadcrumb"},"inLanguage":"fr-CA","potentialAction":[{"@type":"ReadAction","target":["https:\/\/ceiep-program.com\/fr\/apprenti\/"]}]},{"@type":"ImageObject","inLanguage":"fr-CA","@id":"https:\/\/ceiep-program.com\/fr\/apprenti\/#primaryimage","url":"https:\/\/ceiep-program.com\/fr\/wp-content\/uploads\/sites\/2\/2022\/09\/home-masthead-1200x800.jpeg","contentUrl":"https:\/\/ceiep-program.com\/fr\/wp-content\/uploads\/sites\/2\/2022\/09\/home-masthead-1200x800.jpeg"},{"@type":"BreadcrumbList","@id":"https:\/\/ceiep-program.com\/fr\/apprenti\/#breadcrumb","itemListElement":[{"@type":"ListItem","position":1,"name":"Home","item":"https:\/\/ceiep-program.com\/fr\/"},{"@type":"ListItem","position":2,"name":"Apprenti"}]},{"@type":"WebSite","@id":"https:\/\/ceiep-program.com\/fr\/#website","url":"https:\/\/ceiep-program.com\/fr\/","name":"CEIEP - Programme \u00c9ducationnel Canadienne de l\u2019industrie des Ascenseurs","description":"Just another CEIEP Sites site","publisher":{"@id":"https:\/\/ceiep-program.com\/fr\/#organization"},"potentialAction":[{"@type":"SearchAction","target":{"@type":"EntryPoint","urlTemplate":"https:\/\/ceiep-program.com\/fr\/?s={search_term_string}"},"query-input":{"@type":"PropertyValueSpecification","valueRequired":true,"valueName":"search_term_string"}}],"inLanguage":"fr-CA"},{"@type":"Organization","@id":"https:\/\/ceiep-program.com\/fr\/#organization","name":"CEIEP - Programme \u00c9ducationnel Canadienne de l\u2019industrie des Ascenseurs","url":"https:\/\/ceiep-program.com\/fr\/","logo":{"@type":"ImageObject","inLanguage":"fr-CA","@id":"https:\/\/ceiep-program.com\/fr\/#\/schema\/logo\/image\/","url":"https:\/\/ceiep-program.com\/fr\/wp-content\/uploads\/sites\/2\/2023\/02\/Allegra-Cover-Logo.png","contentUrl":"https:\/\/ceiep-program.com\/fr\/wp-content\/uploads\/sites\/2\/2023\/02\/Allegra-Cover-Logo.png","width":267,"height":266,"caption":"CEIEP - Programme \u00c9ducationnel Canadienne de l\u2019industrie des Ascenseurs"},"image":{"@id":"https:\/\/ceiep-program.com\/fr\/#\/schema\/logo\/image\/"},"sameAs":["https:\/\/www.facebook.com\/Ceiepprogram\/","https:\/\/x.com\/CEIEPprogram","https:\/\/www.instagram.com\/ceiepprogram\/"]}]}},"_links":{"self":[{"href":"https:\/\/ceiep-program.com\/fr\/wp-json\/wp\/v2\/pages\/192","targetHints":{"allow":["GET"]}}],"collection":[{"href":"https:\/\/ceiep-program.com\/fr\/wp-json\/wp\/v2\/pages"}],"about":[{"href":"https:\/\/ceiep-program.com\/fr\/wp-json\/wp\/v2\/types\/page"}],"author":[{"embeddable":true,"href":"https:\/\/ceiep-program.com\/fr\/wp-json\/wp\/v2\/users\/3"}],"replies":[{"embeddable":true,"href":"https:\/\/ceiep-program.com\/fr\/wp-json\/wp\/v2\/comments?post=192"}],"version-history":[{"count":10,"href":"https:\/\/ceiep-program.com\/fr\/wp-json\/wp\/v2\/pages\/192\/revisions"}],"predecessor-version":[{"id":553,"href":"https:\/\/ceiep-program.com\/fr\/wp-json\/wp\/v2\/pages\/192\/revisions\/553"}],"wp:attachment":[{"href":"https:\/\/ceiep-program.com\/fr\/wp-json\/wp\/v2\/media?parent=192"}],"curies":[{"name":"wp","href":"https:\/\/api.w.org\/{rel}","templated":true}]}}