{"id":171,"date":"2023-01-06T11:20:45","date_gmt":"2023-01-06T16:20:45","guid":{"rendered":"https:\/\/ceiep-program.com\/fr\/?page_id=171"},"modified":"2023-02-14T11:10:09","modified_gmt":"2023-02-14T16:10:09","slug":"faq-pour-les-nouveaux-etudiants","status":"publish","type":"page","link":"https:\/\/ceiep-program.com\/fr\/faq-pour-les-nouveaux-etudiants\/","title":{"rendered":"FAQ pour les nouveaux \u00e9tudiants"},"content":{"rendered":"\n<div class=\"wp-block-zp4-masthead alignfull\"><div class=\"masthead\"><div class=\"image-container\"><img loading=\"lazy\" decoding=\"async\" width=\"1200\" height=\"800\" src=\"https:\/\/ceiep-program.com\/fr\/wp-content\/uploads\/sites\/2\/2022\/09\/home-masthead-1200x800.jpeg\" alt=\"\" class=\"wp-image-12\" srcset=\"https:\/\/ceiep-program.com\/fr\/wp-content\/uploads\/sites\/2\/2022\/09\/home-masthead-1200x800.jpeg 1200w, https:\/\/ceiep-program.com\/fr\/wp-content\/uploads\/sites\/2\/2022\/09\/home-masthead-300x200.jpeg 300w, https:\/\/ceiep-program.com\/fr\/wp-content\/uploads\/sites\/2\/2022\/09\/home-masthead-1024x683.jpeg 1024w, https:\/\/ceiep-program.com\/fr\/wp-content\/uploads\/sites\/2\/2022\/09\/home-masthead-768x512.jpeg 768w, https:\/\/ceiep-program.com\/fr\/wp-content\/uploads\/sites\/2\/2022\/09\/home-masthead-1536x1024.jpeg 1536w, https:\/\/ceiep-program.com\/fr\/wp-content\/uploads\/sites\/2\/2022\/09\/home-masthead-68x45.jpeg 68w, https:\/\/ceiep-program.com\/fr\/wp-content\/uploads\/sites\/2\/2022\/09\/home-masthead.jpeg 1920w\" sizes=\"auto, (max-width: 1200px) 100vw, 1200px\" \/><\/div><div class=\"content-container\"><h1>Foire aux questions<\/h1><p class=\"has-large-font-size\">Vous trouverez ci-dessous les r\u00e9ponses aux questions qui nous sont les plus fr\u00e9quemment pos\u00e9es<\/p>\n<div class=\"wp-block-buttons is-content-justification-center is-layout-flex wp-container-core-buttons-is-layout-a89b3969 wp-block-buttons-is-layout-flex\">\n\n\n\n<\/div>\n<\/div><\/div><\/div>\n\n\n\n<div class=\"wp-block-zp4-inline-menu is-style-overlap\"><nav aria-label=\"FAQ\"><ul><li class=\"active\"><a href=\"https:\/\/ceiep-program.com\/fr\/faq-pour-les-nouveaux-etudiants\/\">Nouveaux \u00e9tudiants<\/a><\/li><li><a href=\"https:\/\/ceiep-program.com\/fr\/faq-pour-les-etudiants-existants\/\">\u00c9tudiants existants<\/a><\/li><li><a href=\"https:\/\/ceiep-program.com\/fr\/faq-pour-les-instructeurs\/\">Formateurs<\/a><\/li><\/ul><\/nav><\/div>\n\n\n\n<div class=\"wp-block-zp4-accordions\">\n<div class=\"wp-block-zp4-accordion\"><button class=\"accordion-toggle has-large-font-size\" id=\"accordion-header\" aria-expanded=\"false\" data-accordion-header=\"true\"><span class=\"accordion-icon\"><\/span><h2 class=\"accordion-intro\">Comment puis-je devenir \u00e9tudiant?<\/h2><\/button><p id=\"accordion-panel-Le CEIEP n\u2019inscrit pas d\u2019\u00e9tudiants. Pour vous inscrire au programme, veuillez communiquer avec l\u2019Union internationale des constructeurs d\u2019ascenseurs (IUEC) de votre r\u00e9gion. Pour de plus amples renseignements sur la fa\u00e7on de devenir apprenti, veuillez cliquer <a href=&quot;https:\/\/ceiep-program.com\/fr\/comment-devenir-apprenti\/&quot; data-type=&quot;page&quot; data-id=&quot;215&quot;&gt;ici<\/a&gt;.\" hidden class=\"accordion-content\">Le CEIEP n\u2019inscrit pas d\u2019\u00e9tudiants. Pour vous inscrire au programme, veuillez communiquer avec l\u2019Union internationale des constructeurs d\u2019ascenseurs (IUEC) de votre r\u00e9gion. Pour de plus amples renseignements sur la fa\u00e7on de devenir apprenti, veuillez cliquer <a href=\"https:\/\/ceiep-program.com\/fr\/comment-devenir-apprenti\/\" data-type=\"page\" data-id=\"215\">ici<\/a>.<\/p><\/div>\n\n\n\n<div class=\"wp-block-zp4-accordion\"><button class=\"accordion-toggle has-large-font-size\" id=\"accordion-header\" aria-expanded=\"false\" data-accordion-header=\"true\"><span class=\"accordion-icon\"><\/span><h2 class=\"accordion-intro\">Combien de temps faut-il pour terminer le programme d\u2019apprentissage?<\/h2><\/button><p id=\"accordion-panel-L\u2019apprentissage du CEIEP comprend 25 modules qui sont administr\u00e9s sur une p\u00e9riode de quatre ans. Veuillez consulter le <strong&gt;<a href=&quot;https:\/\/ceiep-program.com\/fr\/curriculum\/&quot; data-type=&quot;page&quot; data-id=&quot;5&quot;&gt;programme d\u2019\u00e9tudes<\/a&gt;<\/strong&gt; pour un aper\u00e7u d\u00e9taill\u00e9 des modules.\" hidden class=\"accordion-content\">L\u2019apprentissage du CEIEP comprend 25 modules qui sont administr\u00e9s sur une p\u00e9riode de quatre ans. Veuillez consulter le <strong><a href=\"https:\/\/ceiep-program.com\/fr\/curriculum\/\" data-type=\"page\" data-id=\"5\">programme d\u2019\u00e9tudes<\/a><\/strong> pour un aper\u00e7u d\u00e9taill\u00e9 des modules.<\/p><\/div>\n<\/div>\n\n\n\n<div class=\"wp-block-zp4-accordions\">\n<div class=\"wp-block-zp4-accordion\"><button class=\"accordion-toggle has-large-font-size\" id=\"accordion-header\" aria-expanded=\"false\" data-accordion-header=\"true\"><span class=\"accordion-icon\"><\/span><h2 class=\"accordion-intro\">Y a-t-il des mesures d\u2019adaptation pour les \u00e9tudiants avec des troubles d\u2019apprentissage?<\/h2><\/button><p id=\"accordion-panel-Le CEIEP s\u2019engage \u00e0 promouvoir les droits de la personne, l\u2019\u00e9quit\u00e9 et la diversit\u00e9 en favorisant un environnement positif et inclusif. Les \u00e9tudiants sont tenus de soumettre une demande d\u2019adaptation, le CEIEP \u00e9tudira la demande et fournira les mesures d\u2019adaptation n\u00e9cessaires qui sont adapt\u00e9es \u00e0 la situation particuli\u00e8re de l\u2019\u00e9tudiant. Pour plus d\u2019informations, veuillez <a href=&quot;https:\/\/ceiep-program.com\/fr\/contact-us-fr\/&quot; data-type=&quot;page&quot; data-id=&quot;103&quot;&gt;nous contacter<\/a&gt;.\" hidden class=\"accordion-content\">Le CEIEP s\u2019engage \u00e0 promouvoir les droits de la personne, l\u2019\u00e9quit\u00e9 et la diversit\u00e9 en favorisant un environnement positif et inclusif. Les \u00e9tudiants sont tenus de soumettre une demande d\u2019adaptation, le CEIEP \u00e9tudira la demande et fournira les mesures d\u2019adaptation n\u00e9cessaires qui sont adapt\u00e9es \u00e0 la situation particuli\u00e8re de l\u2019\u00e9tudiant. Pour plus d\u2019informations, veuillez <a href=\"https:\/\/ceiep-program.com\/fr\/contact-us-fr\/\" data-type=\"page\" data-id=\"103\">nous contacter<\/a>.<\/p><\/div>\n<\/div>\n\n\n\n<div class=\"wp-block-buttons is-content-justification-center is-layout-flex wp-container-core-buttons-is-layout-a89b3969 wp-block-buttons-is-layout-flex\">\n<div class=\"wp-block-button has-custom-width wp-block-button__width-50\"><a class=\"wp-block-button__link wp-element-button\" href=\"mailto:contact@ceiep-program.com\">Si vous avez d\u2019autres questions, envoyez-nous un courriel \u00e0 contact@ceiep-program.com.<\/a><\/div>\n<\/div>\n","protected":false},"excerpt":{"rendered":"","protected":false},"author":3,"featured_media":0,"parent":0,"menu_order":0,"comment_status":"closed","ping_status":"closed","template":"","meta":{"_acf_changed":false,"footnotes":""},"class_list":["post-171","page","type-page","status-publish","hentry"],"acf":[],"yoast_head":"<!-- This site is optimized with the Yoast SEO plugin v27.3 - https:\/\/yoast.com\/product\/yoast-seo-wordpress\/ -->\n<title>FAQ pour les nouveaux \u00e9tudiants - CEIEP - Programme \u00c9ducationnel Canadienne de l\u2019industrie des Ascenseurs<\/title>\n<meta name=\"robots\" content=\"index, follow, max-snippet:-1, max-image-preview:large, max-video-preview:-1\" \/>\n<link rel=\"canonical\" href=\"https:\/\/ceiep-program.com\/fr\/faq-pour-les-nouveaux-etudiants\/\" \/>\n<meta property=\"og:locale\" content=\"fr_CA\" \/>\n<meta property=\"og:type\" content=\"article\" \/>\n<meta property=\"og:title\" content=\"FAQ pour les nouveaux \u00e9tudiants - CEIEP - Programme \u00c9ducationnel Canadienne de l\u2019industrie des Ascenseurs\" \/>\n<meta property=\"og:url\" content=\"https:\/\/ceiep-program.com\/fr\/faq-pour-les-nouveaux-etudiants\/\" \/>\n<meta property=\"og:site_name\" content=\"CEIEP - Programme \u00c9ducationnel Canadienne de l\u2019industrie des Ascenseurs\" \/>\n<meta property=\"article:publisher\" content=\"https:\/\/www.facebook.com\/Ceiepprogram\/\" \/>\n<meta property=\"article:modified_time\" content=\"2023-02-14T16:10:09+00:00\" \/>\n<meta property=\"og:image\" content=\"https:\/\/ceiep-program.com\/fr\/wp-content\/uploads\/sites\/2\/2022\/09\/home-masthead-1200x800.jpeg\" \/>\n<meta name=\"twitter:card\" content=\"summary_large_image\" \/>\n<meta name=\"twitter:site\" content=\"@CEIEPprogram\" \/>\n<meta name=\"twitter:label1\" content=\"Estimation du temps de lecture\" \/>\n\t<meta name=\"twitter:data1\" content=\"1 minute\" \/>\n<script type=\"application\/ld+json\" class=\"yoast-schema-graph\">{\"@context\":\"https:\\\/\\\/schema.org\",\"@graph\":[{\"@type\":\"WebPage\",\"@id\":\"https:\\\/\\\/ceiep-program.com\\\/fr\\\/faq-pour-les-nouveaux-etudiants\\\/\",\"url\":\"https:\\\/\\\/ceiep-program.com\\\/fr\\\/faq-pour-les-nouveaux-etudiants\\\/\",\"name\":\"FAQ pour les nouveaux \u00e9tudiants - CEIEP - Programme \u00c9ducationnel Canadienne de l\u2019industrie des Ascenseurs\",\"isPartOf\":{\"@id\":\"https:\\\/\\\/ceiep-program.com\\\/fr\\\/#website\"},\"primaryImageOfPage\":{\"@id\":\"https:\\\/\\\/ceiep-program.com\\\/fr\\\/faq-pour-les-nouveaux-etudiants\\\/#primaryimage\"},\"image\":{\"@id\":\"https:\\\/\\\/ceiep-program.com\\\/fr\\\/faq-pour-les-nouveaux-etudiants\\\/#primaryimage\"},\"thumbnailUrl\":\"https:\\\/\\\/ceiep-program.com\\\/fr\\\/wp-content\\\/uploads\\\/sites\\\/2\\\/2022\\\/09\\\/home-masthead-1200x800.jpeg\",\"datePublished\":\"2023-01-06T16:20:45+00:00\",\"dateModified\":\"2023-02-14T16:10:09+00:00\",\"breadcrumb\":{\"@id\":\"https:\\\/\\\/ceiep-program.com\\\/fr\\\/faq-pour-les-nouveaux-etudiants\\\/#breadcrumb\"},\"inLanguage\":\"fr-CA\",\"potentialAction\":[{\"@type\":\"ReadAction\",\"target\":[\"https:\\\/\\\/ceiep-program.com\\\/fr\\\/faq-pour-les-nouveaux-etudiants\\\/\"]}]},{\"@type\":\"ImageObject\",\"inLanguage\":\"fr-CA\",\"@id\":\"https:\\\/\\\/ceiep-program.com\\\/fr\\\/faq-pour-les-nouveaux-etudiants\\\/#primaryimage\",\"url\":\"https:\\\/\\\/ceiep-program.com\\\/fr\\\/wp-content\\\/uploads\\\/sites\\\/2\\\/2022\\\/09\\\/home-masthead-1200x800.jpeg\",\"contentUrl\":\"https:\\\/\\\/ceiep-program.com\\\/fr\\\/wp-content\\\/uploads\\\/sites\\\/2\\\/2022\\\/09\\\/home-masthead-1200x800.jpeg\"},{\"@type\":\"BreadcrumbList\",\"@id\":\"https:\\\/\\\/ceiep-program.com\\\/fr\\\/faq-pour-les-nouveaux-etudiants\\\/#breadcrumb\",\"itemListElement\":[{\"@type\":\"ListItem\",\"position\":1,\"name\":\"Home\",\"item\":\"https:\\\/\\\/ceiep-program.com\\\/fr\\\/\"},{\"@type\":\"ListItem\",\"position\":2,\"name\":\"FAQ pour les nouveaux \u00e9tudiants\"}]},{\"@type\":\"WebSite\",\"@id\":\"https:\\\/\\\/ceiep-program.com\\\/fr\\\/#website\",\"url\":\"https:\\\/\\\/ceiep-program.com\\\/fr\\\/\",\"name\":\"CEIEP - Programme \u00c9ducationnel Canadienne de l\u2019industrie des Ascenseurs\",\"description\":\"Just another CEIEP Sites site\",\"publisher\":{\"@id\":\"https:\\\/\\\/ceiep-program.com\\\/fr\\\/#organization\"},\"potentialAction\":[{\"@type\":\"SearchAction\",\"target\":{\"@type\":\"EntryPoint\",\"urlTemplate\":\"https:\\\/\\\/ceiep-program.com\\\/fr\\\/?s={search_term_string}\"},\"query-input\":{\"@type\":\"PropertyValueSpecification\",\"valueRequired\":true,\"valueName\":\"search_term_string\"}}],\"inLanguage\":\"fr-CA\"},{\"@type\":\"Organization\",\"@id\":\"https:\\\/\\\/ceiep-program.com\\\/fr\\\/#organization\",\"name\":\"CEIEP - Programme \u00c9ducationnel Canadienne de l\u2019industrie des Ascenseurs\",\"url\":\"https:\\\/\\\/ceiep-program.com\\\/fr\\\/\",\"logo\":{\"@type\":\"ImageObject\",\"inLanguage\":\"fr-CA\",\"@id\":\"https:\\\/\\\/ceiep-program.com\\\/fr\\\/#\\\/schema\\\/logo\\\/image\\\/\",\"url\":\"https:\\\/\\\/ceiep-program.com\\\/fr\\\/wp-content\\\/uploads\\\/sites\\\/2\\\/2023\\\/02\\\/Allegra-Cover-Logo.png\",\"contentUrl\":\"https:\\\/\\\/ceiep-program.com\\\/fr\\\/wp-content\\\/uploads\\\/sites\\\/2\\\/2023\\\/02\\\/Allegra-Cover-Logo.png\",\"width\":267,\"height\":266,\"caption\":\"CEIEP - Programme \u00c9ducationnel Canadienne de l\u2019industrie des Ascenseurs\"},\"image\":{\"@id\":\"https:\\\/\\\/ceiep-program.com\\\/fr\\\/#\\\/schema\\\/logo\\\/image\\\/\"},\"sameAs\":[\"https:\\\/\\\/www.facebook.com\\\/Ceiepprogram\\\/\",\"https:\\\/\\\/x.com\\\/CEIEPprogram\",\"https:\\\/\\\/www.instagram.com\\\/ceiepprogram\\\/\"]}]}<\/script>\n<!-- \/ Yoast SEO plugin. -->","yoast_head_json":{"title":"FAQ pour les nouveaux \u00e9tudiants - CEIEP - Programme \u00c9ducationnel Canadienne de l\u2019industrie des Ascenseurs","robots":{"index":"index","follow":"follow","max-snippet":"max-snippet:-1","max-image-preview":"max-image-preview:large","max-video-preview":"max-video-preview:-1"},"canonical":"https:\/\/ceiep-program.com\/fr\/faq-pour-les-nouveaux-etudiants\/","og_locale":"fr_CA","og_type":"article","og_title":"FAQ pour les nouveaux \u00e9tudiants - CEIEP - Programme \u00c9ducationnel Canadienne de l\u2019industrie des Ascenseurs","og_url":"https:\/\/ceiep-program.com\/fr\/faq-pour-les-nouveaux-etudiants\/","og_site_name":"CEIEP - Programme \u00c9ducationnel Canadienne de l\u2019industrie des Ascenseurs","article_publisher":"https:\/\/www.facebook.com\/Ceiepprogram\/","article_modified_time":"2023-02-14T16:10:09+00:00","og_image":[{"url":"https:\/\/ceiep-program.com\/fr\/wp-content\/uploads\/sites\/2\/2022\/09\/home-masthead-1200x800.jpeg","type":"","width":"","height":""}],"twitter_card":"summary_large_image","twitter_site":"@CEIEPprogram","twitter_misc":{"Estimation du temps de lecture":"1 minute"},"schema":{"@context":"https:\/\/schema.org","@graph":[{"@type":"WebPage","@id":"https:\/\/ceiep-program.com\/fr\/faq-pour-les-nouveaux-etudiants\/","url":"https:\/\/ceiep-program.com\/fr\/faq-pour-les-nouveaux-etudiants\/","name":"FAQ pour les nouveaux \u00e9tudiants - CEIEP - Programme \u00c9ducationnel Canadienne de l\u2019industrie des Ascenseurs","isPartOf":{"@id":"https:\/\/ceiep-program.com\/fr\/#website"},"primaryImageOfPage":{"@id":"https:\/\/ceiep-program.com\/fr\/faq-pour-les-nouveaux-etudiants\/#primaryimage"},"image":{"@id":"https:\/\/ceiep-program.com\/fr\/faq-pour-les-nouveaux-etudiants\/#primaryimage"},"thumbnailUrl":"https:\/\/ceiep-program.com\/fr\/wp-content\/uploads\/sites\/2\/2022\/09\/home-masthead-1200x800.jpeg","datePublished":"2023-01-06T16:20:45+00:00","dateModified":"2023-02-14T16:10:09+00:00","breadcrumb":{"@id":"https:\/\/ceiep-program.com\/fr\/faq-pour-les-nouveaux-etudiants\/#breadcrumb"},"inLanguage":"fr-CA","potentialAction":[{"@type":"ReadAction","target":["https:\/\/ceiep-program.com\/fr\/faq-pour-les-nouveaux-etudiants\/"]}]},{"@type":"ImageObject","inLanguage":"fr-CA","@id":"https:\/\/ceiep-program.com\/fr\/faq-pour-les-nouveaux-etudiants\/#primaryimage","url":"https:\/\/ceiep-program.com\/fr\/wp-content\/uploads\/sites\/2\/2022\/09\/home-masthead-1200x800.jpeg","contentUrl":"https:\/\/ceiep-program.com\/fr\/wp-content\/uploads\/sites\/2\/2022\/09\/home-masthead-1200x800.jpeg"},{"@type":"BreadcrumbList","@id":"https:\/\/ceiep-program.com\/fr\/faq-pour-les-nouveaux-etudiants\/#breadcrumb","itemListElement":[{"@type":"ListItem","position":1,"name":"Home","item":"https:\/\/ceiep-program.com\/fr\/"},{"@type":"ListItem","position":2,"name":"FAQ pour les nouveaux \u00e9tudiants"}]},{"@type":"WebSite","@id":"https:\/\/ceiep-program.com\/fr\/#website","url":"https:\/\/ceiep-program.com\/fr\/","name":"CEIEP - Programme \u00c9ducationnel Canadienne de l\u2019industrie des Ascenseurs","description":"Just another CEIEP Sites site","publisher":{"@id":"https:\/\/ceiep-program.com\/fr\/#organization"},"potentialAction":[{"@type":"SearchAction","target":{"@type":"EntryPoint","urlTemplate":"https:\/\/ceiep-program.com\/fr\/?s={search_term_string}"},"query-input":{"@type":"PropertyValueSpecification","valueRequired":true,"valueName":"search_term_string"}}],"inLanguage":"fr-CA"},{"@type":"Organization","@id":"https:\/\/ceiep-program.com\/fr\/#organization","name":"CEIEP - Programme \u00c9ducationnel Canadienne de l\u2019industrie des Ascenseurs","url":"https:\/\/ceiep-program.com\/fr\/","logo":{"@type":"ImageObject","inLanguage":"fr-CA","@id":"https:\/\/ceiep-program.com\/fr\/#\/schema\/logo\/image\/","url":"https:\/\/ceiep-program.com\/fr\/wp-content\/uploads\/sites\/2\/2023\/02\/Allegra-Cover-Logo.png","contentUrl":"https:\/\/ceiep-program.com\/fr\/wp-content\/uploads\/sites\/2\/2023\/02\/Allegra-Cover-Logo.png","width":267,"height":266,"caption":"CEIEP - Programme \u00c9ducationnel Canadienne de l\u2019industrie des Ascenseurs"},"image":{"@id":"https:\/\/ceiep-program.com\/fr\/#\/schema\/logo\/image\/"},"sameAs":["https:\/\/www.facebook.com\/Ceiepprogram\/","https:\/\/x.com\/CEIEPprogram","https:\/\/www.instagram.com\/ceiepprogram\/"]}]}},"_links":{"self":[{"href":"https:\/\/ceiep-program.com\/fr\/wp-json\/wp\/v2\/pages\/171","targetHints":{"allow":["GET"]}}],"collection":[{"href":"https:\/\/ceiep-program.com\/fr\/wp-json\/wp\/v2\/pages"}],"about":[{"href":"https:\/\/ceiep-program.com\/fr\/wp-json\/wp\/v2\/types\/page"}],"author":[{"embeddable":true,"href":"https:\/\/ceiep-program.com\/fr\/wp-json\/wp\/v2\/users\/3"}],"replies":[{"embeddable":true,"href":"https:\/\/ceiep-program.com\/fr\/wp-json\/wp\/v2\/comments?post=171"}],"version-history":[{"count":7,"href":"https:\/\/ceiep-program.com\/fr\/wp-json\/wp\/v2\/pages\/171\/revisions"}],"predecessor-version":[{"id":364,"href":"https:\/\/ceiep-program.com\/fr\/wp-json\/wp\/v2\/pages\/171\/revisions\/364"}],"wp:attachment":[{"href":"https:\/\/ceiep-program.com\/fr\/wp-json\/wp\/v2\/media?parent=171"}],"curies":[{"name":"wp","href":"https:\/\/api.w.org\/{rel}","templated":true}]}}