{"id":167,"date":"2023-01-06T11:19:07","date_gmt":"2023-01-06T16:19:07","guid":{"rendered":"https:\/\/ceiep-program.com\/fr\/?page_id=167"},"modified":"2024-07-04T11:33:41","modified_gmt":"2024-07-04T15:33:41","slug":"faq-pour-les-etudiants-existants","status":"publish","type":"page","link":"https:\/\/ceiep-program.com\/fr\/faq-pour-les-etudiants-existants\/","title":{"rendered":"FAQ pour les \u00e9tudiants existants"},"content":{"rendered":"\n<div class=\"wp-block-zp4-masthead alignfull\"><div class=\"masthead\"><div class=\"image-container\"><img loading=\"lazy\" decoding=\"async\" width=\"1200\" height=\"800\" src=\"https:\/\/ceiep-program.com\/fr\/wp-content\/uploads\/sites\/2\/2022\/09\/home-masthead-1200x800.jpeg\" alt=\"\" class=\"wp-image-12\" srcset=\"https:\/\/ceiep-program.com\/fr\/wp-content\/uploads\/sites\/2\/2022\/09\/home-masthead-1200x800.jpeg 1200w, https:\/\/ceiep-program.com\/fr\/wp-content\/uploads\/sites\/2\/2022\/09\/home-masthead-300x200.jpeg 300w, https:\/\/ceiep-program.com\/fr\/wp-content\/uploads\/sites\/2\/2022\/09\/home-masthead-1024x683.jpeg 1024w, https:\/\/ceiep-program.com\/fr\/wp-content\/uploads\/sites\/2\/2022\/09\/home-masthead-768x512.jpeg 768w, https:\/\/ceiep-program.com\/fr\/wp-content\/uploads\/sites\/2\/2022\/09\/home-masthead-1536x1024.jpeg 1536w, https:\/\/ceiep-program.com\/fr\/wp-content\/uploads\/sites\/2\/2022\/09\/home-masthead-68x45.jpeg 68w, https:\/\/ceiep-program.com\/fr\/wp-content\/uploads\/sites\/2\/2022\/09\/home-masthead.jpeg 1920w\" sizes=\"auto, (max-width: 1200px) 100vw, 1200px\" \/><\/div><div class=\"content-container\"><h1>Foire aux questions<\/h1><p class=\"has-large-font-size\">Vous trouverez ci-dessous les r\u00e9ponses aux questions qui nous sont les plus fr\u00e9quemment pos\u00e9es<\/p>\n<div class=\"wp-block-buttons is-content-justification-center is-layout-flex wp-container-core-buttons-is-layout-a89b3969 wp-block-buttons-is-layout-flex\">\n\n\n\n<\/div>\n<\/div><\/div><\/div>\n\n\n\n<div class=\"wp-block-zp4-inline-menu\"><nav aria-label=\"FAQ\"><ul><li><a href=\"https:\/\/ceiep-program.com\/fr\/faq-pour-les-nouveaux-etudiants\/\">Nouveaux \u00e9tudiants<\/a><\/li><li class=\"active\"><a href=\"https:\/\/ceiep-program.com\/fr\/faq-pour-les-etudiants-existants\/\">\u00c9tudiants existants<\/a><\/li><li><a href=\"https:\/\/ceiep-program.com\/fr\/faq-pour-les-instructeurs\/\">Formateurs<\/a><\/li><\/ul><\/nav><\/div>\n\n\n\n<div class=\"wp-block-zp4-accordions\">\n<div class=\"wp-block-zp4-accordion\"><button class=\"accordion-toggle has-large-font-size\" id=\"accordion-header\" aria-expanded=\"false\" data-accordion-header=\"true\"><span class=\"accordion-icon\"><\/span><h2 class=\"accordion-intro\">Comment puis-je me connecter au Portail d\u2019Info \u00c9tudiants?<\/h2><\/button><p id=\"accordion-panel\" hidden class=\"accordion-content\">Votre formateur vous fournira une carte d\u2019\u00e9tudiant, qui aura votre pr\u00e9nom, votre nom et votre identifiant CEIEP. Pour activer votre compte sur le Portail d\u2019Info \u00c9tudiants et cr\u00e9er vos nouvelles informations d\u2019identification, cliquez <a href=\"https:\/\/students.ceiep-program.com\/account-activation\" target=\"_blank\" rel=\"noreferrer noopener\">ici<\/a>.<br><br>Si vous avez d\u00e9j\u00e0 activ\u00e9 votre compte, vous pouvez utiliser votre identifiant CEIEP ainsi que votre mot de passe existant pour vous connecter au Portail d\u2019Info \u00c9tudiants <a href=\"https:\/\/students.ceiep-program.com\/login\" target=\"_blank\" rel=\"noreferrer noopener\">ici<\/a>.<\/p><\/div>\n\n\n\n<div class=\"wp-block-zp4-accordion\"><button class=\"accordion-toggle has-large-font-size\" id=\"accordion-header\" aria-expanded=\"false\" data-accordion-header=\"true\"><span class=\"accordion-icon\"><\/span><h2 class=\"accordion-intro\">Comment puis-je r\u00e9initialiser le mot de passe?<\/h2><\/button><p id=\"accordion-panel\" hidden class=\"accordion-content\">Pour r\u00e9initialiser le mot de passe, cliquez sur le lien \u00ab J\u2019ai oubli\u00e9 mon mot de passe \u00bb dans la page de connexion du Portail d\u2019Info \u00c9tudiants ou cliquez <a href=\"https:\/\/students.ceiep-program.com\/forgot-password\" target=\"_blank\" rel=\"noreferrer noopener\">ici<\/a>.<\/p><\/div>\n<\/div>\n\n\n\n<div class=\"wp-block-zp4-accordions\">\n<div class=\"wp-block-zp4-accordion\"><button class=\"accordion-toggle has-large-font-size\" id=\"accordion-header\" aria-expanded=\"false\" data-accordion-header=\"true\"><span class=\"accordion-icon\"><\/span><h2 class=\"accordion-intro\">O\u00f9 puis-je trouver mon mat\u00e9riel de cours?<\/h2><\/button><p id=\"accordion-panel\" hidden class=\"accordion-content\">Le mat\u00e9riel de cours est disponible en ligne sur <a href=\"https:\/\/lms.ceiep-program.com\/login\/index.php\" target=\"_blank\" rel=\"noreferrer noopener\">le portail <u>d\u2019apprentissage en ligne<\/u><\/a>, veuillez vous connecter en utilisant votre ID CEIEP et le m\u00eame mot de passe cr\u00e9\u00e9 pour le Portail d\u2019Info \u00c9tudiants.<\/p><\/div>\n\n\n\n<div class=\"wp-block-zp4-accordion\"><button class=\"accordion-toggle has-large-font-size\" id=\"accordion-header\" aria-expanded=\"false\" data-accordion-header=\"true\"><span class=\"accordion-icon\"><\/span><h2 class=\"accordion-intro\">Comment puis-je mettre \u00e0 jour mes renseignements personnels?<\/h2><\/button><p id=\"accordion-panel\" hidden class=\"accordion-content\">Si l\u2019une de vos informations personnelles a chang\u00e9, comme votre nom, votre adresse, votre num\u00e9ro de t\u00e9l\u00e9phone, etc., veuillez mettre \u00e0 jour les informations \u00e0 l\u2019aide du bouton informations personnelles disponible sur votre <a href=\"https:\/\/students.ceiep-program.com\/login\" target=\"_blank\" rel=\"noreferrer noopener\">Portail d\u2019Info \u00c9tudiants<\/a>.<\/p><\/div>\n<\/div>\n\n\n\n<div class=\"wp-block-zp4-accordions\">\n<div class=\"wp-block-zp4-accordion\"><button class=\"accordion-toggle has-large-font-size\" id=\"accordion-header\" aria-expanded=\"false\" data-accordion-header=\"true\"><span class=\"accordion-icon\"><\/span><h2 class=\"accordion-intro\">J\u2019ai une question pour ma UICA Section Locale, qui dois-je contacter?<\/h2><\/button><p id=\"accordion-panel\" hidden class=\"accordion-content\">Pour toute question sp\u00e9cifique \u00e0 votre UICA Section Locale, contactez votre coordonnateur de secteur d\u00e9sign\u00e9. Vous trouverez une liste des coordonnateurs de secteur <a href=\"https:\/\/ceiep-program.com\/fr\/area-coordinators\/\" data-type=\"page\" data-id=\"253\">ici<\/a>.<br><\/p><\/div>\n<\/div>\n\n\n\n<div class=\"wp-block-buttons is-content-justification-center is-layout-flex wp-container-core-buttons-is-layout-a89b3969 wp-block-buttons-is-layout-flex\">\n<div class=\"wp-block-button has-custom-width wp-block-button__width-50\"><a class=\"wp-block-button__link wp-element-button\" href=\"mailto:contact@ceiep-program.com\">Si vous avez d\u2019autres questions, envoyez-nous un courriel \u00e0 contact@ceiep-program.com.<\/a><\/div>\n<\/div>\n","protected":false},"excerpt":{"rendered":"","protected":false},"author":3,"featured_media":0,"parent":0,"menu_order":0,"comment_status":"closed","ping_status":"closed","template":"","meta":{"_acf_changed":false,"footnotes":""},"class_list":["post-167","page","type-page","status-publish","hentry"],"acf":[],"yoast_head":"<!-- This site is optimized with the Yoast SEO plugin v27.4 - https:\/\/yoast.com\/product\/yoast-seo-wordpress\/ -->\n<title>FAQ pour les \u00e9tudiants existants - CEIEP - Programme \u00c9ducationnel Canadienne de l\u2019industrie des Ascenseurs<\/title>\n<meta name=\"robots\" content=\"index, follow, max-snippet:-1, max-image-preview:large, max-video-preview:-1\" \/>\n<link rel=\"canonical\" href=\"https:\/\/ceiep-program.com\/fr\/faq-pour-les-etudiants-existants\/\" \/>\n<meta property=\"og:locale\" content=\"fr_CA\" \/>\n<meta property=\"og:type\" content=\"article\" \/>\n<meta property=\"og:title\" content=\"FAQ pour les \u00e9tudiants existants - CEIEP - Programme \u00c9ducationnel Canadienne de l\u2019industrie des Ascenseurs\" \/>\n<meta property=\"og:url\" content=\"https:\/\/ceiep-program.com\/fr\/faq-pour-les-etudiants-existants\/\" \/>\n<meta property=\"og:site_name\" content=\"CEIEP - Programme \u00c9ducationnel Canadienne de l\u2019industrie des Ascenseurs\" \/>\n<meta property=\"article:publisher\" content=\"https:\/\/www.facebook.com\/Ceiepprogram\/\" \/>\n<meta property=\"article:modified_time\" content=\"2024-07-04T15:33:41+00:00\" \/>\n<meta property=\"og:image\" content=\"https:\/\/ceiep-program.com\/fr\/wp-content\/uploads\/sites\/2\/2022\/09\/home-masthead-1200x800.jpeg\" \/>\n<meta name=\"twitter:card\" content=\"summary_large_image\" \/>\n<meta name=\"twitter:site\" content=\"@CEIEPprogram\" \/>\n<meta name=\"twitter:label1\" content=\"Estimation du temps de lecture\" \/>\n\t<meta name=\"twitter:data1\" content=\"2 minutes\" \/>\n<script type=\"application\/ld+json\" class=\"yoast-schema-graph\">{\"@context\":\"https:\\\/\\\/schema.org\",\"@graph\":[{\"@type\":\"WebPage\",\"@id\":\"https:\\\/\\\/ceiep-program.com\\\/fr\\\/faq-pour-les-etudiants-existants\\\/\",\"url\":\"https:\\\/\\\/ceiep-program.com\\\/fr\\\/faq-pour-les-etudiants-existants\\\/\",\"name\":\"FAQ pour les \u00e9tudiants existants - CEIEP - Programme \u00c9ducationnel Canadienne de l\u2019industrie des Ascenseurs\",\"isPartOf\":{\"@id\":\"https:\\\/\\\/ceiep-program.com\\\/fr\\\/#website\"},\"primaryImageOfPage\":{\"@id\":\"https:\\\/\\\/ceiep-program.com\\\/fr\\\/faq-pour-les-etudiants-existants\\\/#primaryimage\"},\"image\":{\"@id\":\"https:\\\/\\\/ceiep-program.com\\\/fr\\\/faq-pour-les-etudiants-existants\\\/#primaryimage\"},\"thumbnailUrl\":\"https:\\\/\\\/ceiep-program.com\\\/fr\\\/wp-content\\\/uploads\\\/sites\\\/2\\\/2022\\\/09\\\/home-masthead-1200x800.jpeg\",\"datePublished\":\"2023-01-06T16:19:07+00:00\",\"dateModified\":\"2024-07-04T15:33:41+00:00\",\"breadcrumb\":{\"@id\":\"https:\\\/\\\/ceiep-program.com\\\/fr\\\/faq-pour-les-etudiants-existants\\\/#breadcrumb\"},\"inLanguage\":\"fr-CA\",\"potentialAction\":[{\"@type\":\"ReadAction\",\"target\":[\"https:\\\/\\\/ceiep-program.com\\\/fr\\\/faq-pour-les-etudiants-existants\\\/\"]}]},{\"@type\":\"ImageObject\",\"inLanguage\":\"fr-CA\",\"@id\":\"https:\\\/\\\/ceiep-program.com\\\/fr\\\/faq-pour-les-etudiants-existants\\\/#primaryimage\",\"url\":\"https:\\\/\\\/ceiep-program.com\\\/fr\\\/wp-content\\\/uploads\\\/sites\\\/2\\\/2022\\\/09\\\/home-masthead-1200x800.jpeg\",\"contentUrl\":\"https:\\\/\\\/ceiep-program.com\\\/fr\\\/wp-content\\\/uploads\\\/sites\\\/2\\\/2022\\\/09\\\/home-masthead-1200x800.jpeg\"},{\"@type\":\"BreadcrumbList\",\"@id\":\"https:\\\/\\\/ceiep-program.com\\\/fr\\\/faq-pour-les-etudiants-existants\\\/#breadcrumb\",\"itemListElement\":[{\"@type\":\"ListItem\",\"position\":1,\"name\":\"Home\",\"item\":\"https:\\\/\\\/ceiep-program.com\\\/fr\\\/\"},{\"@type\":\"ListItem\",\"position\":2,\"name\":\"FAQ pour les \u00e9tudiants existants\"}]},{\"@type\":\"WebSite\",\"@id\":\"https:\\\/\\\/ceiep-program.com\\\/fr\\\/#website\",\"url\":\"https:\\\/\\\/ceiep-program.com\\\/fr\\\/\",\"name\":\"CEIEP - Programme \u00c9ducationnel Canadienne de l\u2019industrie des Ascenseurs\",\"description\":\"Just another CEIEP Sites site\",\"publisher\":{\"@id\":\"https:\\\/\\\/ceiep-program.com\\\/fr\\\/#organization\"},\"potentialAction\":[{\"@type\":\"SearchAction\",\"target\":{\"@type\":\"EntryPoint\",\"urlTemplate\":\"https:\\\/\\\/ceiep-program.com\\\/fr\\\/?s={search_term_string}\"},\"query-input\":{\"@type\":\"PropertyValueSpecification\",\"valueRequired\":true,\"valueName\":\"search_term_string\"}}],\"inLanguage\":\"fr-CA\"},{\"@type\":\"Organization\",\"@id\":\"https:\\\/\\\/ceiep-program.com\\\/fr\\\/#organization\",\"name\":\"CEIEP - Programme \u00c9ducationnel Canadienne de l\u2019industrie des Ascenseurs\",\"url\":\"https:\\\/\\\/ceiep-program.com\\\/fr\\\/\",\"logo\":{\"@type\":\"ImageObject\",\"inLanguage\":\"fr-CA\",\"@id\":\"https:\\\/\\\/ceiep-program.com\\\/fr\\\/#\\\/schema\\\/logo\\\/image\\\/\",\"url\":\"https:\\\/\\\/ceiep-program.com\\\/fr\\\/wp-content\\\/uploads\\\/sites\\\/2\\\/2023\\\/02\\\/Allegra-Cover-Logo.png\",\"contentUrl\":\"https:\\\/\\\/ceiep-program.com\\\/fr\\\/wp-content\\\/uploads\\\/sites\\\/2\\\/2023\\\/02\\\/Allegra-Cover-Logo.png\",\"width\":267,\"height\":266,\"caption\":\"CEIEP - Programme \u00c9ducationnel Canadienne de l\u2019industrie des Ascenseurs\"},\"image\":{\"@id\":\"https:\\\/\\\/ceiep-program.com\\\/fr\\\/#\\\/schema\\\/logo\\\/image\\\/\"},\"sameAs\":[\"https:\\\/\\\/www.facebook.com\\\/Ceiepprogram\\\/\",\"https:\\\/\\\/x.com\\\/CEIEPprogram\",\"https:\\\/\\\/www.instagram.com\\\/ceiepprogram\\\/\"]}]}<\/script>\n<!-- \/ Yoast SEO plugin. -->","yoast_head_json":{"title":"FAQ pour les \u00e9tudiants existants - CEIEP - Programme \u00c9ducationnel Canadienne de l\u2019industrie des Ascenseurs","robots":{"index":"index","follow":"follow","max-snippet":"max-snippet:-1","max-image-preview":"max-image-preview:large","max-video-preview":"max-video-preview:-1"},"canonical":"https:\/\/ceiep-program.com\/fr\/faq-pour-les-etudiants-existants\/","og_locale":"fr_CA","og_type":"article","og_title":"FAQ pour les \u00e9tudiants existants - CEIEP - Programme \u00c9ducationnel Canadienne de l\u2019industrie des Ascenseurs","og_url":"https:\/\/ceiep-program.com\/fr\/faq-pour-les-etudiants-existants\/","og_site_name":"CEIEP - Programme \u00c9ducationnel Canadienne de l\u2019industrie des Ascenseurs","article_publisher":"https:\/\/www.facebook.com\/Ceiepprogram\/","article_modified_time":"2024-07-04T15:33:41+00:00","og_image":[{"url":"https:\/\/ceiep-program.com\/fr\/wp-content\/uploads\/sites\/2\/2022\/09\/home-masthead-1200x800.jpeg","type":"","width":"","height":""}],"twitter_card":"summary_large_image","twitter_site":"@CEIEPprogram","twitter_misc":{"Estimation du temps de lecture":"2 minutes"},"schema":{"@context":"https:\/\/schema.org","@graph":[{"@type":"WebPage","@id":"https:\/\/ceiep-program.com\/fr\/faq-pour-les-etudiants-existants\/","url":"https:\/\/ceiep-program.com\/fr\/faq-pour-les-etudiants-existants\/","name":"FAQ pour les \u00e9tudiants existants - CEIEP - Programme \u00c9ducationnel Canadienne de l\u2019industrie des Ascenseurs","isPartOf":{"@id":"https:\/\/ceiep-program.com\/fr\/#website"},"primaryImageOfPage":{"@id":"https:\/\/ceiep-program.com\/fr\/faq-pour-les-etudiants-existants\/#primaryimage"},"image":{"@id":"https:\/\/ceiep-program.com\/fr\/faq-pour-les-etudiants-existants\/#primaryimage"},"thumbnailUrl":"https:\/\/ceiep-program.com\/fr\/wp-content\/uploads\/sites\/2\/2022\/09\/home-masthead-1200x800.jpeg","datePublished":"2023-01-06T16:19:07+00:00","dateModified":"2024-07-04T15:33:41+00:00","breadcrumb":{"@id":"https:\/\/ceiep-program.com\/fr\/faq-pour-les-etudiants-existants\/#breadcrumb"},"inLanguage":"fr-CA","potentialAction":[{"@type":"ReadAction","target":["https:\/\/ceiep-program.com\/fr\/faq-pour-les-etudiants-existants\/"]}]},{"@type":"ImageObject","inLanguage":"fr-CA","@id":"https:\/\/ceiep-program.com\/fr\/faq-pour-les-etudiants-existants\/#primaryimage","url":"https:\/\/ceiep-program.com\/fr\/wp-content\/uploads\/sites\/2\/2022\/09\/home-masthead-1200x800.jpeg","contentUrl":"https:\/\/ceiep-program.com\/fr\/wp-content\/uploads\/sites\/2\/2022\/09\/home-masthead-1200x800.jpeg"},{"@type":"BreadcrumbList","@id":"https:\/\/ceiep-program.com\/fr\/faq-pour-les-etudiants-existants\/#breadcrumb","itemListElement":[{"@type":"ListItem","position":1,"name":"Home","item":"https:\/\/ceiep-program.com\/fr\/"},{"@type":"ListItem","position":2,"name":"FAQ pour les \u00e9tudiants existants"}]},{"@type":"WebSite","@id":"https:\/\/ceiep-program.com\/fr\/#website","url":"https:\/\/ceiep-program.com\/fr\/","name":"CEIEP - Programme \u00c9ducationnel Canadienne de l\u2019industrie des Ascenseurs","description":"Just another CEIEP Sites site","publisher":{"@id":"https:\/\/ceiep-program.com\/fr\/#organization"},"potentialAction":[{"@type":"SearchAction","target":{"@type":"EntryPoint","urlTemplate":"https:\/\/ceiep-program.com\/fr\/?s={search_term_string}"},"query-input":{"@type":"PropertyValueSpecification","valueRequired":true,"valueName":"search_term_string"}}],"inLanguage":"fr-CA"},{"@type":"Organization","@id":"https:\/\/ceiep-program.com\/fr\/#organization","name":"CEIEP - Programme \u00c9ducationnel Canadienne de l\u2019industrie des Ascenseurs","url":"https:\/\/ceiep-program.com\/fr\/","logo":{"@type":"ImageObject","inLanguage":"fr-CA","@id":"https:\/\/ceiep-program.com\/fr\/#\/schema\/logo\/image\/","url":"https:\/\/ceiep-program.com\/fr\/wp-content\/uploads\/sites\/2\/2023\/02\/Allegra-Cover-Logo.png","contentUrl":"https:\/\/ceiep-program.com\/fr\/wp-content\/uploads\/sites\/2\/2023\/02\/Allegra-Cover-Logo.png","width":267,"height":266,"caption":"CEIEP - Programme \u00c9ducationnel Canadienne de l\u2019industrie des Ascenseurs"},"image":{"@id":"https:\/\/ceiep-program.com\/fr\/#\/schema\/logo\/image\/"},"sameAs":["https:\/\/www.facebook.com\/Ceiepprogram\/","https:\/\/x.com\/CEIEPprogram","https:\/\/www.instagram.com\/ceiepprogram\/"]}]}},"_links":{"self":[{"href":"https:\/\/ceiep-program.com\/fr\/wp-json\/wp\/v2\/pages\/167","targetHints":{"allow":["GET"]}}],"collection":[{"href":"https:\/\/ceiep-program.com\/fr\/wp-json\/wp\/v2\/pages"}],"about":[{"href":"https:\/\/ceiep-program.com\/fr\/wp-json\/wp\/v2\/types\/page"}],"author":[{"embeddable":true,"href":"https:\/\/ceiep-program.com\/fr\/wp-json\/wp\/v2\/users\/3"}],"replies":[{"embeddable":true,"href":"https:\/\/ceiep-program.com\/fr\/wp-json\/wp\/v2\/comments?post=167"}],"version-history":[{"count":10,"href":"https:\/\/ceiep-program.com\/fr\/wp-json\/wp\/v2\/pages\/167\/revisions"}],"predecessor-version":[{"id":555,"href":"https:\/\/ceiep-program.com\/fr\/wp-json\/wp\/v2\/pages\/167\/revisions\/555"}],"wp:attachment":[{"href":"https:\/\/ceiep-program.com\/fr\/wp-json\/wp\/v2\/media?parent=167"}],"curies":[{"name":"wp","href":"https:\/\/api.w.org\/{rel}","templated":true}]}}