{"id":125,"date":"2022-11-17T15:24:18","date_gmt":"2022-11-17T20:24:18","guid":{"rendered":"https:\/\/ceiep-program.com\/fr\/?page_id=125"},"modified":"2023-02-14T10:17:43","modified_gmt":"2023-02-14T15:17:43","slug":"terms-of-use","status":"publish","type":"page","link":"https:\/\/ceiep-program.com\/fr\/terms-of-use\/","title":{"rendered":"Terms of Use FR"},"content":{"rendered":"\n<div class=\"wp-block-zp4-masthead alignfull\"><div class=\"masthead\"><div class=\"image-container\"><img loading=\"lazy\" decoding=\"async\" width=\"1920\" height=\"441\" src=\"https:\/\/ceiep-program.com\/fr\/wp-content\/uploads\/sites\/2\/2023\/01\/banner-3-1920x441.jpg\" alt=\"\" class=\"wp-image-161\" srcset=\"https:\/\/ceiep-program.com\/fr\/wp-content\/uploads\/sites\/2\/2023\/01\/banner-3-1920x441.jpg 1920w, https:\/\/ceiep-program.com\/fr\/wp-content\/uploads\/sites\/2\/2023\/01\/banner-3-300x69.jpg 300w, https:\/\/ceiep-program.com\/fr\/wp-content\/uploads\/sites\/2\/2023\/01\/banner-3-1024x235.jpg 1024w, https:\/\/ceiep-program.com\/fr\/wp-content\/uploads\/sites\/2\/2023\/01\/banner-3-768x176.jpg 768w, https:\/\/ceiep-program.com\/fr\/wp-content\/uploads\/sites\/2\/2023\/01\/banner-3-1536x353.jpg 1536w, https:\/\/ceiep-program.com\/fr\/wp-content\/uploads\/sites\/2\/2023\/01\/banner-3-2048x470.jpg 2048w, https:\/\/ceiep-program.com\/fr\/wp-content\/uploads\/sites\/2\/2023\/01\/banner-3-68x16.jpg 68w\" sizes=\"auto, (max-width: 1920px) 100vw, 1920px\" \/><\/div><div class=\"content-container\"><h1>Conditions d&rsquo;utilisation<\/h1><p class=\"has-large-font-size\"><\/p>\n<div class=\"wp-block-buttons is-content-justification-center is-layout-flex wp-container-core-buttons-is-layout-a89b3969 wp-block-buttons-is-layout-flex\">\n\n\n\n<\/div>\n<\/div><\/div><\/div>\n\n\n\n<p><\/p>\n\n\n\n<h2 class=\"wp-block-heading\">Acceptation des conditions<\/h2>\n\n\n\n<p>Les services que ce site Web vous fournit sont soumis aux conditions d\u2019utilisation suivantes.<\/p>\n\n\n\n<h2 class=\"wp-block-heading\">Affichage d\u2019informations priv\u00e9es<\/h2>\n\n\n\n<p>Ce site Web et les informations qu\u2019il contient sont \u00e0 l\u2019usage de son propri\u00e9taire et s\u2019appliquent \u00e0 toutes les pages Web qui y sont desservies.&nbsp; Le propri\u00e9taire du site Web se r\u00e9serve ce site Web, et tous les droits l\u00e9gaux en vertu de tout gouvernement et se r\u00e9serve sp\u00e9cifiquement ses droits, r\u00e9clamations, et d\u00e9fenses pour toute omission ou inclusion concernant le contenu trouv\u00e9 dans ce site Web.<\/p>\n\n\n\n<p>Vous reconnaissez et acceptez que le propri\u00e9taire du site Web se r\u00e9serve le droit de r\u00e9viser ces informations l\u00e9gales \u00e0 tout moment pour quelque raison que ce soit et se r\u00e9serve le droit d\u2019apporter des modifications \u00e0 tout moment, sans pr\u00e9avis ni obligation, \u00e0 l\u2019une des informations et des mat\u00e9riaux contenus sur ce site Web. Vous reconnaissez et acceptez en outre qu\u2019en acc\u00e9dant \u00e0 ce site Web, vous serez li\u00e9 par de telles r\u00e9visions au site Web et que le propri\u00e9taire du site Web vous a encourag\u00e9 \u00e0 visiter p\u00e9riodiquement le site Web et cette page pour examiner ces termes et conditions.<\/p>\n\n\n\n<p>Vous comprenez et acceptez en visitant ce site Web que le contenu est \u00e0 l\u2019usage du propri\u00e9taire du site Web et que toute visualisation publique de ces informations est \u00e0 vos propres risques.&nbsp; Vous convenez en outre que, bien que certains contenus puissent \u00eatre offensants, ce contenu reste l\u2019opinion de la ressource \u00e0 partir de laquelle les informations ont \u00e9t\u00e9 obtenues et que vous pouvez choisir \u00e0 tout moment de simplement ne pas voir ce contenu.<\/p>\n\n\n\n<h2 class=\"wp-block-heading\">Consentement implicite<\/h2>\n\n\n\n<p>Toutes les informations recueillies par le propri\u00e9taire du site Web lors de votre visite ne seront pas revendues \u00e0 un tiers. Vous acceptez, par consentement implicite, que le propri\u00e9taire du site Web se r\u00e9serve le droit de suivre vos activit\u00e9s et, si n\u00e9cessaire, de refuser l\u2019acc\u00e8s aux aires prot\u00e9g\u00e9es.<\/p>\n\n\n\n<h2 class=\"wp-block-heading\">Aucune utilisation ill\u00e9gale ou interdite<\/h2>\n\n\n\n<p>Comme condition de votre utilisation des Services, vous n\u2019utiliserez pas les Services \u00e0 des fins ill\u00e9gales ou interdites par ces termes, conditions et avis. Vous ne pouvez pas utiliser les Services d\u2019une mani\u00e8re qui pourrait endommager, d\u00e9sactiver, surcharger ou d\u00e9t\u00e9riorer notre serveur Web, ou notre r\u00e9seau, ou interf\u00e9rer avec l\u2019utilisation et la jouissance de tout autre tiers de tout Service. Vous ne pouvez pas tenter d\u2019obtenir un acc\u00e8s non autoris\u00e9 \u00e0 des Services, d\u2019autres comptes, syst\u00e8mes informatiques ou r\u00e9seaux connect\u00e9s \u00e0 notre serveur ou \u00e0 l\u2019un des Services, par le piratage, l\u2019extraction de mots de passe ou tout autre moyen. Vous ne pouvez pas obtenir ou tenter d\u2019obtenir des documents ou des informations par des moyens qui ne sont pas intentionnellement mis \u00e0 disposition par le biais des Services.<\/p>\n\n\n\n<h2 class=\"wp-block-heading\">Limitation de l\u2019utilisation personnelle et non commerciale<\/h2>\n\n\n\n<p>Sauf indication contraire, les services sont destin\u00e9s \u00e0 votre usage personnel et non commercial. Vous ne pouvez pas modifier, copier, distribuer, transmettre, afficher, ex\u00e9cuter, reproduire, publier, conc\u00e9der sous licence, cr\u00e9er des \u0153uvres d\u00e9riv\u00e9es, transf\u00e9rer ou vendre des informations, logiciels, produits ou services obtenus \u00e0 partir des services.<\/p>\n\n\n\n<h2 class=\"wp-block-heading\">Confidentialit\u00e9 et protection des renseignements personnels<\/h2>\n\n\n\n<p>Voir les divulgations de<a href=\"https:\/\/ceiep-program.com\/fr\/privacy-policy-fr\/\" data-type=\"page\" data-id=\"109\"> <strong>politique de confidentialit\u00e9<\/strong> <\/a>relatives \u00e0 la collecte et \u00e0 l\u2019utilisation de vos informations<\/p>\n\n\n\n<h2 class=\"wp-block-heading\">Droit d\u2019auteur<\/h2>\n\n\n\n<p>Tout le contenu de ce site Web, tel que le texte, les donn\u00e9es, les images, les clips audio et vid\u00e9o disponibles sur ce site Web, est la propri\u00e9t\u00e9 du propri\u00e9taire du site Web, de ses conc\u00e9dants de licence, de ses fournisseurs de contenu et \/ ou syndicats, et est prot\u00e9g\u00e9 par les lois canadiennes, am\u00e9ricaines et internationales sur le droit d\u2019auteur. De par la nature de ces sites Web outils de \u00ab&nbsp;gestion de contenu&nbsp;\u00bb, les tiers ont la possibilit\u00e9 de publier des informations, des graphiques, etc. dans. Si vous trouvez un \u00e9l\u00e9ment affich\u00e9 qui est consid\u00e9r\u00e9 comme enfreindre un droit d\u2019auteur, son retrait deviendra de la priorit\u00e9 absolue.<\/p>\n\n\n\n<p>Tout le contenu disponible sur ce site Web ne peut \u00eatre utilis\u00e9 par vous que comme ressource de collecte d\u2019informations. Vous ne pouvez pas copier, publier, distribuer, cr\u00e9er des \u0153uvres d\u00e9riv\u00e9es ou exploiter commercialement le contenu de ce site Web, ou utiliser ce site Web \u00e0 d\u2019autres fins sans l\u2019autorisation explicite du propri\u00e9taire du site Web.<\/p>\n\n\n\n<h2 class=\"wp-block-heading\">Marques de commerce<\/h2>\n\n\n\n<p>Toutes les marques de commerce, marques de service, noms commerciaux, noms de domaine et logos affich\u00e9s sur ce site Web sont ceux de leurs propri\u00e9taires respectifs.<\/p>\n\n\n\n<h2 class=\"wp-block-heading\">Liens externes<\/h2>\n\n\n\n<p>Il peut y avoir des sites Web li\u00e9s \u00e0 ce site et \u00e0 partir de celui-ci qui sont exploit\u00e9s ou cr\u00e9\u00e9s par des organisations tierces. Ces organisations sont seules responsables du fonctionnement et de l\u2019information (y compris le droit d\u2019afficher ces informations) qui se trouvent sur leurs sites Web respectifs. Le lien vers ou \u00e0 partir de ce site Web n\u2019implique pas de la part du propri\u00e9taire de ce site Web une approbation ou une garantie de l\u2019une des organisations ou de l\u2019information (y compris le droit d\u2019afficher ces informations) trouv\u00e9 sur leurs sites Web respectifs.<\/p>\n\n\n\n<p>Le propri\u00e9taire du site Web n\u2019assume pas et n\u2019est pas responsable de quelque responsabilit\u00e9 que ce soit pour le lien de l\u2019un de ces sites Web li\u00e9s, le fonctionnement ou le contenu (y compris le droit d\u2019afficher ces informations) de l\u2019un des sites Web li\u00e9s, ni pour l\u2019une des informations, interpr\u00e9tations, commentaires ou opinions exprim\u00e9s dans l\u2019un des sites Web li\u00e9s. Tout commentaire ou toute demande de renseignements concernant les sites Web li\u00e9s doit \u00eatre adress\u00e9 \u00e0 l\u2019organisation particuli\u00e8re pour laquelle le site Web particulier est exploit\u00e9.<\/p>\n\n\n\n<h2 class=\"wp-block-heading\">Clause de non-responsabilit\u00e9<\/h2>\n\n\n\n<p>CE SITE WEB ET LES INFORMATIONS, SERVICES, PRODUITS ET DOCUMENTS CONTENUS SUR CE SITE WEB SONT FOURNIS \u00ab&nbsp;TELS QUELS&nbsp;\u00bb SANS GARANTIE. DANS LA MESURE MAXIMALE PERMISE PAR LA LOI APPLICABLE, LE PROPRI\u00c9TAIRE DU SITE WEB D\u00c9CLINE TOUTE D\u00c9CLARATION ET GARANTIE, EXPRESSE OU IMPLICITE, QUANT AU FONCTIONNEMENT DU SITE WEB ET DES INFORMATIONS, SERVICES, PRODUITS ET MAT\u00c9RIAUX SUR CE SITE WEB, Y COMPRIS, MAIS SANS S\u2019Y LIMITER, TOUTE GARANTIE DE QUALIT\u00c9 MARCHANDE OU D\u2019AD\u00c9QUATION \u00c0 UN USAGE PARTICULIER. EN AUCUN CAS, LE PROPRI\u00c9TAIRE DU SITE WEB NE SERA RESPONSABLE DES DOMMAGES DE QUELQUE NATURE QUE CE SOIT D\u00c9COULANT DE L\u2019UTILISATION DE CE SITE WEB OU DE TOUT BIEN OU SERVICE OBTENU SUR CE SITE WEB, Y COMPRIS LES DOMMAGES DIRECTS, INDIRECTS, CONS\u00c9CUTIFS, ACCESSOIRES, SP\u00c9CIAUX OU PUNITIFS (M\u00caME SI LE PROPRI\u00c9TAIRE DU SITE WEB A \u00c9T\u00c9 INFORM\u00c9 DE LA POSSIBILIT\u00c9 DE TELS DOMMAGES),&nbsp; DANS TOUTE LA MESURE PERMISE PAR LA LOI. L\u2019INCLUSION DE TOUT NOM DE SOCI\u00c9T\u00c9 (QU\u2019IL SOIT PROT\u00c9G\u00c9 PAR UNE MARQUE DE COMMERCE OU NON) SUR CE SITE WEB N\u2019IMPLIQUE PAS L\u2019APPROBATION DE PRODUITS ET EST SIMPLEMENT UNE D\u00c9CLARATION FACTUELLE D\u2019ACHAT, D\u2019ENREGISTREMENT OU D\u2019UTILISATION EXPRESSE, PAR \u00c9CRIT OU VERBALEMENT, DE PRODUITS.<\/p>\n","protected":false},"excerpt":{"rendered":"<p>Acceptation des conditions Les services que ce site Web vous fournit sont soumis aux conditions d\u2019utilisation suivantes. Affichage d\u2019informations priv\u00e9es Ce site Web et les informations qu\u2019il contient sont \u00e0 l\u2019usage de son propri\u00e9taire et s\u2019appliquent \u00e0 toutes les pages Web qui y sont desservies.&nbsp; Le propri\u00e9taire du site Web se r\u00e9serve ce site Web, [&hellip;]<\/p>\n","protected":false},"author":3,"featured_media":0,"parent":0,"menu_order":0,"comment_status":"closed","ping_status":"closed","template":"","meta":{"_acf_changed":false,"footnotes":""},"class_list":["post-125","page","type-page","status-publish","hentry"],"acf":[],"yoast_head":"<!-- This site is optimized with the Yoast SEO plugin v27.4 - https:\/\/yoast.com\/product\/yoast-seo-wordpress\/ -->\n<title>Terms of Use FR - CEIEP - Programme \u00c9ducationnel Canadienne de l\u2019industrie des Ascenseurs<\/title>\n<meta name=\"robots\" content=\"index, follow, max-snippet:-1, max-image-preview:large, max-video-preview:-1\" \/>\n<link rel=\"canonical\" href=\"https:\/\/ceiep-program.com\/fr\/terms-of-use\/\" \/>\n<meta property=\"og:locale\" content=\"fr_CA\" \/>\n<meta property=\"og:type\" content=\"article\" \/>\n<meta property=\"og:title\" content=\"Terms of Use FR - CEIEP - Programme \u00c9ducationnel Canadienne de l\u2019industrie des Ascenseurs\" \/>\n<meta property=\"og:description\" content=\"Acceptation des conditions Les services que ce site Web vous fournit sont soumis aux conditions d\u2019utilisation suivantes. Affichage d\u2019informations priv\u00e9es Ce site Web et les informations qu\u2019il contient sont \u00e0 l\u2019usage de son propri\u00e9taire et s\u2019appliquent \u00e0 toutes les pages Web qui y sont desservies.&nbsp; Le propri\u00e9taire du site Web se r\u00e9serve ce site Web, [&hellip;]\" \/>\n<meta property=\"og:url\" content=\"https:\/\/ceiep-program.com\/fr\/terms-of-use\/\" \/>\n<meta property=\"og:site_name\" content=\"CEIEP - Programme \u00c9ducationnel Canadienne de l\u2019industrie des Ascenseurs\" \/>\n<meta property=\"article:publisher\" content=\"https:\/\/www.facebook.com\/Ceiepprogram\/\" \/>\n<meta property=\"article:modified_time\" content=\"2023-02-14T15:17:43+00:00\" \/>\n<meta property=\"og:image\" content=\"https:\/\/ceiep-program.com\/fr\/wp-content\/uploads\/sites\/2\/2023\/01\/banner-3-1920x441.jpg\" \/>\n<meta name=\"twitter:card\" content=\"summary_large_image\" \/>\n<meta name=\"twitter:site\" content=\"@CEIEPprogram\" \/>\n<meta name=\"twitter:label1\" content=\"Estimation du temps de lecture\" \/>\n\t<meta name=\"twitter:data1\" content=\"6 minutes\" \/>\n<script type=\"application\/ld+json\" class=\"yoast-schema-graph\">{\"@context\":\"https:\\\/\\\/schema.org\",\"@graph\":[{\"@type\":\"WebPage\",\"@id\":\"https:\\\/\\\/ceiep-program.com\\\/fr\\\/terms-of-use\\\/\",\"url\":\"https:\\\/\\\/ceiep-program.com\\\/fr\\\/terms-of-use\\\/\",\"name\":\"Terms of Use FR - CEIEP - Programme \u00c9ducationnel Canadienne de l\u2019industrie des Ascenseurs\",\"isPartOf\":{\"@id\":\"https:\\\/\\\/ceiep-program.com\\\/fr\\\/#website\"},\"primaryImageOfPage\":{\"@id\":\"https:\\\/\\\/ceiep-program.com\\\/fr\\\/terms-of-use\\\/#primaryimage\"},\"image\":{\"@id\":\"https:\\\/\\\/ceiep-program.com\\\/fr\\\/terms-of-use\\\/#primaryimage\"},\"thumbnailUrl\":\"https:\\\/\\\/ceiep-program.com\\\/fr\\\/wp-content\\\/uploads\\\/sites\\\/2\\\/2023\\\/01\\\/banner-3-1920x441.jpg\",\"datePublished\":\"2022-11-17T20:24:18+00:00\",\"dateModified\":\"2023-02-14T15:17:43+00:00\",\"breadcrumb\":{\"@id\":\"https:\\\/\\\/ceiep-program.com\\\/fr\\\/terms-of-use\\\/#breadcrumb\"},\"inLanguage\":\"fr-CA\",\"potentialAction\":[{\"@type\":\"ReadAction\",\"target\":[\"https:\\\/\\\/ceiep-program.com\\\/fr\\\/terms-of-use\\\/\"]}]},{\"@type\":\"ImageObject\",\"inLanguage\":\"fr-CA\",\"@id\":\"https:\\\/\\\/ceiep-program.com\\\/fr\\\/terms-of-use\\\/#primaryimage\",\"url\":\"https:\\\/\\\/ceiep-program.com\\\/fr\\\/wp-content\\\/uploads\\\/sites\\\/2\\\/2023\\\/01\\\/banner-3-scaled.jpg\",\"contentUrl\":\"https:\\\/\\\/ceiep-program.com\\\/fr\\\/wp-content\\\/uploads\\\/sites\\\/2\\\/2023\\\/01\\\/banner-3-scaled.jpg\",\"width\":2560,\"height\":588},{\"@type\":\"BreadcrumbList\",\"@id\":\"https:\\\/\\\/ceiep-program.com\\\/fr\\\/terms-of-use\\\/#breadcrumb\",\"itemListElement\":[{\"@type\":\"ListItem\",\"position\":1,\"name\":\"Home\",\"item\":\"https:\\\/\\\/ceiep-program.com\\\/fr\\\/\"},{\"@type\":\"ListItem\",\"position\":2,\"name\":\"Terms of Use FR\"}]},{\"@type\":\"WebSite\",\"@id\":\"https:\\\/\\\/ceiep-program.com\\\/fr\\\/#website\",\"url\":\"https:\\\/\\\/ceiep-program.com\\\/fr\\\/\",\"name\":\"CEIEP - Programme \u00c9ducationnel Canadienne de l\u2019industrie des Ascenseurs\",\"description\":\"Just another CEIEP Sites site\",\"publisher\":{\"@id\":\"https:\\\/\\\/ceiep-program.com\\\/fr\\\/#organization\"},\"potentialAction\":[{\"@type\":\"SearchAction\",\"target\":{\"@type\":\"EntryPoint\",\"urlTemplate\":\"https:\\\/\\\/ceiep-program.com\\\/fr\\\/?s={search_term_string}\"},\"query-input\":{\"@type\":\"PropertyValueSpecification\",\"valueRequired\":true,\"valueName\":\"search_term_string\"}}],\"inLanguage\":\"fr-CA\"},{\"@type\":\"Organization\",\"@id\":\"https:\\\/\\\/ceiep-program.com\\\/fr\\\/#organization\",\"name\":\"CEIEP - Programme \u00c9ducationnel Canadienne de l\u2019industrie des Ascenseurs\",\"url\":\"https:\\\/\\\/ceiep-program.com\\\/fr\\\/\",\"logo\":{\"@type\":\"ImageObject\",\"inLanguage\":\"fr-CA\",\"@id\":\"https:\\\/\\\/ceiep-program.com\\\/fr\\\/#\\\/schema\\\/logo\\\/image\\\/\",\"url\":\"https:\\\/\\\/ceiep-program.com\\\/fr\\\/wp-content\\\/uploads\\\/sites\\\/2\\\/2023\\\/02\\\/Allegra-Cover-Logo.png\",\"contentUrl\":\"https:\\\/\\\/ceiep-program.com\\\/fr\\\/wp-content\\\/uploads\\\/sites\\\/2\\\/2023\\\/02\\\/Allegra-Cover-Logo.png\",\"width\":267,\"height\":266,\"caption\":\"CEIEP - Programme \u00c9ducationnel Canadienne de l\u2019industrie des Ascenseurs\"},\"image\":{\"@id\":\"https:\\\/\\\/ceiep-program.com\\\/fr\\\/#\\\/schema\\\/logo\\\/image\\\/\"},\"sameAs\":[\"https:\\\/\\\/www.facebook.com\\\/Ceiepprogram\\\/\",\"https:\\\/\\\/x.com\\\/CEIEPprogram\",\"https:\\\/\\\/www.instagram.com\\\/ceiepprogram\\\/\"]}]}<\/script>\n<!-- \/ Yoast SEO plugin. -->","yoast_head_json":{"title":"Terms of Use FR - CEIEP - Programme \u00c9ducationnel Canadienne de l\u2019industrie des Ascenseurs","robots":{"index":"index","follow":"follow","max-snippet":"max-snippet:-1","max-image-preview":"max-image-preview:large","max-video-preview":"max-video-preview:-1"},"canonical":"https:\/\/ceiep-program.com\/fr\/terms-of-use\/","og_locale":"fr_CA","og_type":"article","og_title":"Terms of Use FR - CEIEP - Programme \u00c9ducationnel Canadienne de l\u2019industrie des Ascenseurs","og_description":"Acceptation des conditions Les services que ce site Web vous fournit sont soumis aux conditions d\u2019utilisation suivantes. Affichage d\u2019informations priv\u00e9es Ce site Web et les informations qu\u2019il contient sont \u00e0 l\u2019usage de son propri\u00e9taire et s\u2019appliquent \u00e0 toutes les pages Web qui y sont desservies.&nbsp; Le propri\u00e9taire du site Web se r\u00e9serve ce site Web, [&hellip;]","og_url":"https:\/\/ceiep-program.com\/fr\/terms-of-use\/","og_site_name":"CEIEP - Programme \u00c9ducationnel Canadienne de l\u2019industrie des Ascenseurs","article_publisher":"https:\/\/www.facebook.com\/Ceiepprogram\/","article_modified_time":"2023-02-14T15:17:43+00:00","og_image":[{"url":"https:\/\/ceiep-program.com\/fr\/wp-content\/uploads\/sites\/2\/2023\/01\/banner-3-1920x441.jpg","type":"","width":"","height":""}],"twitter_card":"summary_large_image","twitter_site":"@CEIEPprogram","twitter_misc":{"Estimation du temps de lecture":"6 minutes"},"schema":{"@context":"https:\/\/schema.org","@graph":[{"@type":"WebPage","@id":"https:\/\/ceiep-program.com\/fr\/terms-of-use\/","url":"https:\/\/ceiep-program.com\/fr\/terms-of-use\/","name":"Terms of Use FR - CEIEP - Programme \u00c9ducationnel Canadienne de l\u2019industrie des Ascenseurs","isPartOf":{"@id":"https:\/\/ceiep-program.com\/fr\/#website"},"primaryImageOfPage":{"@id":"https:\/\/ceiep-program.com\/fr\/terms-of-use\/#primaryimage"},"image":{"@id":"https:\/\/ceiep-program.com\/fr\/terms-of-use\/#primaryimage"},"thumbnailUrl":"https:\/\/ceiep-program.com\/fr\/wp-content\/uploads\/sites\/2\/2023\/01\/banner-3-1920x441.jpg","datePublished":"2022-11-17T20:24:18+00:00","dateModified":"2023-02-14T15:17:43+00:00","breadcrumb":{"@id":"https:\/\/ceiep-program.com\/fr\/terms-of-use\/#breadcrumb"},"inLanguage":"fr-CA","potentialAction":[{"@type":"ReadAction","target":["https:\/\/ceiep-program.com\/fr\/terms-of-use\/"]}]},{"@type":"ImageObject","inLanguage":"fr-CA","@id":"https:\/\/ceiep-program.com\/fr\/terms-of-use\/#primaryimage","url":"https:\/\/ceiep-program.com\/fr\/wp-content\/uploads\/sites\/2\/2023\/01\/banner-3-scaled.jpg","contentUrl":"https:\/\/ceiep-program.com\/fr\/wp-content\/uploads\/sites\/2\/2023\/01\/banner-3-scaled.jpg","width":2560,"height":588},{"@type":"BreadcrumbList","@id":"https:\/\/ceiep-program.com\/fr\/terms-of-use\/#breadcrumb","itemListElement":[{"@type":"ListItem","position":1,"name":"Home","item":"https:\/\/ceiep-program.com\/fr\/"},{"@type":"ListItem","position":2,"name":"Terms of Use FR"}]},{"@type":"WebSite","@id":"https:\/\/ceiep-program.com\/fr\/#website","url":"https:\/\/ceiep-program.com\/fr\/","name":"CEIEP - Programme \u00c9ducationnel Canadienne de l\u2019industrie des Ascenseurs","description":"Just another CEIEP Sites site","publisher":{"@id":"https:\/\/ceiep-program.com\/fr\/#organization"},"potentialAction":[{"@type":"SearchAction","target":{"@type":"EntryPoint","urlTemplate":"https:\/\/ceiep-program.com\/fr\/?s={search_term_string}"},"query-input":{"@type":"PropertyValueSpecification","valueRequired":true,"valueName":"search_term_string"}}],"inLanguage":"fr-CA"},{"@type":"Organization","@id":"https:\/\/ceiep-program.com\/fr\/#organization","name":"CEIEP - Programme \u00c9ducationnel Canadienne de l\u2019industrie des Ascenseurs","url":"https:\/\/ceiep-program.com\/fr\/","logo":{"@type":"ImageObject","inLanguage":"fr-CA","@id":"https:\/\/ceiep-program.com\/fr\/#\/schema\/logo\/image\/","url":"https:\/\/ceiep-program.com\/fr\/wp-content\/uploads\/sites\/2\/2023\/02\/Allegra-Cover-Logo.png","contentUrl":"https:\/\/ceiep-program.com\/fr\/wp-content\/uploads\/sites\/2\/2023\/02\/Allegra-Cover-Logo.png","width":267,"height":266,"caption":"CEIEP - Programme \u00c9ducationnel Canadienne de l\u2019industrie des Ascenseurs"},"image":{"@id":"https:\/\/ceiep-program.com\/fr\/#\/schema\/logo\/image\/"},"sameAs":["https:\/\/www.facebook.com\/Ceiepprogram\/","https:\/\/x.com\/CEIEPprogram","https:\/\/www.instagram.com\/ceiepprogram\/"]}]}},"_links":{"self":[{"href":"https:\/\/ceiep-program.com\/fr\/wp-json\/wp\/v2\/pages\/125","targetHints":{"allow":["GET"]}}],"collection":[{"href":"https:\/\/ceiep-program.com\/fr\/wp-json\/wp\/v2\/pages"}],"about":[{"href":"https:\/\/ceiep-program.com\/fr\/wp-json\/wp\/v2\/types\/page"}],"author":[{"embeddable":true,"href":"https:\/\/ceiep-program.com\/fr\/wp-json\/wp\/v2\/users\/3"}],"replies":[{"embeddable":true,"href":"https:\/\/ceiep-program.com\/fr\/wp-json\/wp\/v2\/comments?post=125"}],"version-history":[{"count":4,"href":"https:\/\/ceiep-program.com\/fr\/wp-json\/wp\/v2\/pages\/125\/revisions"}],"predecessor-version":[{"id":352,"href":"https:\/\/ceiep-program.com\/fr\/wp-json\/wp\/v2\/pages\/125\/revisions\/352"}],"wp:attachment":[{"href":"https:\/\/ceiep-program.com\/fr\/wp-json\/wp\/v2\/media?parent=125"}],"curies":[{"name":"wp","href":"https:\/\/api.w.org\/{rel}","templated":true}]}}