{"id":109,"date":"2022-11-17T15:02:44","date_gmt":"2022-11-17T20:02:44","guid":{"rendered":"https:\/\/ceiep-program.com\/fr\/?page_id=109"},"modified":"2023-02-17T10:32:03","modified_gmt":"2023-02-17T15:32:03","slug":"privacy-policy-fr","status":"publish","type":"page","link":"https:\/\/ceiep-program.com\/fr\/privacy-policy-fr\/","title":{"rendered":"Politique de confidentialit\u00e9"},"content":{"rendered":"\n<div class=\"wp-block-zp4-masthead alignfull\"><div class=\"masthead\"><div class=\"image-container\"><img loading=\"lazy\" decoding=\"async\" width=\"1920\" height=\"441\" src=\"https:\/\/ceiep-program.com\/fr\/wp-content\/uploads\/sites\/2\/2023\/01\/banner-3-1920x441.jpg\" alt=\"\" class=\"wp-image-161\" srcset=\"https:\/\/ceiep-program.com\/fr\/wp-content\/uploads\/sites\/2\/2023\/01\/banner-3-1920x441.jpg 1920w, https:\/\/ceiep-program.com\/fr\/wp-content\/uploads\/sites\/2\/2023\/01\/banner-3-300x69.jpg 300w, https:\/\/ceiep-program.com\/fr\/wp-content\/uploads\/sites\/2\/2023\/01\/banner-3-1024x235.jpg 1024w, https:\/\/ceiep-program.com\/fr\/wp-content\/uploads\/sites\/2\/2023\/01\/banner-3-768x176.jpg 768w, https:\/\/ceiep-program.com\/fr\/wp-content\/uploads\/sites\/2\/2023\/01\/banner-3-1536x353.jpg 1536w, https:\/\/ceiep-program.com\/fr\/wp-content\/uploads\/sites\/2\/2023\/01\/banner-3-2048x470.jpg 2048w, https:\/\/ceiep-program.com\/fr\/wp-content\/uploads\/sites\/2\/2023\/01\/banner-3-68x16.jpg 68w\" sizes=\"auto, (max-width: 1920px) 100vw, 1920px\" \/><\/div><div class=\"content-container\"><h1>Politique de confidentialit\u00e9<\/h1><p class=\"has-large-font-size\"><\/p>\n<div class=\"wp-block-buttons is-content-justification-center is-layout-flex wp-container-core-buttons-is-layout-a89b3969 wp-block-buttons-is-layout-flex\">\n\n\n\n<\/div>\n<\/div><\/div><\/div>\n\n\n\n<p><\/p>\n\n\n\n<p>Vous pouvez parcourir la majeure partie de ce site sans donner aucune information sur vous-m\u00eame.&nbsp;Mais parfois, nous avons besoin d\u2019informations pour fournir les services que vous demandez.<\/p>\n\n\n\n<p>Nous vous demanderons quand nous avons besoin d\u2019informations qui vous identifient personnellement.&nbsp;En r\u00e8gle g\u00e9n\u00e9rale, ces informations sont demand\u00e9es lorsque vous vous inscrivez \u00e0 des bulletins \u00e9lectroniques, que vous vous inscrivez \u00e0 une section \u00e0 acc\u00e8s limit\u00e9 du Site ou que vous vous inscrivez \u00e0 un \u00e9v\u00e9nement.&nbsp;Les renseignements personnels recueillis sont g\u00e9n\u00e9ralement limit\u00e9s au courrier \u00e9lectronique, mais peuvent inclure d\u2019autres informations si n\u00e9cessaire afin de fournir les services que vous demandez.<\/p>\n\n\n\n<p>Nous vous fournirons les moyens de vous assurer que vos renseignements personnels sont exacts et \u00e0 jour.&nbsp;Vous pouvez consulter et mettre \u00e0 jour ces informations \u00e0 tout moment.&nbsp;&nbsp; Ce site prot\u00e8ge strictement la s\u00e9curit\u00e9 de vos renseignements personnels et respecte vos choix concernant l\u2019utilisation pr\u00e9vue.<\/p>\n\n\n\n<p>Ce site est conforme \u00e0 la Loi sur la protection des renseignements personnels et les documents \u00e9lectroniques du Canada.<\/p>\n\n\n\n<h2 class=\"wp-block-heading\">Utilisation des cookies<\/h2>\n\n\n\n<p>Ce site utilise des cookies pour le suivi d\u00e9mographique, la conservation des informations de connexion des utilisateurs et pour nous aider \u00e0 offrir une exp\u00e9rience personnalis\u00e9e adapt\u00e9e \u00e0 vos habitudes de navigation.&nbsp;Pour une utilisation compl\u00e8te de toutes les fonctionnalit\u00e9s du site, les options de votre navigateur doivent \u00eatre r\u00e9gl\u00e9es sur \u00ab&nbsp;accepter les cookies&nbsp;\u00bb.<\/p>\n\n\n\n<p><\/p>\n","protected":false},"excerpt":{"rendered":"<p>Vous pouvez parcourir la majeure partie de ce site sans donner aucune information sur vous-m\u00eame.&nbsp;Mais parfois, nous avons besoin d\u2019informations pour fournir les services que vous demandez. Nous vous demanderons quand nous avons besoin d\u2019informations qui vous identifient personnellement.&nbsp;En r\u00e8gle g\u00e9n\u00e9rale, ces informations sont demand\u00e9es lorsque vous vous inscrivez \u00e0 des bulletins \u00e9lectroniques, que vous [&hellip;]<\/p>\n","protected":false},"author":3,"featured_media":0,"parent":0,"menu_order":0,"comment_status":"closed","ping_status":"closed","template":"","meta":{"_acf_changed":false,"footnotes":""},"class_list":["post-109","page","type-page","status-publish","hentry"],"acf":[],"yoast_head":"<!-- This site is optimized with the Yoast SEO plugin v27.3 - https:\/\/yoast.com\/product\/yoast-seo-wordpress\/ -->\n<title>Politique de confidentialit\u00e9 - CEIEP - Programme \u00c9ducationnel Canadienne de l\u2019industrie des Ascenseurs<\/title>\n<meta name=\"robots\" content=\"index, follow, max-snippet:-1, max-image-preview:large, max-video-preview:-1\" \/>\n<link rel=\"canonical\" href=\"https:\/\/ceiep-program.com\/fr\/privacy-policy-fr\/\" \/>\n<meta property=\"og:locale\" content=\"fr_CA\" \/>\n<meta property=\"og:type\" content=\"article\" \/>\n<meta property=\"og:title\" content=\"Politique de confidentialit\u00e9 - CEIEP - Programme \u00c9ducationnel Canadienne de l\u2019industrie des Ascenseurs\" \/>\n<meta property=\"og:description\" content=\"Vous pouvez parcourir la majeure partie de ce site sans donner aucune information sur vous-m\u00eame.&nbsp;Mais parfois, nous avons besoin d\u2019informations pour fournir les services que vous demandez. Nous vous demanderons quand nous avons besoin d\u2019informations qui vous identifient personnellement.&nbsp;En r\u00e8gle g\u00e9n\u00e9rale, ces informations sont demand\u00e9es lorsque vous vous inscrivez \u00e0 des bulletins \u00e9lectroniques, que vous [&hellip;]\" \/>\n<meta property=\"og:url\" content=\"https:\/\/ceiep-program.com\/fr\/privacy-policy-fr\/\" \/>\n<meta property=\"og:site_name\" content=\"CEIEP - Programme \u00c9ducationnel Canadienne de l\u2019industrie des Ascenseurs\" \/>\n<meta property=\"article:publisher\" content=\"https:\/\/www.facebook.com\/Ceiepprogram\/\" \/>\n<meta property=\"article:modified_time\" content=\"2023-02-17T15:32:03+00:00\" \/>\n<meta property=\"og:image\" content=\"https:\/\/ceiep-program.com\/fr\/wp-content\/uploads\/sites\/2\/2023\/01\/banner-3-1920x441.jpg\" \/>\n<meta name=\"twitter:card\" content=\"summary_large_image\" \/>\n<meta name=\"twitter:site\" content=\"@CEIEPprogram\" \/>\n<meta name=\"twitter:label1\" content=\"Estimation du temps de lecture\" \/>\n\t<meta name=\"twitter:data1\" content=\"1 minute\" \/>\n<script type=\"application\/ld+json\" class=\"yoast-schema-graph\">{\"@context\":\"https:\\\/\\\/schema.org\",\"@graph\":[{\"@type\":\"WebPage\",\"@id\":\"https:\\\/\\\/ceiep-program.com\\\/fr\\\/privacy-policy-fr\\\/\",\"url\":\"https:\\\/\\\/ceiep-program.com\\\/fr\\\/privacy-policy-fr\\\/\",\"name\":\"Politique de confidentialit\u00e9 - CEIEP - Programme \u00c9ducationnel Canadienne de l\u2019industrie des Ascenseurs\",\"isPartOf\":{\"@id\":\"https:\\\/\\\/ceiep-program.com\\\/fr\\\/#website\"},\"primaryImageOfPage\":{\"@id\":\"https:\\\/\\\/ceiep-program.com\\\/fr\\\/privacy-policy-fr\\\/#primaryimage\"},\"image\":{\"@id\":\"https:\\\/\\\/ceiep-program.com\\\/fr\\\/privacy-policy-fr\\\/#primaryimage\"},\"thumbnailUrl\":\"https:\\\/\\\/ceiep-program.com\\\/fr\\\/wp-content\\\/uploads\\\/sites\\\/2\\\/2023\\\/01\\\/banner-3-1920x441.jpg\",\"datePublished\":\"2022-11-17T20:02:44+00:00\",\"dateModified\":\"2023-02-17T15:32:03+00:00\",\"breadcrumb\":{\"@id\":\"https:\\\/\\\/ceiep-program.com\\\/fr\\\/privacy-policy-fr\\\/#breadcrumb\"},\"inLanguage\":\"fr-CA\",\"potentialAction\":[{\"@type\":\"ReadAction\",\"target\":[\"https:\\\/\\\/ceiep-program.com\\\/fr\\\/privacy-policy-fr\\\/\"]}]},{\"@type\":\"ImageObject\",\"inLanguage\":\"fr-CA\",\"@id\":\"https:\\\/\\\/ceiep-program.com\\\/fr\\\/privacy-policy-fr\\\/#primaryimage\",\"url\":\"https:\\\/\\\/ceiep-program.com\\\/fr\\\/wp-content\\\/uploads\\\/sites\\\/2\\\/2023\\\/01\\\/banner-3-scaled.jpg\",\"contentUrl\":\"https:\\\/\\\/ceiep-program.com\\\/fr\\\/wp-content\\\/uploads\\\/sites\\\/2\\\/2023\\\/01\\\/banner-3-scaled.jpg\",\"width\":2560,\"height\":588},{\"@type\":\"BreadcrumbList\",\"@id\":\"https:\\\/\\\/ceiep-program.com\\\/fr\\\/privacy-policy-fr\\\/#breadcrumb\",\"itemListElement\":[{\"@type\":\"ListItem\",\"position\":1,\"name\":\"Home\",\"item\":\"https:\\\/\\\/ceiep-program.com\\\/fr\\\/\"},{\"@type\":\"ListItem\",\"position\":2,\"name\":\"Politique de confidentialit\u00e9\"}]},{\"@type\":\"WebSite\",\"@id\":\"https:\\\/\\\/ceiep-program.com\\\/fr\\\/#website\",\"url\":\"https:\\\/\\\/ceiep-program.com\\\/fr\\\/\",\"name\":\"CEIEP - Programme \u00c9ducationnel Canadienne de l\u2019industrie des Ascenseurs\",\"description\":\"Just another CEIEP Sites site\",\"publisher\":{\"@id\":\"https:\\\/\\\/ceiep-program.com\\\/fr\\\/#organization\"},\"potentialAction\":[{\"@type\":\"SearchAction\",\"target\":{\"@type\":\"EntryPoint\",\"urlTemplate\":\"https:\\\/\\\/ceiep-program.com\\\/fr\\\/?s={search_term_string}\"},\"query-input\":{\"@type\":\"PropertyValueSpecification\",\"valueRequired\":true,\"valueName\":\"search_term_string\"}}],\"inLanguage\":\"fr-CA\"},{\"@type\":\"Organization\",\"@id\":\"https:\\\/\\\/ceiep-program.com\\\/fr\\\/#organization\",\"name\":\"CEIEP - Programme \u00c9ducationnel Canadienne de l\u2019industrie des Ascenseurs\",\"url\":\"https:\\\/\\\/ceiep-program.com\\\/fr\\\/\",\"logo\":{\"@type\":\"ImageObject\",\"inLanguage\":\"fr-CA\",\"@id\":\"https:\\\/\\\/ceiep-program.com\\\/fr\\\/#\\\/schema\\\/logo\\\/image\\\/\",\"url\":\"https:\\\/\\\/ceiep-program.com\\\/fr\\\/wp-content\\\/uploads\\\/sites\\\/2\\\/2023\\\/02\\\/Allegra-Cover-Logo.png\",\"contentUrl\":\"https:\\\/\\\/ceiep-program.com\\\/fr\\\/wp-content\\\/uploads\\\/sites\\\/2\\\/2023\\\/02\\\/Allegra-Cover-Logo.png\",\"width\":267,\"height\":266,\"caption\":\"CEIEP - Programme \u00c9ducationnel Canadienne de l\u2019industrie des Ascenseurs\"},\"image\":{\"@id\":\"https:\\\/\\\/ceiep-program.com\\\/fr\\\/#\\\/schema\\\/logo\\\/image\\\/\"},\"sameAs\":[\"https:\\\/\\\/www.facebook.com\\\/Ceiepprogram\\\/\",\"https:\\\/\\\/x.com\\\/CEIEPprogram\",\"https:\\\/\\\/www.instagram.com\\\/ceiepprogram\\\/\"]}]}<\/script>\n<!-- \/ Yoast SEO plugin. -->","yoast_head_json":{"title":"Politique de confidentialit\u00e9 - CEIEP - Programme \u00c9ducationnel Canadienne de l\u2019industrie des Ascenseurs","robots":{"index":"index","follow":"follow","max-snippet":"max-snippet:-1","max-image-preview":"max-image-preview:large","max-video-preview":"max-video-preview:-1"},"canonical":"https:\/\/ceiep-program.com\/fr\/privacy-policy-fr\/","og_locale":"fr_CA","og_type":"article","og_title":"Politique de confidentialit\u00e9 - CEIEP - Programme \u00c9ducationnel Canadienne de l\u2019industrie des Ascenseurs","og_description":"Vous pouvez parcourir la majeure partie de ce site sans donner aucune information sur vous-m\u00eame.&nbsp;Mais parfois, nous avons besoin d\u2019informations pour fournir les services que vous demandez. Nous vous demanderons quand nous avons besoin d\u2019informations qui vous identifient personnellement.&nbsp;En r\u00e8gle g\u00e9n\u00e9rale, ces informations sont demand\u00e9es lorsque vous vous inscrivez \u00e0 des bulletins \u00e9lectroniques, que vous [&hellip;]","og_url":"https:\/\/ceiep-program.com\/fr\/privacy-policy-fr\/","og_site_name":"CEIEP - Programme \u00c9ducationnel Canadienne de l\u2019industrie des Ascenseurs","article_publisher":"https:\/\/www.facebook.com\/Ceiepprogram\/","article_modified_time":"2023-02-17T15:32:03+00:00","og_image":[{"url":"https:\/\/ceiep-program.com\/fr\/wp-content\/uploads\/sites\/2\/2023\/01\/banner-3-1920x441.jpg","type":"","width":"","height":""}],"twitter_card":"summary_large_image","twitter_site":"@CEIEPprogram","twitter_misc":{"Estimation du temps de lecture":"1 minute"},"schema":{"@context":"https:\/\/schema.org","@graph":[{"@type":"WebPage","@id":"https:\/\/ceiep-program.com\/fr\/privacy-policy-fr\/","url":"https:\/\/ceiep-program.com\/fr\/privacy-policy-fr\/","name":"Politique de confidentialit\u00e9 - CEIEP - Programme \u00c9ducationnel Canadienne de l\u2019industrie des Ascenseurs","isPartOf":{"@id":"https:\/\/ceiep-program.com\/fr\/#website"},"primaryImageOfPage":{"@id":"https:\/\/ceiep-program.com\/fr\/privacy-policy-fr\/#primaryimage"},"image":{"@id":"https:\/\/ceiep-program.com\/fr\/privacy-policy-fr\/#primaryimage"},"thumbnailUrl":"https:\/\/ceiep-program.com\/fr\/wp-content\/uploads\/sites\/2\/2023\/01\/banner-3-1920x441.jpg","datePublished":"2022-11-17T20:02:44+00:00","dateModified":"2023-02-17T15:32:03+00:00","breadcrumb":{"@id":"https:\/\/ceiep-program.com\/fr\/privacy-policy-fr\/#breadcrumb"},"inLanguage":"fr-CA","potentialAction":[{"@type":"ReadAction","target":["https:\/\/ceiep-program.com\/fr\/privacy-policy-fr\/"]}]},{"@type":"ImageObject","inLanguage":"fr-CA","@id":"https:\/\/ceiep-program.com\/fr\/privacy-policy-fr\/#primaryimage","url":"https:\/\/ceiep-program.com\/fr\/wp-content\/uploads\/sites\/2\/2023\/01\/banner-3-scaled.jpg","contentUrl":"https:\/\/ceiep-program.com\/fr\/wp-content\/uploads\/sites\/2\/2023\/01\/banner-3-scaled.jpg","width":2560,"height":588},{"@type":"BreadcrumbList","@id":"https:\/\/ceiep-program.com\/fr\/privacy-policy-fr\/#breadcrumb","itemListElement":[{"@type":"ListItem","position":1,"name":"Home","item":"https:\/\/ceiep-program.com\/fr\/"},{"@type":"ListItem","position":2,"name":"Politique de confidentialit\u00e9"}]},{"@type":"WebSite","@id":"https:\/\/ceiep-program.com\/fr\/#website","url":"https:\/\/ceiep-program.com\/fr\/","name":"CEIEP - Programme \u00c9ducationnel Canadienne de l\u2019industrie des Ascenseurs","description":"Just another CEIEP Sites site","publisher":{"@id":"https:\/\/ceiep-program.com\/fr\/#organization"},"potentialAction":[{"@type":"SearchAction","target":{"@type":"EntryPoint","urlTemplate":"https:\/\/ceiep-program.com\/fr\/?s={search_term_string}"},"query-input":{"@type":"PropertyValueSpecification","valueRequired":true,"valueName":"search_term_string"}}],"inLanguage":"fr-CA"},{"@type":"Organization","@id":"https:\/\/ceiep-program.com\/fr\/#organization","name":"CEIEP - Programme \u00c9ducationnel Canadienne de l\u2019industrie des Ascenseurs","url":"https:\/\/ceiep-program.com\/fr\/","logo":{"@type":"ImageObject","inLanguage":"fr-CA","@id":"https:\/\/ceiep-program.com\/fr\/#\/schema\/logo\/image\/","url":"https:\/\/ceiep-program.com\/fr\/wp-content\/uploads\/sites\/2\/2023\/02\/Allegra-Cover-Logo.png","contentUrl":"https:\/\/ceiep-program.com\/fr\/wp-content\/uploads\/sites\/2\/2023\/02\/Allegra-Cover-Logo.png","width":267,"height":266,"caption":"CEIEP - Programme \u00c9ducationnel Canadienne de l\u2019industrie des Ascenseurs"},"image":{"@id":"https:\/\/ceiep-program.com\/fr\/#\/schema\/logo\/image\/"},"sameAs":["https:\/\/www.facebook.com\/Ceiepprogram\/","https:\/\/x.com\/CEIEPprogram","https:\/\/www.instagram.com\/ceiepprogram\/"]}]}},"_links":{"self":[{"href":"https:\/\/ceiep-program.com\/fr\/wp-json\/wp\/v2\/pages\/109","targetHints":{"allow":["GET"]}}],"collection":[{"href":"https:\/\/ceiep-program.com\/fr\/wp-json\/wp\/v2\/pages"}],"about":[{"href":"https:\/\/ceiep-program.com\/fr\/wp-json\/wp\/v2\/types\/page"}],"author":[{"embeddable":true,"href":"https:\/\/ceiep-program.com\/fr\/wp-json\/wp\/v2\/users\/3"}],"replies":[{"embeddable":true,"href":"https:\/\/ceiep-program.com\/fr\/wp-json\/wp\/v2\/comments?post=109"}],"version-history":[{"count":5,"href":"https:\/\/ceiep-program.com\/fr\/wp-json\/wp\/v2\/pages\/109\/revisions"}],"predecessor-version":[{"id":457,"href":"https:\/\/ceiep-program.com\/fr\/wp-json\/wp\/v2\/pages\/109\/revisions\/457"}],"wp:attachment":[{"href":"https:\/\/ceiep-program.com\/fr\/wp-json\/wp\/v2\/media?parent=109"}],"curies":[{"name":"wp","href":"https:\/\/api.w.org\/{rel}","templated":true}]}}