{"id":100,"date":"2022-11-17T14:54:27","date_gmt":"2022-11-17T19:54:27","guid":{"rendered":"https:\/\/ceiep-program.com\/fr\/?page_id=100"},"modified":"2026-03-29T08:37:58","modified_gmt":"2026-03-29T12:37:58","slug":"qui-sommes-nous","status":"publish","type":"page","link":"https:\/\/ceiep-program.com\/fr\/qui-sommes-nous\/","title":{"rendered":"Qui sommes-nous"},"content":{"rendered":"\n<p><\/p>\n\n\n\n<div class=\"wp-block-zp4-masthead alignfull\"><div class=\"masthead\"><div class=\"image-container\"><img loading=\"lazy\" decoding=\"async\" width=\"1200\" height=\"800\" src=\"https:\/\/ceiep-program.com\/fr\/wp-content\/uploads\/sites\/2\/2022\/09\/home-masthead-1200x800.jpeg\" alt=\"\" class=\"wp-image-12\" srcset=\"https:\/\/ceiep-program.com\/fr\/wp-content\/uploads\/sites\/2\/2022\/09\/home-masthead-1200x800.jpeg 1200w, https:\/\/ceiep-program.com\/fr\/wp-content\/uploads\/sites\/2\/2022\/09\/home-masthead-300x200.jpeg 300w, https:\/\/ceiep-program.com\/fr\/wp-content\/uploads\/sites\/2\/2022\/09\/home-masthead-1024x683.jpeg 1024w, https:\/\/ceiep-program.com\/fr\/wp-content\/uploads\/sites\/2\/2022\/09\/home-masthead-768x512.jpeg 768w, https:\/\/ceiep-program.com\/fr\/wp-content\/uploads\/sites\/2\/2022\/09\/home-masthead-1536x1024.jpeg 1536w, https:\/\/ceiep-program.com\/fr\/wp-content\/uploads\/sites\/2\/2022\/09\/home-masthead-68x45.jpeg 68w, https:\/\/ceiep-program.com\/fr\/wp-content\/uploads\/sites\/2\/2022\/09\/home-masthead.jpeg 1920w\" sizes=\"auto, (max-width: 1200px) 100vw, 1200px\" \/><\/div><div class=\"content-container\"><h1>Qui sommes-nous<\/h1><p class=\"has-large-font-size\"><\/p>\n<div class=\"wp-block-buttons is-content-justification-center is-layout-flex wp-container-core-buttons-is-layout-a89b3969 wp-block-buttons-is-layout-flex\">\n\n\n\n<\/div>\n<\/div><\/div><\/div>\n\n\n\n<p><\/p>\n\n\n\n<p class=\"has-medium-font-size\"><strong>Le Programme <strong>\u00c9ducationnel<\/strong><\/strong> <strong>de l\u2019Industrie Canadienne des Ascenseurs offre une formation en apprentissage aux employ\u00e9s couverts par les conventions collectives provinciales n\u00e9goci\u00e9es entre l\u2019Union Internationale des Constructeurs d\u2019Ascenseurs (UICA) et leurs employeurs signataires.<\/strong><\/p>\n\n\n\n<p class=\"has-medium-font-size\">Le CEIEP a \u00e9t\u00e9 cr\u00e9\u00e9 en 1967 pour offrir un programme de formation visant \u00e0 former les m\u00e9caniciens ou m\u00e9caniciennes et les apprentis constructeurs d\u2019ascenseurs. Au fil des ans, le CEIEP a \u00e9t\u00e9 reconnu comme le principal formateurs dans les provinces qui ont des programmes d\u2019apprentissage et reconnu comme un formateur approuv\u00e9 dans les provinces qui exigent que les constructeurs d\u2019ascenseurs soient titulaires d\u2019un permis afin d\u2019effectuer des travaux sur des appareils \u00e9l\u00e9vateurs.<\/p>\n\n\n\n<p class=\"has-medium-font-size\">Notre programme de formation complet est offert aux membres de l\u2019UICA, qui sont les m\u00e9caniciens, m\u00e9caniciennes et apprentis les plus qualifi\u00e9s et form\u00e9s dans tous les m\u00e9tiers de b\u00e2timent et de la construction.<\/p>\n\n\n\n<p><strong>Voici le personnel du CEIEP :<\/strong><\/p>\n\n\n\n<figure class=\"wp-block-table is-style-regular\" style=\"border: none; outline: none;\"><table class=\"has-fixed-layout\" style=\"border-collapse: collapse; border: none;\"><tbody><tr><td style=\"border: none; padding: 8px 16px 32px 16px;\"><strong>Chris McIntyre <br><\/strong><em>Program Director<\/em><br><a href=\"mailto: cmcintyre@ceiep-program.com\">cmcintyre@ceiep-program.com<br><\/a>905-837-2347 ext. 23<\/td><td style=\"border: none; padding: 8px 16px 32px 16px;\"><strong>Curtis Houston<\/strong><br><em>Assistant Program Director<\/em><br><a href=\"mailto:chouston@ceiep-program.com\" type=\"link\" id=\"chouston@ceiep-program.com\">chouston@ceiep-program.com<br><\/a>905-837-2347 ext. 24<\/td><td style=\"border: none; padding: 8px 16px 32px 16px;\"><\/td><\/tr><tr><td style=\"border: none; padding: 8px 16px;\"><strong>Louise MacKinnon<\/strong><br><em>Bookkeeper\/Administrator<\/em><br><a href=\"mailto: Lmackinnon@ceiep-program.com\">Lmackinnon@ceiep-program.com<\/a><br>905-837-2347 ext. 21<\/td><td style=\"border: none; padding: 8px 16px;\"><strong>Tina Patel<\/strong><br><em>Logistics Administrator<\/em><br><a href=\"mailto: tpatel@ceiep-program.com\">tpatel@ceiep-program.com<\/a><br>905-837-2347 ext. 22<\/td><td style=\"border: none; padding: 8px 16px;\"><strong>Vithu Selvakumar<\/strong><br><em>Technology and Development Lead<\/em><br><a href=\"mailto: Vselvakumar@ceiep-program.com\">Vselvakumar@ceiep-program.com<\/a><br>905-837-2347 ext. 28<\/td><\/tr><\/tbody><\/table><\/figure>\n\n\n\n<div class=\"wp-block-buttons is-content-justification-right is-layout-flex wp-container-core-buttons-is-layout-d445cf74 wp-block-buttons-is-layout-flex\">\n<div class=\"wp-block-button\"><a class=\"wp-block-button__link wp-element-button\" href=\"https:\/\/ceiep-program.com\/fr\/ce-que-nous-faisons\/\">Ce que nous faisons \u2192<\/a><\/div>\n<\/div>\n\n\n\n<p><\/p>\n","protected":false},"excerpt":{"rendered":"<p>Le Programme \u00c9ducationnel de l\u2019Industrie Canadienne des Ascenseurs offre une formation en apprentissage aux employ\u00e9s couverts par les conventions collectives provinciales n\u00e9goci\u00e9es entre l\u2019Union Internationale des Constructeurs d\u2019Ascenseurs (UICA) et leurs employeurs signataires. Le CEIEP a \u00e9t\u00e9 cr\u00e9\u00e9 en 1967 pour offrir un programme de formation visant \u00e0 former les m\u00e9caniciens ou m\u00e9caniciennes et les [&hellip;]<\/p>\n","protected":false},"author":3,"featured_media":0,"parent":0,"menu_order":0,"comment_status":"closed","ping_status":"closed","template":"","meta":{"_acf_changed":false,"footnotes":""},"class_list":["post-100","page","type-page","status-publish","hentry"],"acf":[],"yoast_head":"<!-- This site is optimized with the Yoast SEO plugin v27.4 - https:\/\/yoast.com\/product\/yoast-seo-wordpress\/ -->\n<title>Qui sommes-nous - CEIEP - Programme \u00c9ducationnel Canadienne de l\u2019industrie des Ascenseurs<\/title>\n<meta name=\"robots\" content=\"index, follow, max-snippet:-1, max-image-preview:large, max-video-preview:-1\" \/>\n<link rel=\"canonical\" href=\"https:\/\/ceiep-program.com\/fr\/qui-sommes-nous\/\" \/>\n<meta property=\"og:locale\" content=\"fr_CA\" \/>\n<meta property=\"og:type\" content=\"article\" \/>\n<meta property=\"og:title\" content=\"Qui sommes-nous - CEIEP - Programme \u00c9ducationnel Canadienne de l\u2019industrie des Ascenseurs\" \/>\n<meta property=\"og:description\" content=\"Le Programme \u00c9ducationnel de l\u2019Industrie Canadienne des Ascenseurs offre une formation en apprentissage aux employ\u00e9s couverts par les conventions collectives provinciales n\u00e9goci\u00e9es entre l\u2019Union Internationale des Constructeurs d\u2019Ascenseurs (UICA) et leurs employeurs signataires. Le CEIEP a \u00e9t\u00e9 cr\u00e9\u00e9 en 1967 pour offrir un programme de formation visant \u00e0 former les m\u00e9caniciens ou m\u00e9caniciennes et les [&hellip;]\" \/>\n<meta property=\"og:url\" content=\"https:\/\/ceiep-program.com\/fr\/qui-sommes-nous\/\" \/>\n<meta property=\"og:site_name\" content=\"CEIEP - Programme \u00c9ducationnel Canadienne de l\u2019industrie des Ascenseurs\" \/>\n<meta property=\"article:publisher\" content=\"https:\/\/www.facebook.com\/Ceiepprogram\/\" \/>\n<meta property=\"article:modified_time\" content=\"2026-03-29T12:37:58+00:00\" \/>\n<meta property=\"og:image\" content=\"https:\/\/ceiep-program.com\/fr\/wp-content\/uploads\/sites\/2\/2022\/09\/home-masthead.jpeg\" \/>\n\t<meta property=\"og:image:width\" content=\"1920\" \/>\n\t<meta property=\"og:image:height\" content=\"1280\" \/>\n\t<meta property=\"og:image:type\" content=\"image\/jpeg\" \/>\n<meta name=\"twitter:card\" content=\"summary_large_image\" \/>\n<meta name=\"twitter:site\" content=\"@CEIEPprogram\" \/>\n<meta name=\"twitter:label1\" content=\"Estimation du temps de lecture\" \/>\n\t<meta name=\"twitter:data1\" content=\"2 minutes\" \/>\n<script type=\"application\/ld+json\" class=\"yoast-schema-graph\">{\"@context\":\"https:\\\/\\\/schema.org\",\"@graph\":[{\"@type\":\"WebPage\",\"@id\":\"https:\\\/\\\/ceiep-program.com\\\/fr\\\/qui-sommes-nous\\\/\",\"url\":\"https:\\\/\\\/ceiep-program.com\\\/fr\\\/qui-sommes-nous\\\/\",\"name\":\"Qui sommes-nous - CEIEP - Programme \u00c9ducationnel Canadienne de l\u2019industrie des Ascenseurs\",\"isPartOf\":{\"@id\":\"https:\\\/\\\/ceiep-program.com\\\/fr\\\/#website\"},\"primaryImageOfPage\":{\"@id\":\"https:\\\/\\\/ceiep-program.com\\\/fr\\\/qui-sommes-nous\\\/#primaryimage\"},\"image\":{\"@id\":\"https:\\\/\\\/ceiep-program.com\\\/fr\\\/qui-sommes-nous\\\/#primaryimage\"},\"thumbnailUrl\":\"https:\\\/\\\/ceiep-program.com\\\/fr\\\/wp-content\\\/uploads\\\/sites\\\/2\\\/2022\\\/09\\\/home-masthead-1200x800.jpeg\",\"datePublished\":\"2022-11-17T19:54:27+00:00\",\"dateModified\":\"2026-03-29T12:37:58+00:00\",\"breadcrumb\":{\"@id\":\"https:\\\/\\\/ceiep-program.com\\\/fr\\\/qui-sommes-nous\\\/#breadcrumb\"},\"inLanguage\":\"fr-CA\",\"potentialAction\":[{\"@type\":\"ReadAction\",\"target\":[\"https:\\\/\\\/ceiep-program.com\\\/fr\\\/qui-sommes-nous\\\/\"]}]},{\"@type\":\"ImageObject\",\"inLanguage\":\"fr-CA\",\"@id\":\"https:\\\/\\\/ceiep-program.com\\\/fr\\\/qui-sommes-nous\\\/#primaryimage\",\"url\":\"https:\\\/\\\/ceiep-program.com\\\/fr\\\/wp-content\\\/uploads\\\/sites\\\/2\\\/2022\\\/09\\\/home-masthead-1200x800.jpeg\",\"contentUrl\":\"https:\\\/\\\/ceiep-program.com\\\/fr\\\/wp-content\\\/uploads\\\/sites\\\/2\\\/2022\\\/09\\\/home-masthead-1200x800.jpeg\"},{\"@type\":\"BreadcrumbList\",\"@id\":\"https:\\\/\\\/ceiep-program.com\\\/fr\\\/qui-sommes-nous\\\/#breadcrumb\",\"itemListElement\":[{\"@type\":\"ListItem\",\"position\":1,\"name\":\"Home\",\"item\":\"https:\\\/\\\/ceiep-program.com\\\/fr\\\/\"},{\"@type\":\"ListItem\",\"position\":2,\"name\":\"Qui sommes-nous\"}]},{\"@type\":\"WebSite\",\"@id\":\"https:\\\/\\\/ceiep-program.com\\\/fr\\\/#website\",\"url\":\"https:\\\/\\\/ceiep-program.com\\\/fr\\\/\",\"name\":\"CEIEP - Programme \u00c9ducationnel Canadienne de l\u2019industrie des Ascenseurs\",\"description\":\"Just another CEIEP Sites site\",\"publisher\":{\"@id\":\"https:\\\/\\\/ceiep-program.com\\\/fr\\\/#organization\"},\"potentialAction\":[{\"@type\":\"SearchAction\",\"target\":{\"@type\":\"EntryPoint\",\"urlTemplate\":\"https:\\\/\\\/ceiep-program.com\\\/fr\\\/?s={search_term_string}\"},\"query-input\":{\"@type\":\"PropertyValueSpecification\",\"valueRequired\":true,\"valueName\":\"search_term_string\"}}],\"inLanguage\":\"fr-CA\"},{\"@type\":\"Organization\",\"@id\":\"https:\\\/\\\/ceiep-program.com\\\/fr\\\/#organization\",\"name\":\"CEIEP - Programme \u00c9ducationnel Canadienne de l\u2019industrie des Ascenseurs\",\"url\":\"https:\\\/\\\/ceiep-program.com\\\/fr\\\/\",\"logo\":{\"@type\":\"ImageObject\",\"inLanguage\":\"fr-CA\",\"@id\":\"https:\\\/\\\/ceiep-program.com\\\/fr\\\/#\\\/schema\\\/logo\\\/image\\\/\",\"url\":\"https:\\\/\\\/ceiep-program.com\\\/fr\\\/wp-content\\\/uploads\\\/sites\\\/2\\\/2023\\\/02\\\/Allegra-Cover-Logo.png\",\"contentUrl\":\"https:\\\/\\\/ceiep-program.com\\\/fr\\\/wp-content\\\/uploads\\\/sites\\\/2\\\/2023\\\/02\\\/Allegra-Cover-Logo.png\",\"width\":267,\"height\":266,\"caption\":\"CEIEP - Programme \u00c9ducationnel Canadienne de l\u2019industrie des Ascenseurs\"},\"image\":{\"@id\":\"https:\\\/\\\/ceiep-program.com\\\/fr\\\/#\\\/schema\\\/logo\\\/image\\\/\"},\"sameAs\":[\"https:\\\/\\\/www.facebook.com\\\/Ceiepprogram\\\/\",\"https:\\\/\\\/x.com\\\/CEIEPprogram\",\"https:\\\/\\\/www.instagram.com\\\/ceiepprogram\\\/\"]}]}<\/script>\n<!-- \/ Yoast SEO plugin. -->","yoast_head_json":{"title":"Qui sommes-nous - CEIEP - Programme \u00c9ducationnel Canadienne de l\u2019industrie des Ascenseurs","robots":{"index":"index","follow":"follow","max-snippet":"max-snippet:-1","max-image-preview":"max-image-preview:large","max-video-preview":"max-video-preview:-1"},"canonical":"https:\/\/ceiep-program.com\/fr\/qui-sommes-nous\/","og_locale":"fr_CA","og_type":"article","og_title":"Qui sommes-nous - CEIEP - Programme \u00c9ducationnel Canadienne de l\u2019industrie des Ascenseurs","og_description":"Le Programme \u00c9ducationnel de l\u2019Industrie Canadienne des Ascenseurs offre une formation en apprentissage aux employ\u00e9s couverts par les conventions collectives provinciales n\u00e9goci\u00e9es entre l\u2019Union Internationale des Constructeurs d\u2019Ascenseurs (UICA) et leurs employeurs signataires. Le CEIEP a \u00e9t\u00e9 cr\u00e9\u00e9 en 1967 pour offrir un programme de formation visant \u00e0 former les m\u00e9caniciens ou m\u00e9caniciennes et les [&hellip;]","og_url":"https:\/\/ceiep-program.com\/fr\/qui-sommes-nous\/","og_site_name":"CEIEP - Programme \u00c9ducationnel Canadienne de l\u2019industrie des Ascenseurs","article_publisher":"https:\/\/www.facebook.com\/Ceiepprogram\/","article_modified_time":"2026-03-29T12:37:58+00:00","og_image":[{"width":1920,"height":1280,"url":"https:\/\/ceiep-program.com\/fr\/wp-content\/uploads\/sites\/2\/2022\/09\/home-masthead.jpeg","type":"image\/jpeg"}],"twitter_card":"summary_large_image","twitter_site":"@CEIEPprogram","twitter_misc":{"Estimation du temps de lecture":"2 minutes"},"schema":{"@context":"https:\/\/schema.org","@graph":[{"@type":"WebPage","@id":"https:\/\/ceiep-program.com\/fr\/qui-sommes-nous\/","url":"https:\/\/ceiep-program.com\/fr\/qui-sommes-nous\/","name":"Qui sommes-nous - CEIEP - Programme \u00c9ducationnel Canadienne de l\u2019industrie des Ascenseurs","isPartOf":{"@id":"https:\/\/ceiep-program.com\/fr\/#website"},"primaryImageOfPage":{"@id":"https:\/\/ceiep-program.com\/fr\/qui-sommes-nous\/#primaryimage"},"image":{"@id":"https:\/\/ceiep-program.com\/fr\/qui-sommes-nous\/#primaryimage"},"thumbnailUrl":"https:\/\/ceiep-program.com\/fr\/wp-content\/uploads\/sites\/2\/2022\/09\/home-masthead-1200x800.jpeg","datePublished":"2022-11-17T19:54:27+00:00","dateModified":"2026-03-29T12:37:58+00:00","breadcrumb":{"@id":"https:\/\/ceiep-program.com\/fr\/qui-sommes-nous\/#breadcrumb"},"inLanguage":"fr-CA","potentialAction":[{"@type":"ReadAction","target":["https:\/\/ceiep-program.com\/fr\/qui-sommes-nous\/"]}]},{"@type":"ImageObject","inLanguage":"fr-CA","@id":"https:\/\/ceiep-program.com\/fr\/qui-sommes-nous\/#primaryimage","url":"https:\/\/ceiep-program.com\/fr\/wp-content\/uploads\/sites\/2\/2022\/09\/home-masthead-1200x800.jpeg","contentUrl":"https:\/\/ceiep-program.com\/fr\/wp-content\/uploads\/sites\/2\/2022\/09\/home-masthead-1200x800.jpeg"},{"@type":"BreadcrumbList","@id":"https:\/\/ceiep-program.com\/fr\/qui-sommes-nous\/#breadcrumb","itemListElement":[{"@type":"ListItem","position":1,"name":"Home","item":"https:\/\/ceiep-program.com\/fr\/"},{"@type":"ListItem","position":2,"name":"Qui sommes-nous"}]},{"@type":"WebSite","@id":"https:\/\/ceiep-program.com\/fr\/#website","url":"https:\/\/ceiep-program.com\/fr\/","name":"CEIEP - Programme \u00c9ducationnel Canadienne de l\u2019industrie des Ascenseurs","description":"Just another CEIEP Sites site","publisher":{"@id":"https:\/\/ceiep-program.com\/fr\/#organization"},"potentialAction":[{"@type":"SearchAction","target":{"@type":"EntryPoint","urlTemplate":"https:\/\/ceiep-program.com\/fr\/?s={search_term_string}"},"query-input":{"@type":"PropertyValueSpecification","valueRequired":true,"valueName":"search_term_string"}}],"inLanguage":"fr-CA"},{"@type":"Organization","@id":"https:\/\/ceiep-program.com\/fr\/#organization","name":"CEIEP - Programme \u00c9ducationnel Canadienne de l\u2019industrie des Ascenseurs","url":"https:\/\/ceiep-program.com\/fr\/","logo":{"@type":"ImageObject","inLanguage":"fr-CA","@id":"https:\/\/ceiep-program.com\/fr\/#\/schema\/logo\/image\/","url":"https:\/\/ceiep-program.com\/fr\/wp-content\/uploads\/sites\/2\/2023\/02\/Allegra-Cover-Logo.png","contentUrl":"https:\/\/ceiep-program.com\/fr\/wp-content\/uploads\/sites\/2\/2023\/02\/Allegra-Cover-Logo.png","width":267,"height":266,"caption":"CEIEP - Programme \u00c9ducationnel Canadienne de l\u2019industrie des Ascenseurs"},"image":{"@id":"https:\/\/ceiep-program.com\/fr\/#\/schema\/logo\/image\/"},"sameAs":["https:\/\/www.facebook.com\/Ceiepprogram\/","https:\/\/x.com\/CEIEPprogram","https:\/\/www.instagram.com\/ceiepprogram\/"]}]}},"_links":{"self":[{"href":"https:\/\/ceiep-program.com\/fr\/wp-json\/wp\/v2\/pages\/100","targetHints":{"allow":["GET"]}}],"collection":[{"href":"https:\/\/ceiep-program.com\/fr\/wp-json\/wp\/v2\/pages"}],"about":[{"href":"https:\/\/ceiep-program.com\/fr\/wp-json\/wp\/v2\/types\/page"}],"author":[{"embeddable":true,"href":"https:\/\/ceiep-program.com\/fr\/wp-json\/wp\/v2\/users\/3"}],"replies":[{"embeddable":true,"href":"https:\/\/ceiep-program.com\/fr\/wp-json\/wp\/v2\/comments?post=100"}],"version-history":[{"count":17,"href":"https:\/\/ceiep-program.com\/fr\/wp-json\/wp\/v2\/pages\/100\/revisions"}],"predecessor-version":[{"id":592,"href":"https:\/\/ceiep-program.com\/fr\/wp-json\/wp\/v2\/pages\/100\/revisions\/592"}],"wp:attachment":[{"href":"https:\/\/ceiep-program.com\/fr\/wp-json\/wp\/v2\/media?parent=100"}],"curies":[{"name":"wp","href":"https:\/\/api.w.org\/{rel}","templated":true}]}}